{"id":25726,"date":"2021-01-06T11:35:00","date_gmt":"2021-01-06T16:35:00","guid":{"rendered":"https:\/\/voxy.com\/?page_id=25726"},"modified":"2022-09-28T15:38:46","modified_gmt":"2022-09-28T19:38:46","slug":"channel-partners","status":"publish","type":"page","link":"https:\/\/voxy.com\/pt-br\/solucoes\/parceiros\/","title":{"rendered":"Para parceiros"},"content":{"rendered":"\n\t<section class=\"section\" id=\"section_219595730\">\n\t\t<div class=\"section-bg fill\" >\n\t\t\t<img fetchpriority=\"high\" decoding=\"async\" width=\"1920\" height=\"750\" src=\"https:\/\/voxy.com\/wp-content\/uploads\/2020\/12\/bg-channel-partners.png\" class=\"bg attachment- size-\" alt=\"Become A Voxy Channel Partner\" \/>\t\t\t\t\t\t\n\t\t\t\n\n\t\t<\/div>\n\n\t\t\n\n\t\t<div class=\"section-content relative\">\n\t\t\t\n<div class=\"row\"  id=\"row-1578374354\">\n\n\t<div id=\"col-1460503699\" class=\"col small-12 large-12\"  >\n\t\t\t\t<div class=\"col-inner\"  >\n\t\t\t\n\t\t\t\n<div class=\"row row-collapse\"  id=\"row-128418707\">\n\n\t<div id=\"col-45276942\" class=\"col hide-for-medium medium-6 small-12 large-6\"  >\n\t\t\t\t<div class=\"col-inner\"  >\n\t\t\t\n\t\t\t\n<h1 class=\"title-with-bar-inverted set-dark-blue\" style=\"line-height: 60px; text-align: left; margin-bottom: 10px; font-size: 3rem; padding-left: 1.2rem; max-width: 230px;\">Seja Um<\/h1>\n<h1 class=\"title-with-bar-inverted set-dark-blue\" style=\"line-height: 60px; text-align: left; margin-bottom: 10px; font-size: 3rem; padding-left: 1.2rem; max-width: 430px;\">Parceiro Da Voxy<\/h1>\n<p class=\"slab-light\" style=\"line-height: 32px; font-size: 1.2rem; margin-bottom: 2rem; margin-top: 1rem;\">A Voxy \u00e9 uma solu\u00e7\u00e3o digital de ensino de ingl\u00eas vencedora de v\u00e1rios pr\u00eamios e desenhada para atender as necessidades \u00fanicas de nossos clientes, sendo usada por algumas das maiores empresas globais e in\u00fameras institui\u00e7\u00f5es de ensino e entidades governamentais. O mercado global para treinamento organizacional de ingl\u00eas \u00e9 estimado em $46 bilh\u00f5es, e n\u00f3s j\u00e1 temos o produto e as ferramentas certas &#8211; s\u00f3 precisamos dos parceiros certos para conquistar uma fatia ainda maior desse mercado!<\/p>\n\t\t<\/div>\n\t\t\t\t\t<\/div>\n\n\t\n\n\t<div id=\"col-597716011\" class=\"col show-for-medium medium-6 small-12 large-6\"  >\n\t\t\t\t<div class=\"col-inner\"  >\n\t\t\t\n\t\t\t\n<h2 class=\"set-dark-blue\" style=\"line-height: 60px; text-align: left; margin-bottom: 10px; font-size: 2.5rem; margin-top: -100px;\">Seja Um Parceiro Da Voxy<\/h2>\n<p class=\"slab-light\" style=\"line-height: 32px; font-size: 1.2rem; margin-bottom: 2rem; margin-top: 1rem;\">A Voxy \u00e9 uma solu\u00e7\u00e3o digital de ensino de ingl\u00eas vencedora de v\u00e1rios pr\u00eamios e desenhada para atender as necessidades \u00fanicas de nossos clientes, sendo usada por algumas das maiores empresas globais e in\u00fameras institui\u00e7\u00f5es de ensino e entidades governamentais. O mercado global para treinamento organizacional de ingl\u00eas \u00e9 estimado em $46 bilh\u00f5es, e n\u00f3s j\u00e1 temos o produto e as ferramentas certas &#8211; s\u00f3 precisamos dos parceiros certos para conquistar uma fatia ainda maior desse mercado!<\/p>\n\t\t<\/div>\n\t\t\t\t\t<\/div>\n\n\t\n\n\t<div id=\"col-1957379263\" class=\"col has-custom-form medium-6 small-12 large-6\"  >\n\t\t\t\t<div class=\"col-inner\"  >\n\t\t\t\n\t\t\t\n<h2 class=\"set-dark-blue\" style=\"text-transform: uppercase; text-align: left; font-size: 2.2rem;\">descubra ainda mais<\/h2>\n<p class=\"slab\" style=\"font-size: 1.2rem; text-align: left;\">Solicite uma reuni\u00e3o.<\/p>\n<p><script src=\"\/\/app-sj07.marketo.com\/js\/forms2\/js\/forms2.min.js\"><\/script><\/p>\n<div id=\"form-container\" style=\"float: left;\">\n<form id=\"mktoForm_1805\" class=\"form-custom-color\"><\/form>\n<p><script>MktoForms2.loadForm(\"\/\/app-sj07.marketo.com\", \"398-IBA-570\", 1805);<\/script><\/p>\n<\/div>\n<p><!-- END CONTAINER --><\/p>\n<div id=\"confirmformtablet\" style=\"color: #fff; letter-spacing: 1.6px !important; font-size: 20px; text-align: left; margin-left: 4px; line-height: 26px; display: none;\">\n<p>Obrigado. Nosso Especialista em Solu\u00e7\u00f5es entrar\u00e1 em contato com voc\u00ea em breve.<\/p>\n<\/div>\n\t\t<\/div>\n\t\t\t\t\n<style>\n#col-1957379263 > .col-inner {\n  padding: 0px 0px 0px 60px;\n}\n<\/style>\n\t<\/div>\n\n\t\n<\/div>\n\t\t<\/div>\n\t\t\t\t\n<style>\n#col-1460503699 > .col-inner {\n  margin: 190px 0px 40px 0px;\n}\n<\/style>\n\t<\/div>\n\n\t\n<\/div>\n\t\t<\/div>\n\n\t\t\n<style>\n#section_219595730 {\n  padding-top: 30px;\n  padding-bottom: 30px;\n}\n<\/style>\n\t<\/section>\n\t\n\n\t<section class=\"section\" id=\"section_511341470\">\n\t\t<div class=\"section-bg fill\" >\n\t\t\t\t\t\t\t\t\t\n\t\t\t\n\n\t\t<\/div>\n\n\t\t\n\n\t\t<div class=\"section-content relative\">\n\t\t\t\n<div class=\"row\"  id=\"row-2136168815\">\n\n\t<div id=\"col-850785372\" class=\"col small-12 large-12\"  >\n\t\t\t\t<div class=\"col-inner\"  >\n\t\t\t\n\t\t\t\n<p class=\"set-dark-blue\" style=\"text-align: center; font-size: 1.5rem; margin-bottom: 3rem;\"><strong>A Voxy se tornou l\u00edder no mercado de treinamento de ingl\u00eas acumulando experi\u00eancia com:<\/strong><\/p>\n<div class=\"row\"  id=\"row-1345613837\">\n\n\t<div id=\"col-475150394\" class=\"col medium-3 small-6 large-3\"  >\n\t\t\t\t<div class=\"col-inner\"  >\n\t\t\t\n\t\t\t\n<p style=\"text-align: center; font-size: 1.2rem; margin: 0;\"><strong class=\"set-blue\" style=\"font-size: 2.2rem;\">4,000,000+<\/strong><br \/>\nalunos<\/p>\n\t\t<\/div>\n\t\t\t\t\n<style>\n#col-475150394 > .col-inner {\n  padding: 0px 0px 0 0px;\n  margin: 0px 0px 0 0px;\n}\n<\/style>\n\t<\/div>\n\n\t\n\n\t<div id=\"col-1979853859\" class=\"col medium-3 small-6 large-3\"  >\n\t\t\t\t<div class=\"col-inner\"  >\n\t\t\t\n\t\t\t\n<p style=\"text-align: center; font-size: 1.2rem; margin: 0;\"><strong class=\"set-dark-blue\" style=\"font-size: 2.2rem;\">500+<\/strong><br \/>\nclientes<\/p>\n\t\t<\/div>\n\t\t\t\t\n<style>\n#col-1979853859 > .col-inner {\n  padding: 0 0px 0px 0px;\n}\n<\/style>\n\t<\/div>\n\n\t\n\n\t<div id=\"col-796998134\" class=\"col medium-3 small-6 large-3\"  >\n\t\t\t\t<div class=\"col-inner\"  >\n\t\t\t\n\t\t\t\n<p style=\"text-align: center; font-size: 1.2rem; margin: 0;\"><strong class=\"set-blue\" style=\"font-size: 2.2rem;\">150+<\/strong><br \/>\npa\u00edses<\/p>\n\t\t<\/div>\n\t\t\t\t\n<style>\n#col-796998134 > .col-inner {\n  padding: 0 0px 0px 0px;\n}\n<\/style>\n\t<\/div>\n\n\t\n\n\t<div id=\"col-573270854\" class=\"col medium-3 small-6 large-3\"  >\n\t\t\t\t<div class=\"col-inner\"  >\n\t\t\t\n\t\t\t\n<p style=\"text-align: center; font-size: 1.2rem; margin: 0;\"><strong class=\"set-dark-blue\" style=\"font-size: 2.2rem;\">60+<\/strong><br \/>\nparceiros<\/p>\n\t\t<\/div>\n\t\t\t\t\n<style>\n#col-573270854 > .col-inner {\n  padding: 0 0px 0px 0px;\n}\n<\/style>\n\t<\/div>\n\n\t\n\n<style>\n#row-1345613837 > .col > .col-inner {\n  padding: 40px 0px 15px 0px;\n}\n<\/style>\n<\/div>\n\t\t<\/div>\n\t\t\t\t\n<style>\n#col-850785372 > .col-inner {\n  margin: 30px 0px 0px 0px;\n}\n<\/style>\n\t<\/div>\n\n\t\n<\/div>\n\t\t<\/div>\n\n\t\t\n<style>\n#section_511341470 {\n  padding-top: 30px;\n  padding-bottom: 30px;\n}\n<\/style>\n\t<\/section>\n\t\n\n\t<section class=\"section\" id=\"section_513988468\">\n\t\t<div class=\"section-bg fill\" >\n\t\t\t\t\t\t\t\t\t\n\t\t\t\n\n\t\t<\/div>\n\n\t\t\n\n\t\t<div class=\"section-content relative\">\n\t\t\t\n<div class=\"row align-middle align-center\"  id=\"row-322506984\">\n\n\t<div id=\"col-854053795\" class=\"col small-12 large-12\"  >\n\t\t\t\t<div class=\"col-inner text-center\"  >\n\t\t\t\n\t\t\t\n<h2 class=\"ready-title set-dark-blue\" style=\"text-align: center;\">Benef\u00edcios<\/h2>\n<p class=\"slab-medium\" style=\"text-align: center; margin: 2rem 0;\"><strong>Por que ter uma parceria com a Voxy?<\/strong><\/p>\n<p class=\"slab-light\" style=\"text-align: center; line-height: 2rem;\"><span style=\"font-weight: 400;\">Nosso objetivo \u00e9 ajudar a crescer o seu neg\u00f3cio oferecendo nosso programa online inovador de ingl\u00eas. Nosso programa de Channel Partners foi criado exatamente para isso. Com treinamento e suporte altamente personalizados, voc\u00ea ter\u00e1 tudo o que precisa para integrar a Voxy ao seu portf\u00f3lio de servi\u00e7os e rapidamente construir novas fontes de receita, tudo enquanto ajuda a derrubar as barreiras de idioma no mundo &#8211; nada mau, certo<\/span>?<\/p>\n<a class=\"button secondary buttonScroll\"  >\n\t\t<span>Solicitar uma Reuni\u00e3o<\/span>\n\t<\/a>\n\n\t\t<\/div>\n\t\t\t\t\n<style>\n#col-854053795 > .col-inner {\n  padding: 50px 30px 0px 30px;\n}\n<\/style>\n\t<\/div>\n\n\t\n<\/div>\n\t\t<\/div>\n\n\t\t\n<style>\n#section_513988468 {\n  padding-top: 30px;\n  padding-bottom: 30px;\n  background-color: rgb(212, 243, 253);\n}\n<\/style>\n\t<\/section>\n\t\n\n\t<section class=\"section\" id=\"section_1887171534\">\n\t\t<div class=\"section-bg fill\" >\n\t\t\t\t\t\t\t\t\t\n\t\t\t\n\n\t\t<\/div>\n\n\t\t\n\n\t\t<div class=\"section-content relative\">\n\t\t\t\n<div class=\"row align-middle\"  id=\"row-711108750\">\n\n\t<div id=\"col-1565825236\" class=\"col medium-7 small-12 large-7\"  >\n\t\t\t\t<div class=\"col-inner\"  >\n\t\t\t\n\t\t\t\n<h2 class=\"ready-title\" style=\"text-align: left; text-transform: uppercase;\">Treinamento e<br \/>\nCertifica\u00e7\u00e3o<\/h2>\n<p class=\"slab-light set-white\" style=\"margin: 2rem 0px; text-align: left; line-height: 2rem;\">Todos os parceiros da Voxy passam por um <strong>processo de treinamento e onboarding abrangente<\/strong>, garantindo que ser\u00e3o capazes de lan\u00e7ar a Voxy em seus mercados e apoiar seus clientes com sucesso.<br \/>\n\u25cf Programas de certifica\u00e7\u00e3o em vendas, marketing, produto e customer success.<br \/>\n\u25cf Mapeamento de contas e planejamento de neg\u00f3cios.<br \/>\n\u25cf Acesso \u00e0 ferramentas e plataformas.<\/p>\n<a class=\"button primary buttonScroll\"  >\n\t\t<span>Solicitar uma Reuni\u00e3o<\/span>\n\t<\/a>\n\n\t\t<\/div>\n\t\t\t\t\t<\/div>\n\n\t\n\n\t<div id=\"col-163731500\" class=\"col medium-5 small-12 large-5\"  >\n\t\t\t\t<div class=\"col-inner text-center\"  >\n\t\t\t\n\t\t\t\n\t<div class=\"img has-hover x md-x lg-x y md-y lg-y\" id=\"image_1715856424\">\n\t\t\t\t\t\t\t\t<div class=\"img-inner dark\" >\n\t\t\t<img decoding=\"async\" width=\"381\" height=\"381\" src=\"https:\/\/voxy.com\/wp-content\/uploads\/2020\/12\/training-and-certification.png\" class=\"attachment-large size-large\" alt=\"\" srcset=\"https:\/\/voxy.com\/wp-content\/uploads\/2020\/12\/training-and-certification.png 381w, https:\/\/voxy.com\/wp-content\/uploads\/2020\/12\/training-and-certification-300x300.png 300w, https:\/\/voxy.com\/wp-content\/uploads\/2020\/12\/training-and-certification-150x150.png 150w\" sizes=\"(max-width: 381px) 100vw, 381px\" \/>\t\t\t\t\t\t\n\t\t\t\t\t<\/div>\n\t\t\t\t\t\t\t\t\n<style>\n#image_1715856424 {\n  width: 90%;\n}\n<\/style>\n\t<\/div>\n\t\n\t\t<\/div>\n\t\t\t\t\t<\/div>\n\n\t\n\n<style>\n#row-711108750 > .col > .col-inner {\n  padding: 30px 0px 30px 0px;\n}\n<\/style>\n<\/div>\n\t\t<\/div>\n\n\t\t\n<style>\n#section_1887171534 {\n  padding-top: 30px;\n  padding-bottom: 30px;\n  background-color: #302D68;\n}\n<\/style>\n\t<\/section>\n\t\n\n\t<section class=\"section\" id=\"section_1750475677\">\n\t\t<div class=\"section-bg fill\" >\n\t\t\t\t\t\t\t\t\t\n\t\t\t\n\n\t\t<\/div>\n\n\t\t\n\n\t\t<div class=\"section-content relative\">\n\t\t\t\n<div class=\"row align-middle\"  id=\"row-937180247\">\n\n\t<div id=\"col-1622513259\" class=\"col medium-5 small-12 large-5\"  >\n\t\t\t\t<div class=\"col-inner text-center\"  >\n\t\t\t\n\t\t\t\n\t<div class=\"img has-hover x md-x lg-x y md-y lg-y\" id=\"image_1107593822\">\n\t\t\t\t\t\t\t\t<div class=\"img-inner dark\" >\n\t\t\t<img decoding=\"async\" width=\"381\" height=\"381\" src=\"https:\/\/voxy.com\/wp-content\/uploads\/2020\/12\/360-support.png\" class=\"attachment-large size-large\" alt=\"\" srcset=\"https:\/\/voxy.com\/wp-content\/uploads\/2020\/12\/360-support.png 381w, https:\/\/voxy.com\/wp-content\/uploads\/2020\/12\/360-support-300x300.png 300w, https:\/\/voxy.com\/wp-content\/uploads\/2020\/12\/360-support-150x150.png 150w\" sizes=\"(max-width: 381px) 100vw, 381px\" \/>\t\t\t\t\t\t\n\t\t\t\t\t<\/div>\n\t\t\t\t\t\t\t\t\n<style>\n#image_1107593822 {\n  width: 90%;\n}\n<\/style>\n\t<\/div>\n\t\n\t\t<\/div>\n\t\t\t\t\t<\/div>\n\n\t\n\n\t<div id=\"col-1952938430\" class=\"col medium-7 small-12 large-7\"  >\n\t\t\t\t<div class=\"col-inner\"  >\n\t\t\t\n\t\t\t\n<h2 class=\"ready-title set-dark-blue\" style=\"text-align: left; text-transform: uppercase;\">Suporte<br \/>\n360<\/h2>\n<p class=\"slab-light\" style=\"margin: 2rem 0px; text-align: left; line-height: 2rem;\">Para garantir o sucesso de nossos parceiros, nos esfor\u00e7amos para <strong>entender seus neg\u00f3cios<\/strong> e processo de vendas para oferecer solu\u00e7\u00f5es que gerem valor e receita adicionais.<br \/>\n\u25cf Gerente dedicado<br \/>\n\u25cf Iniciativas de co-branded marketing, incluindo: campanhas desenvolvidas em conjunto, webinars, patroc\u00ednios, publica\u00e7\u00f5es e mais<br \/>\n\u25cf Habilita\u00e7\u00e3o e treinamento constante de vendas<\/p>\n<a class=\"button secondary buttonScroll\"  >\n\t\t<span>Solicitar uma Reuni\u00e3o<\/span>\n\t<\/a>\n\n\t\t<\/div>\n\t\t\t\t\t<\/div>\n\n\t\n\n<style>\n#row-937180247 > .col > .col-inner {\n  padding: 30px 0px 30px 0px;\n}\n<\/style>\n<\/div>\n\t\t<\/div>\n\n\t\t\n<style>\n#section_1750475677 {\n  padding-top: 30px;\n  padding-bottom: 30px;\n  background-color: rgb(228, 246, 246);\n}\n<\/style>\n\t<\/section>\n\t\n\n\t<section class=\"section\" id=\"section_85638811\">\n\t\t<div class=\"section-bg fill\" >\n\t\t\t\t\t\t\t\t\t\n\t\t\t\n\n\t\t<\/div>\n\n\t\t\n\n\t\t<div class=\"section-content relative\">\n\t\t\t\n<div class=\"row align-middle\"  id=\"row-1815497717\">\n\n\t<div id=\"col-994433911\" class=\"col medium-7 small-12 large-7\"  >\n\t\t\t\t<div class=\"col-inner\"  >\n\t\t\t\n\t\t\t\n<h2 class=\"ready-title\" style=\"text-align: left; text-transform: uppercase;\">Comunidade<br \/>\nGlobal<\/h2>\n<p class=\"slab-light set-white\" style=\"margin: 2rem 0px; text-align: left; line-height: 2rem;\">Fa\u00e7a parte de uma comunidade global de organiza\u00e7\u00f5es com anos de experi\u00eancia na venda de solu\u00e7\u00f5es de idiomas em seus mercados.<br \/>\n\u25cf Kickoff anual de vendas<br \/>\n\u25cf Conselho de consultores de Channel Partners da Voxy<br \/>\n\u25cf Compartilhamento de melhores pr\u00e1ticas<\/p>\n<a class=\"button primary buttonScroll\"  >\n\t\t<span>Solicitar uma Reuni\u00e3o<\/span>\n\t<\/a>\n\n\t\t<\/div>\n\t\t\t\t\t<\/div>\n\n\t\n\n\t<div id=\"col-312921916\" class=\"col medium-5 small-12 large-5\"  >\n\t\t\t\t<div class=\"col-inner text-center\"  >\n\t\t\t\n\t\t\t\n\t<div class=\"img has-hover x md-x lg-x y md-y lg-y\" id=\"image_902320586\">\n\t\t\t\t\t\t\t\t<div class=\"img-inner dark\" >\n\t\t\t<img loading=\"lazy\" decoding=\"async\" width=\"381\" height=\"381\" src=\"https:\/\/voxy.com\/wp-content\/uploads\/2020\/12\/global-community.png\" class=\"attachment-large size-large\" alt=\"\" srcset=\"https:\/\/voxy.com\/wp-content\/uploads\/2020\/12\/global-community.png 381w, https:\/\/voxy.com\/wp-content\/uploads\/2020\/12\/global-community-300x300.png 300w, https:\/\/voxy.com\/wp-content\/uploads\/2020\/12\/global-community-150x150.png 150w\" sizes=\"(max-width: 381px) 100vw, 381px\" \/>\t\t\t\t\t\t\n\t\t\t\t\t<\/div>\n\t\t\t\t\t\t\t\t\n<style>\n#image_902320586 {\n  width: 90%;\n}\n<\/style>\n\t<\/div>\n\t\n\t\t<\/div>\n\t\t\t\t\t<\/div>\n\n\t\n\n<style>\n#row-1815497717 > .col > .col-inner {\n  padding: 30px 0px 30px 0px;\n}\n<\/style>\n<\/div>\n\t\t<\/div>\n\n\t\t\n<style>\n#section_85638811 {\n  padding-top: 30px;\n  padding-bottom: 30px;\n  background-color: #302D68;\n}\n<\/style>\n\t<\/section>\n\t\n\n\t<section class=\"section\" id=\"section_594777725\">\n\t\t<div class=\"section-bg fill\" >\n\t\t\t\t\t\t\t\t\t\n\t\t\t\n\n\t\t<\/div>\n\n\t\t\n\n\t\t<div class=\"section-content relative\">\n\t\t\t\n<div class=\"row align-middle align-center\"  id=\"row-309251418\">\n\n\t<div id=\"col-1831954988\" class=\"col small-12 large-12\"  >\n\t\t\t\t<div class=\"col-inner text-center\"  >\n\t\t\t\n\t\t\t\n<h2 class=\"ready-title set-dark-blue\" style=\"text-align: center;\">Seja um Parceiro da Voxy<\/h2>\n<p class=\"slab\" style=\"text-align: center; margin: 2rem 0; font-size: 1.2rem;\">Seja voc\u00ea uma escola de idiomas, um fornecedor de solu\u00e7\u00f5es digitais ou outro tipo de distribuidor, nosso programa de Channel Partners oferece incentivos competitivos e benef\u00edcios para ajudar voc\u00ea a descobrir novas oportunidades de neg\u00f3cio e maximizar o crescimento da receita. O que voc\u00ea est\u00e1 esperando?<\/p>\n<a href=\"\/demo\" class=\"button secondary buttonScroll\"  >\n\t\t<span>Solicitar uma Reuni\u00e3o<\/span>\n\t<\/a>\n\n\t\t<\/div>\n\t\t\t\t\n<style>\n#col-1831954988 > .col-inner {\n  padding: 50px 0px 50px 0px;\n}\n<\/style>\n\t<\/div>\n\n\t\n<\/div>\n\t\t<\/div>\n\n\t\t\n<style>\n#section_594777725 {\n  padding-top: 30px;\n  padding-bottom: 30px;\n  background-color: rgb(212, 243, 253);\n}\n<\/style>\n\t<\/section>\n\t\n","protected":false},"excerpt":{"rendered":"","protected":false},"author":56,"featured_media":26051,"parent":0,"menu_order":0,"comment_status":"closed","ping_status":"closed","template":"page-transparent-header-light.php","meta":{"footnotes":""},"class_list":["post-25726","page","type-page","status-publish","has-post-thumbnail","hentry"],"yoast_head":"<!-- This site is optimized with the Yoast SEO plugin v26.7 - https:\/\/yoast.com\/wordpress\/plugins\/seo\/ -->\n<title>Para parceiros - Voxy<\/title>\n<meta name=\"description\" content=\"A Voxy \u00e9 uma solu\u00e7\u00e3o digital premiada para aprendizado de ingl\u00eas usada no mundo inteiro, de empresas a institui\u00e7\u00f5es de ensino. Venha fazer parte deste mercado incr\u00edvel!\" \/>\n<meta name=\"robots\" content=\"index, follow, max-snippet:-1, max-image-preview:large, max-video-preview:-1\" \/>\n<link rel=\"canonical\" href=\"https:\/\/voxy.com\/pt-br\/solucoes\/parceiros\/\" \/>\n<meta property=\"og:locale\" content=\"pt_BR\" \/>\n<meta property=\"og:type\" content=\"article\" \/>\n<meta property=\"og:title\" content=\"Para parceiros - Voxy\" \/>\n<meta property=\"og:description\" content=\"A Voxy \u00e9 uma solu\u00e7\u00e3o digital premiada para aprendizado de ingl\u00eas usada no mundo inteiro, de empresas a institui\u00e7\u00f5es de ensino. Venha fazer parte deste mercado incr\u00edvel!\" \/>\n<meta property=\"og:url\" content=\"https:\/\/voxy.com\/pt-br\/solucoes\/parceiros\/\" \/>\n<meta property=\"og:site_name\" content=\"Voxy\" \/>\n<meta property=\"article:publisher\" content=\"https:\/\/www.facebook.com\/goVOXY\/\" \/>\n<meta property=\"article:modified_time\" content=\"2022-09-28T19:38:46+00:00\" \/>\n<meta property=\"og:image\" content=\"https:\/\/voxy.com\/wp-content\/uploads\/2021\/01\/bg-channel-partners.png\" \/>\n\t<meta property=\"og:image:width\" content=\"1920\" \/>\n\t<meta property=\"og:image:height\" content=\"750\" \/>\n\t<meta property=\"og:image:type\" content=\"image\/png\" \/>\n<meta name=\"twitter:card\" content=\"summary_large_image\" \/>\n<meta name=\"twitter:site\" content=\"@Voxy\" \/>\n<meta name=\"twitter:label1\" content=\"Est. tempo de leitura\" \/>\n\t<meta name=\"twitter:data1\" content=\"4 minutos\" \/>\n<script type=\"application\/ld+json\" class=\"yoast-schema-graph\">{\"@context\":\"https:\/\/schema.org\",\"@graph\":[{\"@type\":\"WebPage\",\"@id\":\"https:\/\/voxy.com\/pt-br\/solucoes\/parceiros\/\",\"url\":\"https:\/\/voxy.com\/pt-br\/solucoes\/parceiros\/\",\"name\":\"Para parceiros - Voxy\",\"isPartOf\":{\"@id\":\"https:\/\/voxy.com\/pt-br\/#website\"},\"primaryImageOfPage\":{\"@id\":\"https:\/\/voxy.com\/pt-br\/solucoes\/parceiros\/#primaryimage\"},\"image\":{\"@id\":\"https:\/\/voxy.com\/pt-br\/solucoes\/parceiros\/#primaryimage\"},\"thumbnailUrl\":\"https:\/\/voxy.com\/wp-content\/uploads\/2021\/01\/bg-channel-partners.png\",\"datePublished\":\"2021-01-06T16:35:00+00:00\",\"dateModified\":\"2022-09-28T19:38:46+00:00\",\"description\":\"A Voxy \u00e9 uma solu\u00e7\u00e3o digital premiada para aprendizado de ingl\u00eas usada no mundo inteiro, de empresas a institui\u00e7\u00f5es de ensino. Venha fazer parte deste mercado incr\u00edvel!\",\"breadcrumb\":{\"@id\":\"https:\/\/voxy.com\/pt-br\/solucoes\/parceiros\/#breadcrumb\"},\"inLanguage\":\"pt-BR\",\"potentialAction\":[{\"@type\":\"ReadAction\",\"target\":[\"https:\/\/voxy.com\/pt-br\/solucoes\/parceiros\/\"]}]},{\"@type\":\"ImageObject\",\"inLanguage\":\"pt-BR\",\"@id\":\"https:\/\/voxy.com\/pt-br\/solucoes\/parceiros\/#primaryimage\",\"url\":\"https:\/\/voxy.com\/wp-content\/uploads\/2021\/01\/bg-channel-partners.png\",\"contentUrl\":\"https:\/\/voxy.com\/wp-content\/uploads\/2021\/01\/bg-channel-partners.png\",\"width\":1920,\"height\":750,\"caption\":\"Seja Um Parceiro Da Voxy\"},{\"@type\":\"BreadcrumbList\",\"@id\":\"https:\/\/voxy.com\/pt-br\/solucoes\/parceiros\/#breadcrumb\",\"itemListElement\":[{\"@type\":\"ListItem\",\"position\":1,\"name\":\"Home\",\"item\":\"https:\/\/voxy.com\/\"},{\"@type\":\"ListItem\",\"position\":2,\"name\":\"Para parceiros\"}]},{\"@type\":\"WebSite\",\"@id\":\"https:\/\/voxy.com\/pt-br\/#website\",\"url\":\"https:\/\/voxy.com\/pt-br\/\",\"name\":\"Voxy\",\"description\":\"Changing the way the world learns English\",\"potentialAction\":[{\"@type\":\"SearchAction\",\"target\":{\"@type\":\"EntryPoint\",\"urlTemplate\":\"https:\/\/voxy.com\/pt-br\/?s={search_term_string}\"},\"query-input\":{\"@type\":\"PropertyValueSpecification\",\"valueRequired\":true,\"valueName\":\"search_term_string\"}}],\"inLanguage\":\"pt-BR\"}]}<\/script>\n<!-- \/ Yoast SEO plugin. -->","yoast_head_json":{"title":"Para parceiros - Voxy","description":"A Voxy \u00e9 uma solu\u00e7\u00e3o digital premiada para aprendizado de ingl\u00eas usada no mundo inteiro, de empresas a institui\u00e7\u00f5es de ensino. Venha fazer parte deste mercado incr\u00edvel!","robots":{"index":"index","follow":"follow","max-snippet":"max-snippet:-1","max-image-preview":"max-image-preview:large","max-video-preview":"max-video-preview:-1"},"canonical":"https:\/\/voxy.com\/pt-br\/solucoes\/parceiros\/","og_locale":"pt_BR","og_type":"article","og_title":"Para parceiros - Voxy","og_description":"A Voxy \u00e9 uma solu\u00e7\u00e3o digital premiada para aprendizado de ingl\u00eas usada no mundo inteiro, de empresas a institui\u00e7\u00f5es de ensino. Venha fazer parte deste mercado incr\u00edvel!","og_url":"https:\/\/voxy.com\/pt-br\/solucoes\/parceiros\/","og_site_name":"Voxy","article_publisher":"https:\/\/www.facebook.com\/goVOXY\/","article_modified_time":"2022-09-28T19:38:46+00:00","og_image":[{"width":1920,"height":750,"url":"https:\/\/voxy.com\/wp-content\/uploads\/2021\/01\/bg-channel-partners.png","type":"image\/png"}],"twitter_card":"summary_large_image","twitter_site":"@Voxy","twitter_misc":{"Est. tempo de leitura":"4 minutos"},"schema":{"@context":"https:\/\/schema.org","@graph":[{"@type":"WebPage","@id":"https:\/\/voxy.com\/pt-br\/solucoes\/parceiros\/","url":"https:\/\/voxy.com\/pt-br\/solucoes\/parceiros\/","name":"Para parceiros - Voxy","isPartOf":{"@id":"https:\/\/voxy.com\/pt-br\/#website"},"primaryImageOfPage":{"@id":"https:\/\/voxy.com\/pt-br\/solucoes\/parceiros\/#primaryimage"},"image":{"@id":"https:\/\/voxy.com\/pt-br\/solucoes\/parceiros\/#primaryimage"},"thumbnailUrl":"https:\/\/voxy.com\/wp-content\/uploads\/2021\/01\/bg-channel-partners.png","datePublished":"2021-01-06T16:35:00+00:00","dateModified":"2022-09-28T19:38:46+00:00","description":"A Voxy \u00e9 uma solu\u00e7\u00e3o digital premiada para aprendizado de ingl\u00eas usada no mundo inteiro, de empresas a institui\u00e7\u00f5es de ensino. Venha fazer parte deste mercado incr\u00edvel!","breadcrumb":{"@id":"https:\/\/voxy.com\/pt-br\/solucoes\/parceiros\/#breadcrumb"},"inLanguage":"pt-BR","potentialAction":[{"@type":"ReadAction","target":["https:\/\/voxy.com\/pt-br\/solucoes\/parceiros\/"]}]},{"@type":"ImageObject","inLanguage":"pt-BR","@id":"https:\/\/voxy.com\/pt-br\/solucoes\/parceiros\/#primaryimage","url":"https:\/\/voxy.com\/wp-content\/uploads\/2021\/01\/bg-channel-partners.png","contentUrl":"https:\/\/voxy.com\/wp-content\/uploads\/2021\/01\/bg-channel-partners.png","width":1920,"height":750,"caption":"Seja Um Parceiro Da Voxy"},{"@type":"BreadcrumbList","@id":"https:\/\/voxy.com\/pt-br\/solucoes\/parceiros\/#breadcrumb","itemListElement":[{"@type":"ListItem","position":1,"name":"Home","item":"https:\/\/voxy.com\/"},{"@type":"ListItem","position":2,"name":"Para parceiros"}]},{"@type":"WebSite","@id":"https:\/\/voxy.com\/pt-br\/#website","url":"https:\/\/voxy.com\/pt-br\/","name":"Voxy","description":"Changing the way the world learns English","potentialAction":[{"@type":"SearchAction","target":{"@type":"EntryPoint","urlTemplate":"https:\/\/voxy.com\/pt-br\/?s={search_term_string}"},"query-input":{"@type":"PropertyValueSpecification","valueRequired":true,"valueName":"search_term_string"}}],"inLanguage":"pt-BR"}]}},"_links":{"self":[{"href":"https:\/\/voxy.com\/pt-br\/wp-json\/wp\/v2\/pages\/25726","targetHints":{"allow":["GET"]}}],"collection":[{"href":"https:\/\/voxy.com\/pt-br\/wp-json\/wp\/v2\/pages"}],"about":[{"href":"https:\/\/voxy.com\/pt-br\/wp-json\/wp\/v2\/types\/page"}],"author":[{"embeddable":true,"href":"https:\/\/voxy.com\/pt-br\/wp-json\/wp\/v2\/users\/56"}],"replies":[{"embeddable":true,"href":"https:\/\/voxy.com\/pt-br\/wp-json\/wp\/v2\/comments?post=25726"}],"version-history":[{"count":0,"href":"https:\/\/voxy.com\/pt-br\/wp-json\/wp\/v2\/pages\/25726\/revisions"}],"wp:featuredmedia":[{"embeddable":true,"href":"https:\/\/voxy.com\/pt-br\/wp-json\/wp\/v2\/media\/26051"}],"wp:attachment":[{"href":"https:\/\/voxy.com\/pt-br\/wp-json\/wp\/v2\/media?parent=25726"}],"curies":[{"name":"wp","href":"https:\/\/api.w.org\/{rel}","templated":true}]}}