{"id":22996,"date":"2020-04-27T14:59:18","date_gmt":"2020-04-27T18:59:18","guid":{"rendered":"https:\/\/voxy.com\/?page_id=22996"},"modified":"2020-06-12T14:04:05","modified_gmt":"2020-06-12T18:04:05","slug":"learn-at-home-with-voxy","status":"publish","type":"page","link":"https:\/\/voxy.com\/pt-br\/learn-at-home-with-voxy\/","title":{"rendered":"#LearnatHomeWithVoxy"},"content":{"rendered":"\n  <div class=\"banner has-hover has-parallax\" id=\"banner-1584862686\">\n          <div class=\"banner-inner fill\">\n        <div class=\"banner-bg fill\" data-parallax=\"-5\" data-parallax-container=\".banner\" data-parallax-background>\n            <img fetchpriority=\"high\" decoding=\"async\" width=\"1920\" height=\"1080\" src=\"https:\/\/voxy.com\/wp-content\/uploads\/2020\/04\/learn-at-home-banner.jpg\" class=\"bg attachment-original size-original\" alt=\"\" \/>                        <div class=\"overlay\"><\/div>            \n                    <\/div>\n\t\t\n        <div class=\"banner-layers container\">\n            <div class=\"fill banner-link\"><\/div>            \n   <div id=\"text-box-973058880\" class=\"text-box banner-layer x50 md-x50 lg-x50 y50 md-y50 lg-y50 res-text\">\n                                <div class=\"text-box-content text dark\">\n              \n              <div class=\"text-inner text-center\">\n                  \n<h2 class=\"uppercase\"><strong>Recursos para Profissionais de RH, Treinamento &amp; Desenvolvimento e Educa\u00e7\u00e3o<\/strong><\/h2>\n<p style=\"font-size: 20px;\">O isolamento social tem sido adotado em v\u00e1rios lugares do mundo para combater a pandemia do COVID-19. A Voxy, por ser uma solu\u00e7\u00e3o online de ensino de ingl\u00eas, tem observado de perto os impactos na rotina de empresas e escolas de idiomas.<\/p>\n<p style=\"font-size: 20px;\">Com nossa experi\u00eancia, resolvemos reunir recursos para compartilhar ideias que podem ajudar profissionais de RH, Treinamento &amp; Desenvolvimento e Educa\u00e7\u00e3o a enfrentar os novos desafios.<\/p>\n              <\/div>\n           <\/div>\n                            \n<style>\n#text-box-973058880 {\n  margin: 70px 0px 0px 0px;\n  width: 100%;\n}\n#text-box-973058880 .text-inner {\n  padding: 0px 0px 0px 0px;\n}\n#text-box-973058880 .text-box-content {\n  font-size: 100%;\n}\n<\/style>\n    <\/div>\n \n        <\/div>\n      <\/div>\n\n            \n<style>\n#banner-1584862686 {\n  padding-top: 650px;\n}\n#banner-1584862686 .overlay {\n  background-color: rgba(0, 0, 0, 0.65);\n}\n<\/style>\n  <\/div>\n\n\n\n\t<section class=\"section\" id=\"section_1673778316\">\n\t\t<div class=\"section-bg fill\" >\n\t\t\t\t\t\t\t\t\t\n\t\t\t\n\n\t\t<\/div>\n\n\t\t\n\n\t\t<div class=\"section-content relative\">\n\t\t\t\n<div class=\"row row-large align-middle align-center\"  id=\"row-413965353\">\n\n\t<div id=\"col-668961341\" class=\"col medium-6 small-12 large-6\"  >\n\t\t\t\t<div class=\"col-inner dark\"  >\n\t\t\t\n\t\t\t\n\t<div class=\"img has-hover x md-x lg-x y md-y lg-y\" id=\"image_1406346276\">\n\t\t\t\t\t\t\t\t<div class=\"img-inner dark\" style=\"margin:40px 0px 0px 0px;\">\n\t\t\t<img decoding=\"async\" width=\"1020\" height=\"896\" src=\"https:\/\/voxy.com\/wp-content\/uploads\/2020\/04\/employees-1.png\" class=\"attachment-large size-large\" alt=\"\" srcset=\"https:\/\/voxy.com\/wp-content\/uploads\/2020\/04\/employees-1.png 1024w, https:\/\/voxy.com\/wp-content\/uploads\/2020\/04\/employees-1-300x264.png 300w, https:\/\/voxy.com\/wp-content\/uploads\/2020\/04\/employees-1-768x675.png 768w, https:\/\/voxy.com\/wp-content\/uploads\/2020\/04\/employees-1-800x703.png 800w\" sizes=\"(max-width: 1020px) 100vw, 1020px\" \/>\t\t\t\t\t\t\n\t\t\t\t\t<\/div>\n\t\t\t\t\t\t\t\t\n<style>\n#image_1406346276 {\n  width: 100%;\n}\n<\/style>\n\t<\/div>\n\t\n\t\t<\/div>\n\t\t\t\t\t<\/div>\n\n\t\n\n\t<div id=\"col-747213120\" class=\"col medium-6 small-12 large-6\"  >\n\t\t\t\t<div class=\"col-inner text-left\"  >\n\t\t\t\n\t\t\t\n<h2 style=\"color: #1bcdde; font-size: 32px;\">Trabalho remoto: como se adaptar e manter os funcion\u00e1rios engajados<\/h2>\n<div class=\"is-divider divider clearfix\" style=\"max-width:150px;\"><\/div>\n\n\t\t<div class=\"icon-box featured-box icon-box-left text-left\"  style=\"margin:0px 0px 10px 0px;\">\n\t\t\t\t\t<div class=\"icon-box-img\" style=\"width: 20px\">\n\t\t\t\t<div class=\"icon\">\n\t\t\t\t\t<div class=\"icon-inner\" >\n\t\t\t\t\t\t<img decoding=\"async\" width=\"20\" height=\"20\" src=\"https:\/\/voxy.com\/wp-content\/uploads\/2020\/04\/bullet-icon-2.png\" class=\"attachment-medium size-medium\" alt=\"\" \/>\t\t\t\t\t<\/div>\n\t\t\t\t<\/div>\n\t\t\t<\/div>\n\t\t\t\t<div class=\"icon-box-text last-reset\">\n\t\t\t\t\t\t\t\t\t\n<p><strong>Artigo<\/strong> com dicas para trabalhar remoto. <a href=\"https:\/\/voxy.com\/pt-br\/blog\/o-que-podemos-aprender-com-o-ensino-online-hoje\/\" target=\"_blank\" rel=\"noopener noreferrer\">Leia aqui<\/a><\/p>\n\t\t<\/div>\n\t<\/div>\n\t\n\t\n\n\t\t<div class=\"icon-box featured-box icon-box-left text-left\"  style=\"margin:0px 0px 10px 0px;\">\n\t\t\t\t\t<div class=\"icon-box-img\" style=\"width: 20px\">\n\t\t\t\t<div class=\"icon\">\n\t\t\t\t\t<div class=\"icon-inner\" >\n\t\t\t\t\t\t<img decoding=\"async\" width=\"20\" height=\"20\" src=\"https:\/\/voxy.com\/wp-content\/uploads\/2020\/04\/bullet-icon-2.png\" class=\"attachment-medium size-medium\" alt=\"\" \/>\t\t\t\t\t<\/div>\n\t\t\t\t<\/div>\n\t\t\t<\/div>\n\t\t\t\t<div class=\"icon-box-text last-reset\">\n\t\t\t\t\t\t\t\t\t\n<p><strong>V\u00eddeos<\/strong> com dicas de nossos <strong>professores<\/strong> de Ingl\u00eas online sobre trabalho remoto e ensino online. <a href=\"https:\/\/voxy.com\/pt-br\/blog\/professores-da-voxy-ao-redor-do-mundo-compartilham-otimas-dicas-para-trabalhar-e-ensinar-remotamente\/\" target=\"_blank\" rel=\"noopener noreferrer\">Saiba mais<\/a><\/p>\n\t\t<\/div>\n\t<\/div>\n\t\n\t\n\n\t\t<div class=\"icon-box featured-box icon-box-left text-left\"  style=\"margin:0px 0px 10px 0px;\">\n\t\t\t\t\t<div class=\"icon-box-img\" style=\"width: 20px\">\n\t\t\t\t<div class=\"icon\">\n\t\t\t\t\t<div class=\"icon-inner\" >\n\t\t\t\t\t\t<img decoding=\"async\" width=\"20\" height=\"20\" src=\"https:\/\/voxy.com\/wp-content\/uploads\/2020\/04\/bullet-icon-2.png\" class=\"attachment-medium size-medium\" alt=\"\" \/>\t\t\t\t\t<\/div>\n\t\t\t\t<\/div>\n\t\t\t<\/div>\n\t\t\t\t<div class=\"icon-box-text last-reset\">\n\t\t\t\t\t\t\t\t\t\n<p><strong>Lan\u00e7amento de um Curso<\/strong>: Intermediate Business Skills: Remote Work. <a href=\"https:\/\/voxy.com\/pt-br\/courses\/career-aligned\/trabalho-remoto\/\" target=\"_blank\" rel=\"noopener noreferrer\">Saiba mais<\/a><\/p>\n\t\t<\/div>\n\t<\/div>\n\t\n\t\n\n\t\t<div class=\"icon-box featured-box icon-box-left text-left\"  style=\"margin:0px 0px 10px 0px;\">\n\t\t\t\t\t<div class=\"icon-box-img\" style=\"width: 20px\">\n\t\t\t\t<div class=\"icon\">\n\t\t\t\t\t<div class=\"icon-inner\" >\n\t\t\t\t\t\t<img decoding=\"async\" width=\"20\" height=\"20\" src=\"https:\/\/voxy.com\/wp-content\/uploads\/2020\/04\/bullet-icon-2.png\" class=\"attachment-medium size-medium\" alt=\"\" \/>\t\t\t\t\t<\/div>\n\t\t\t\t<\/div>\n\t\t\t<\/div>\n\t\t\t\t<div class=\"icon-box-text last-reset\">\n\t\t\t\t\t\t\t\t\t\n<p>Fizemos algumas mudan\u00e7as internas para ajudar o time da Voxy tamb\u00e9m. Nosso CEO &#8211; Paul Gollash &#8211; compartilhou neste artigo como ajustamos nossa <strong>maneira de trabalhar<\/strong> para comunicar com os colaboradores com maior frequ\u00eancia, lan\u00e7amos um <strong>Programa de Mentoria<\/strong> interno, e expandimos um benef\u00edcio de reembolso de programas de <strong>desenvolvimento profissional<\/strong> para incluir bem-estar, <strong>sa\u00fade mental<\/strong> e melhorias no <strong>home office<\/strong>. <a href=\"https:\/\/voxy.com\/pt-br\/blog\/uma-mensagem-do-ceo-da-voxy\/\">Saiba mais<\/a><\/p>\n\t\t<\/div>\n\t<\/div>\n\t\n\t\n\n\t\t<div class=\"icon-box featured-box icon-box-left text-left\"  style=\"margin:0px 0px 10px 0px;\">\n\t\t\t\t\t<div class=\"icon-box-img\" style=\"width: 20px\">\n\t\t\t\t<div class=\"icon\">\n\t\t\t\t\t<div class=\"icon-inner\" >\n\t\t\t\t\t\t<img decoding=\"async\" width=\"20\" height=\"20\" src=\"https:\/\/voxy.com\/wp-content\/uploads\/2020\/04\/bullet-icon-2.png\" class=\"attachment-medium size-medium\" alt=\"\" \/>\t\t\t\t\t<\/div>\n\t\t\t\t<\/div>\n\t\t\t<\/div>\n\t\t\t\t<div class=\"icon-box-text last-reset\">\n\t\t\t\t\t\t\t\t\t\n<p><strong>ILS<\/strong> &#8211; Voxy Certified Channel Partner na It\u00e1lia &#8211; compartilhou <strong>v\u00eddeos<\/strong> para ajudar nas liga\u00e7\u00f5es e reuni\u00f5es virtuais em ingl\u00eas. <a href=\"https:\/\/www.ils-milano.com\/en\/2020\/03\/26\/ils-video-series-for-effective-online-communication-in-english\/\">Saiba mais<\/a> (em ingl\u00eas)<\/p>\n\t\t<\/div>\n\t<\/div>\n\t\n\t\n\t\t<\/div>\n\t\t\t\t\n<style>\n#col-747213120 > .col-inner {\n  padding: 0px 0px 0px 0px;\n  margin: 5% 0px 0px 0px;\n}\n<\/style>\n\t<\/div>\n\n\t\n\n<style>\n#row-413965353 > .col > .col-inner {\n  padding: 50px 0px 40px 0px;\n}\n<\/style>\n<\/div>\n\t\t<\/div>\n\n\t\t\n<style>\n#section_1673778316 {\n  padding-top: 30px;\n  padding-bottom: 30px;\n  background-color: rgb(255,255,255);\n}\n<\/style>\n\t<\/section>\n\t\n\n\t<section class=\"section\" id=\"section_278720304\">\n\t\t<div class=\"section-bg fill\" >\n\t\t\t\t\t\t\t\t\t\n\t\t\t\n\n\t\t<\/div>\n\n\t\t\n\n\t\t<div class=\"section-content relative\">\n\t\t\t\n<div class=\"row\"  id=\"row-2114801270\">\n\n\t<div id=\"col-381558761\" class=\"col medium-6 small-12 large-6\"  >\n\t\t\t\t<div class=\"col-inner text-left\"  >\n\t\t\t\n\t\t\t\n<h2 style=\"color: #ffffff; font-size: 28px;\">RH e Treinamento &amp; Desenvolvimento<\/h2>\n<div class=\"is-divider divider clearfix\" style=\"max-width:150px;background-color:rgb(143, 115, 194);\"><\/div>\n<p style=\"color: #ffffff; margin-bottom: 15px;\">Lan\u00e7amos o projeto <strong><span style=\"color: #1bcdde;\">#learnathomewithVoxy<\/span><\/strong>: <strong>licen\u00e7as<\/strong> de 3 meses a nossos clientes para expandir seus programas para mais colaboradores ou familiares, para apoi\u00e1-los durante o per\u00edodo de isolamento social. Para mais informa\u00e7\u00f5es, entre em contato.<\/p>\n<a href=\"https:\/\/voxy.com\/contact\/?lang=pt-br\" target=\"_blank\" class=\"button primary\" rel=\"noopener\"  >\n\t\t<span>Entre em contato<\/span>\n\t<\/a>\n\n<p style=\"color: #ffffff; margin-top: 35px; margin-bottom: 15px;\">Pesquisa: entrevistamos profissionais de RH e T&amp;D de quase todos os pa\u00edses da Am\u00e9rica Latina para participar de um estudo de benchmarking sobre o impacto da COVID-19 nas empresas!<\/p>\n<a href=\"https:\/\/learn.voxy.com\/resultado-estudo-impacto-covid-19-nas-empresas.html\" target=\"_blank\" class=\"button primary\" rel=\"noopener\"  >\n\t\t<span>Confira o resultado<\/span>\n\t<\/a>\n\n<p style=\"color: #ffffff; margin-top: 35px; margin-bottom: 15px;\">Compartilhamos os resultados da pesquisa Impactos da COVID-19, com alguns detalhes adicionais por regi\u00e3o, al\u00e9m de oferecer conte\u00fado de acordo com a prioridade destes profissionais neste momento de crise.<\/p>\n<a href=\"https:\/\/learn.voxy.com\/impacto-da-covid-19-webinar.html\" target=\"_blank\" class=\"button primary\" rel=\"noopener\"  >\n\t\t<span>Acesse o Webinar<\/span>\n\t<\/a>\n\n\t\t<\/div>\n\t\t\t\t\n<style>\n#col-381558761 > .col-inner {\n  margin: 16% 0px 0px 0px;\n}\n<\/style>\n\t<\/div>\n\n\t\n\n\t<div id=\"col-37906261\" class=\"col medium-6 small-12 large-6\"  >\n\t\t\t\t<div class=\"col-inner dark\"  >\n\t\t\t\n\t\t\t\n\t<div class=\"img has-hover x md-x lg-x y md-y lg-y\" id=\"image_72295525\">\n\t\t\t\t\t\t\t\t<div class=\"img-inner dark\" style=\"margin:40px 0px 0px 0px;\">\n\t\t\t<img loading=\"lazy\" decoding=\"async\" width=\"1020\" height=\"896\" src=\"https:\/\/voxy.com\/wp-content\/uploads\/2020\/04\/human_resources.png\" class=\"attachment-large size-large\" alt=\"\" srcset=\"https:\/\/voxy.com\/wp-content\/uploads\/2020\/04\/human_resources.png 1024w, https:\/\/voxy.com\/wp-content\/uploads\/2020\/04\/human_resources-300x264.png 300w, https:\/\/voxy.com\/wp-content\/uploads\/2020\/04\/human_resources-768x675.png 768w, https:\/\/voxy.com\/wp-content\/uploads\/2020\/04\/human_resources-800x703.png 800w\" sizes=\"(max-width: 1020px) 100vw, 1020px\" \/>\t\t\t\t\t\t\n\t\t\t\t\t<\/div>\n\t\t\t\t\t\t\t\t\n<style>\n#image_72295525 {\n  width: 100%;\n}\n<\/style>\n\t<\/div>\n\t\n\t\t<\/div>\n\t\t\t\t\n<style>\n#col-37906261 > .col-inner {\n  margin: 130px 0px 0px 0px;\n}\n<\/style>\n\t<\/div>\n\n\t\n<\/div>\n\t\t<\/div>\n\n\t\t\n<style>\n#section_278720304 {\n  padding-top: 30px;\n  padding-bottom: 30px;\n  background-color: rgb(48, 45, 104);\n}\n<\/style>\n\t<\/section>\n\t\n\n\t<section class=\"section\" id=\"section_64478902\">\n\t\t<div class=\"section-bg fill\" >\n\t\t\t\t\t\t\t\t\t\n\t\t\t\n\n\t\t<\/div>\n\n\t\t\n\n\t\t<div class=\"section-content relative\">\n\t\t\t\n<div class=\"row row-large align-middle align-center\"  id=\"row-691714405\">\n\n\t<div id=\"col-639912719\" class=\"col medium-6 small-12 large-6\"  >\n\t\t\t\t<div class=\"col-inner dark\"  >\n\t\t\t\n\t\t\t\n\t<div class=\"img has-hover x md-x lg-x y md-y lg-y\" id=\"image_1616585233\">\n\t\t\t\t\t\t\t\t<div class=\"img-inner dark\" style=\"margin:40px 0px 0px 0px;\">\n\t\t\t<img loading=\"lazy\" decoding=\"async\" width=\"1020\" height=\"896\" src=\"https:\/\/voxy.com\/wp-content\/uploads\/2020\/04\/education-community.png\" class=\"attachment-large size-large\" alt=\"\" srcset=\"https:\/\/voxy.com\/wp-content\/uploads\/2020\/04\/education-community.png 1024w, https:\/\/voxy.com\/wp-content\/uploads\/2020\/04\/education-community-300x264.png 300w, https:\/\/voxy.com\/wp-content\/uploads\/2020\/04\/education-community-768x675.png 768w, https:\/\/voxy.com\/wp-content\/uploads\/2020\/04\/education-community-800x703.png 800w\" sizes=\"(max-width: 1020px) 100vw, 1020px\" \/>\t\t\t\t\t\t\n\t\t\t\t\t<\/div>\n\t\t\t\t\t\t\t\t\n<style>\n#image_1616585233 {\n  width: 100%;\n}\n<\/style>\n\t<\/div>\n\t\n\t\t<\/div>\n\t\t\t\t\t<\/div>\n\n\t\n\n\t<div id=\"col-1292504080\" class=\"col medium-6 small-12 large-6\"  >\n\t\t\t\t<div class=\"col-inner text-left\"  >\n\t\t\t\n\t\t\t\n<h2 style=\"color: #1bcdde; font-size: 32px;\">Comunidade Educacional<\/h2>\n<div class=\"is-divider divider clearfix\" style=\"max-width:150px;\"><\/div>\n\n\t\t<div class=\"icon-box featured-box icon-box-left text-left\"  style=\"margin:0px 0px 10px 0px;\">\n\t\t\t\t\t<div class=\"icon-box-img\" style=\"width: 20px\">\n\t\t\t\t<div class=\"icon\">\n\t\t\t\t\t<div class=\"icon-inner\" >\n\t\t\t\t\t\t<img decoding=\"async\" width=\"20\" height=\"20\" src=\"https:\/\/voxy.com\/wp-content\/uploads\/2020\/04\/bullet-icon-2.png\" class=\"attachment-medium size-medium\" alt=\"\" \/>\t\t\t\t\t<\/div>\n\t\t\t\t<\/div>\n\t\t\t<\/div>\n\t\t\t\t<div class=\"icon-box-text last-reset\">\n\t\t\t\t\t\t\t\t\t\n<p><strong>Artigo<\/strong> com dicas de como criar um programa online de emerg\u00eancia. <a href=\"https:\/\/voxy.com\/pt-br\/blog\/as-suposicoes-mais-comuns-ao-criar-um-programa-online-de-emergencia\/\" target=\"_blank\" rel=\"noopener noreferrer\">Leia aqui<\/a><\/p>\n\t\t<\/div>\n\t<\/div>\n\t\n\t\n\n\t\t<div class=\"icon-box featured-box icon-box-left text-left\"  style=\"margin:0px 0px 10px 0px;\">\n\t\t\t\t\t<div class=\"icon-box-img\" style=\"width: 20px\">\n\t\t\t\t<div class=\"icon\">\n\t\t\t\t\t<div class=\"icon-inner\" >\n\t\t\t\t\t\t<img decoding=\"async\" width=\"20\" height=\"20\" src=\"https:\/\/voxy.com\/wp-content\/uploads\/2020\/04\/bullet-icon-2.png\" class=\"attachment-medium size-medium\" alt=\"\" \/>\t\t\t\t\t<\/div>\n\t\t\t\t<\/div>\n\t\t\t<\/div>\n\t\t\t\t<div class=\"icon-box-text last-reset\">\n\t\t\t\t\t\t\t\t\t\n<p><strong>Webinars<\/strong> para compartilhar melhores pr\u00e1ticas sobre <strong>ensino online<\/strong> e <strong>alfabetiza\u00e7\u00e3o digital<\/strong>. <a href=\"https:\/\/voxy.com\/?p=23195\">Saiba mais<\/a> (em ingl\u00eas)<\/p>\n\t\t<\/div>\n\t<\/div>\n\t\n\t\n\n\t\t<div class=\"icon-box featured-box icon-box-left text-left\"  style=\"margin:0px 0px 10px 0px;\">\n\t\t\t\t\t<div class=\"icon-box-img\" style=\"width: 20px\">\n\t\t\t\t<div class=\"icon\">\n\t\t\t\t\t<div class=\"icon-inner\" >\n\t\t\t\t\t\t<img decoding=\"async\" width=\"20\" height=\"20\" src=\"https:\/\/voxy.com\/wp-content\/uploads\/2020\/04\/bullet-icon-2.png\" class=\"attachment-medium size-medium\" alt=\"\" \/>\t\t\t\t\t<\/div>\n\t\t\t\t<\/div>\n\t\t\t<\/div>\n\t\t\t\t<div class=\"icon-box-text last-reset\">\n\t\t\t\t\t\t\t\t\t\n<p>Estamos apoiando a <strong>transforma\u00e7\u00e3o digital<\/strong> de escolas de idiomas, conhe\u00e7a nossas solu\u00e7\u00f5es. <a href=\"\/?page_id=12841\">Saiba mais<\/a><\/p>\n\t\t<\/div>\n\t<\/div>\n\t\n\t\n\n\t\t<div class=\"icon-box featured-box icon-box-left text-left\"  style=\"margin:0px 0px 10px 0px;\">\n\t\t\t\t\t<div class=\"icon-box-img\" style=\"width: 20px\">\n\t\t\t\t<div class=\"icon\">\n\t\t\t\t\t<div class=\"icon-inner\" >\n\t\t\t\t\t\t<img decoding=\"async\" width=\"20\" height=\"20\" src=\"https:\/\/voxy.com\/wp-content\/uploads\/2020\/04\/bullet-icon-2.png\" class=\"attachment-medium size-medium\" alt=\"\" \/>\t\t\t\t\t<\/div>\n\t\t\t\t<\/div>\n\t\t\t<\/div>\n\t\t\t\t<div class=\"icon-box-text last-reset\">\n\t\t\t\t\t\t\t\t\t\n<p>Com o aumento de demanda nas aulas, estamos <strong>contratando<\/strong> mais professores de Ingl\u00eas. Se tiver interesse ou conhecer professores, <a href=\"\/?page_id=17877\">clique aqui<\/a>.<\/p>\n\t\t<\/div>\n\t<\/div>\n\t\n\t\n\n\t\t<div class=\"icon-box featured-box icon-box-left text-left\"  style=\"margin:0px 0px 10px 0px;\">\n\t\t\t\t\t<div class=\"icon-box-img\" style=\"width: 20px\">\n\t\t\t\t<div class=\"icon\">\n\t\t\t\t\t<div class=\"icon-inner\" >\n\t\t\t\t\t\t<img decoding=\"async\" width=\"20\" height=\"20\" src=\"https:\/\/voxy.com\/wp-content\/uploads\/2020\/04\/bullet-icon-2.png\" class=\"attachment-medium size-medium\" alt=\"\" \/>\t\t\t\t\t<\/div>\n\t\t\t\t<\/div>\n\t\t\t<\/div>\n\t\t\t\t<div class=\"icon-box-text last-reset\">\n\t\t\t\t\t\t\t\t\t\n<p>Apoiamos o <strong>desenvolvimento de profissionais de sa\u00fade<\/strong> nos EUA com uma parceria com a Futuro Health. Para mais informa\u00e7\u00f5es (em ingl\u00eas), <a href=\"https:\/\/voxy.com\/blog\/futuro-health-announces-voxy-as-a-partner-to-alleviate-the-healthcare-worker-shortage\/\">clique aqui<\/a>.<\/p>\n\t\t<\/div>\n\t<\/div>\n\t\n\t\n\n\t\t<div class=\"icon-box featured-box icon-box-left text-left\"  style=\"margin:0px 0px 10px 0px;\">\n\t\t\t\t\t<div class=\"icon-box-img\" style=\"width: 20px\">\n\t\t\t\t<div class=\"icon\">\n\t\t\t\t\t<div class=\"icon-inner\" >\n\t\t\t\t\t\t<img decoding=\"async\" width=\"20\" height=\"20\" src=\"https:\/\/voxy.com\/wp-content\/uploads\/2020\/04\/bullet-icon-2.png\" class=\"attachment-medium size-medium\" alt=\"\" \/>\t\t\t\t\t<\/div>\n\t\t\t\t<\/div>\n\t\t\t<\/div>\n\t\t\t\t<div class=\"icon-box-text last-reset\">\n\t\t\t\t\t\t\t\t\t\n<p><strong>Entrevista<\/strong> com a Dra. Katherine Nielson &#8211; Chief Education Officer da Voxy &#8211; sobre a transi\u00e7\u00e3o das salas de aula para o ambiente online. Confira a mat\u00e9ria <a href=\"https:\/\/educacao.estadao.com.br\/blogs\/blog-da-tissen\/online-e-juntos-nas-novas-salas-de-aula-globais\/\">aqui<\/a>.<\/p>\n\t\t<\/div>\n\t<\/div>\n\t\n\t\n\n\t\t<div class=\"icon-box featured-box icon-box-left text-left\"  style=\"margin:0px 0px 10px 0px;\">\n\t\t\t\t\t<div class=\"icon-box-img\" style=\"width: 20px\">\n\t\t\t\t<div class=\"icon\">\n\t\t\t\t\t<div class=\"icon-inner\" >\n\t\t\t\t\t\t<img decoding=\"async\" width=\"20\" height=\"20\" src=\"https:\/\/voxy.com\/wp-content\/uploads\/2020\/04\/bullet-icon-2.png\" class=\"attachment-medium size-medium\" alt=\"\" \/>\t\t\t\t\t<\/div>\n\t\t\t\t<\/div>\n\t\t\t<\/div>\n\t\t\t\t<div class=\"icon-box-text last-reset\">\n\t\t\t\t\t\t\t\t\t\n<p><strong>Webinar<\/strong> sobre as melhores pr\u00e1ticas para <strong>ensino de ingl\u00eas online<\/strong>. <a href=\"https:\/\/learn.voxy.com\/webinar-melhores-praticas-ensino-online.html\">Saiba mais<\/a><\/p>\n\t\t<\/div>\n\t<\/div>\n\t\n\t\n\t\t<\/div>\n\t\t\t\t\n<style>\n#col-1292504080 > .col-inner {\n  padding: 0px 0px 0px 0px;\n  margin: 10% 0px 0px 0px;\n}\n<\/style>\n\t<\/div>\n\n\t\n\n<style>\n#row-691714405 > .col > .col-inner {\n  padding: 50px 0px 40px 0px;\n}\n<\/style>\n<\/div>\n\t\t<\/div>\n\n\t\t\n<style>\n#section_64478902 {\n  padding-top: 30px;\n  padding-bottom: 30px;\n  background-color: rgb(255,255,255);\n}\n<\/style>\n\t<\/section>\n\t\n\n\t<section class=\"section\" id=\"section_840166467\">\n\t\t<div class=\"section-bg fill\" >\n\t\t\t\t\t\t\t\t\t\n\t\t\t\n\n\t\t<\/div>\n\n\t\t\n\n\t\t<div class=\"section-content relative\">\n\t\t\t\n<div class=\"row\"  id=\"row-560027912\">\n\n\t<div id=\"col-319270316\" class=\"col small-12 large-12\"  >\n\t\t\t\t<div class=\"col-inner text-center\"  >\n\t\t\t\n\t\t\t\n<h1 class=\"homeHeaderWhite\"><strong>Pronto para melhorar a produtividade da sua equipe com treinamento de idiomas?<\/strong><\/h1>\n<p class=\"homeSubHeader\" style=\"text-align: center; color: white;\">Fale com a equipe de Solu\u00e7\u00f5es Globais da Voxy para saber como voc\u00ea pode melhorar os resultados do seu neg\u00f3cio com o nosso treinamento excepcional de ingl\u00eas.<\/p>\n<a href=\"\/demo\/pt\" target=\"_blank\" class=\"button white is-large\" rel=\"noopener\"  >\n\t\t<span>Solicitar uma demonstra\u00e7\u00e3o<\/span>\n\t<\/a>\n\n\t\t<\/div>\n\t\t\t\t\n<style>\n#col-319270316 > .col-inner {\n  margin: 35px 0px 0px 0px;\n}\n<\/style>\n\t<\/div>\n\n\t\n<\/div>\n\t\t<\/div>\n\n\t\t\n<style>\n#section_840166467 {\n  padding-top: 30px;\n  padding-bottom: 30px;\n  background-color: #1BCDDE;\n}\n<\/style>\n\t<\/section>\n\t\n","protected":false},"excerpt":{"rendered":"","protected":false},"author":56,"featured_media":0,"parent":0,"menu_order":0,"comment_status":"closed","ping_status":"closed","template":"page-transparent-header-light.php","meta":{"footnotes":""},"class_list":["post-22996","page","type-page","status-publish","hentry"],"yoast_head":"<!-- This site is optimized with the Yoast SEO plugin v26.7 - https:\/\/yoast.com\/wordpress\/plugins\/seo\/ -->\n<title>#LearnatHomeWithVoxy - Voxy<\/title>\n<meta name=\"robots\" content=\"index, follow, max-snippet:-1, max-image-preview:large, max-video-preview:-1\" \/>\n<link rel=\"canonical\" href=\"https:\/\/voxy.com\/pt-br\/learn-at-home-with-voxy\/\" \/>\n<meta property=\"og:locale\" content=\"pt_BR\" \/>\n<meta property=\"og:type\" content=\"article\" \/>\n<meta property=\"og:title\" content=\"#LearnatHomeWithVoxy - Voxy\" \/>\n<meta property=\"og:url\" content=\"https:\/\/voxy.com\/pt-br\/learn-at-home-with-voxy\/\" \/>\n<meta property=\"og:site_name\" content=\"Voxy\" \/>\n<meta property=\"article:publisher\" content=\"https:\/\/www.facebook.com\/goVOXY\/\" \/>\n<meta property=\"article:modified_time\" content=\"2020-06-12T18:04:05+00:00\" \/>\n<meta name=\"twitter:card\" content=\"summary_large_image\" \/>\n<meta name=\"twitter:site\" content=\"@Voxy\" \/>\n<meta name=\"twitter:label1\" content=\"Est. tempo de leitura\" \/>\n\t<meta name=\"twitter:data1\" content=\"5 minutos\" \/>\n<script type=\"application\/ld+json\" class=\"yoast-schema-graph\">{\"@context\":\"https:\/\/schema.org\",\"@graph\":[{\"@type\":\"WebPage\",\"@id\":\"https:\/\/voxy.com\/pt-br\/learn-at-home-with-voxy\/\",\"url\":\"https:\/\/voxy.com\/pt-br\/learn-at-home-with-voxy\/\",\"name\":\"#LearnatHomeWithVoxy - Voxy\",\"isPartOf\":{\"@id\":\"https:\/\/voxy.com\/pt-br\/#website\"},\"datePublished\":\"2020-04-27T18:59:18+00:00\",\"dateModified\":\"2020-06-12T18:04:05+00:00\",\"breadcrumb\":{\"@id\":\"https:\/\/voxy.com\/pt-br\/learn-at-home-with-voxy\/#breadcrumb\"},\"inLanguage\":\"pt-BR\",\"potentialAction\":[{\"@type\":\"ReadAction\",\"target\":[\"https:\/\/voxy.com\/pt-br\/learn-at-home-with-voxy\/\"]}]},{\"@type\":\"BreadcrumbList\",\"@id\":\"https:\/\/voxy.com\/pt-br\/learn-at-home-with-voxy\/#breadcrumb\",\"itemListElement\":[{\"@type\":\"ListItem\",\"position\":1,\"name\":\"Home\",\"item\":\"https:\/\/voxy.com\/\"},{\"@type\":\"ListItem\",\"position\":2,\"name\":\"#LearnatHomeWithVoxy\"}]},{\"@type\":\"WebSite\",\"@id\":\"https:\/\/voxy.com\/pt-br\/#website\",\"url\":\"https:\/\/voxy.com\/pt-br\/\",\"name\":\"Voxy\",\"description\":\"Changing the way the world learns English\",\"potentialAction\":[{\"@type\":\"SearchAction\",\"target\":{\"@type\":\"EntryPoint\",\"urlTemplate\":\"https:\/\/voxy.com\/pt-br\/?s={search_term_string}\"},\"query-input\":{\"@type\":\"PropertyValueSpecification\",\"valueRequired\":true,\"valueName\":\"search_term_string\"}}],\"inLanguage\":\"pt-BR\"}]}<\/script>\n<!-- \/ Yoast SEO plugin. -->","yoast_head_json":{"title":"#LearnatHomeWithVoxy - Voxy","robots":{"index":"index","follow":"follow","max-snippet":"max-snippet:-1","max-image-preview":"max-image-preview:large","max-video-preview":"max-video-preview:-1"},"canonical":"https:\/\/voxy.com\/pt-br\/learn-at-home-with-voxy\/","og_locale":"pt_BR","og_type":"article","og_title":"#LearnatHomeWithVoxy - Voxy","og_url":"https:\/\/voxy.com\/pt-br\/learn-at-home-with-voxy\/","og_site_name":"Voxy","article_publisher":"https:\/\/www.facebook.com\/goVOXY\/","article_modified_time":"2020-06-12T18:04:05+00:00","twitter_card":"summary_large_image","twitter_site":"@Voxy","twitter_misc":{"Est. tempo de leitura":"5 minutos"},"schema":{"@context":"https:\/\/schema.org","@graph":[{"@type":"WebPage","@id":"https:\/\/voxy.com\/pt-br\/learn-at-home-with-voxy\/","url":"https:\/\/voxy.com\/pt-br\/learn-at-home-with-voxy\/","name":"#LearnatHomeWithVoxy - Voxy","isPartOf":{"@id":"https:\/\/voxy.com\/pt-br\/#website"},"datePublished":"2020-04-27T18:59:18+00:00","dateModified":"2020-06-12T18:04:05+00:00","breadcrumb":{"@id":"https:\/\/voxy.com\/pt-br\/learn-at-home-with-voxy\/#breadcrumb"},"inLanguage":"pt-BR","potentialAction":[{"@type":"ReadAction","target":["https:\/\/voxy.com\/pt-br\/learn-at-home-with-voxy\/"]}]},{"@type":"BreadcrumbList","@id":"https:\/\/voxy.com\/pt-br\/learn-at-home-with-voxy\/#breadcrumb","itemListElement":[{"@type":"ListItem","position":1,"name":"Home","item":"https:\/\/voxy.com\/"},{"@type":"ListItem","position":2,"name":"#LearnatHomeWithVoxy"}]},{"@type":"WebSite","@id":"https:\/\/voxy.com\/pt-br\/#website","url":"https:\/\/voxy.com\/pt-br\/","name":"Voxy","description":"Changing the way the world learns English","potentialAction":[{"@type":"SearchAction","target":{"@type":"EntryPoint","urlTemplate":"https:\/\/voxy.com\/pt-br\/?s={search_term_string}"},"query-input":{"@type":"PropertyValueSpecification","valueRequired":true,"valueName":"search_term_string"}}],"inLanguage":"pt-BR"}]}},"_links":{"self":[{"href":"https:\/\/voxy.com\/pt-br\/wp-json\/wp\/v2\/pages\/22996","targetHints":{"allow":["GET"]}}],"collection":[{"href":"https:\/\/voxy.com\/pt-br\/wp-json\/wp\/v2\/pages"}],"about":[{"href":"https:\/\/voxy.com\/pt-br\/wp-json\/wp\/v2\/types\/page"}],"author":[{"embeddable":true,"href":"https:\/\/voxy.com\/pt-br\/wp-json\/wp\/v2\/users\/56"}],"replies":[{"embeddable":true,"href":"https:\/\/voxy.com\/pt-br\/wp-json\/wp\/v2\/comments?post=22996"}],"version-history":[{"count":0,"href":"https:\/\/voxy.com\/pt-br\/wp-json\/wp\/v2\/pages\/22996\/revisions"}],"wp:attachment":[{"href":"https:\/\/voxy.com\/pt-br\/wp-json\/wp\/v2\/media?parent=22996"}],"curies":[{"name":"wp","href":"https:\/\/api.w.org\/{rel}","templated":true}]}}