{"id":12940,"date":"2017-02-28T21:21:45","date_gmt":"2017-02-28T21:21:45","guid":{"rendered":"https:\/\/voxymarketing.ablru2ma-liquidwebsites.com\/?page_id=12940"},"modified":"2026-02-26T19:27:03","modified_gmt":"2026-02-27T00:27:03","slug":"curriculum-aligned-courses","status":"publish","type":"page","link":"https:\/\/voxy.com\/pt-br\/features\/curriculum-aligned-courses\/","title":{"rendered":"Cursos alinhados ao seu curr\u00edculo"},"content":{"rendered":"\n  <div class=\"banner has-hover is-full-height\" id=\"banner-1841455712\">\n          <div class=\"banner-inner fill\">\n        <div class=\"banner-bg fill\" >\n            <img fetchpriority=\"high\" decoding=\"async\" width=\"1020\" height=\"680\" src=\"https:\/\/voxy.com\/wp-content\/uploads\/2017\/03\/computer-study-1024x683.png\" class=\"bg attachment-large size-large\" alt=\"\" \/>                        <div class=\"overlay\"><\/div>            \n                    <\/div>\n\t\t\n        <div class=\"banner-layers container\">\n            <div class=\"fill banner-link\"><\/div>            \n   <div id=\"text-box-87267094\" class=\"text-box banner-layer x10 md-x90 lg-x95 y90 md-y50 lg-y90 res-text\">\n                     <div data-animate=\"fadeInLeft\">           <div class=\"text-box-content text dark text-shadow-1\">\n              \n              <div class=\"text-inner text-left\">\n                  \n<h2 data-line-height=\"m\"><strong>Aprimore o seu curr\u00edculo atual com o conte\u00fado e a tecnologia da Voxy<\/strong><\/h2>\n<p class=\"lead\">Se a sua organiza\u00e7\u00e3o j\u00e1 oferece ensino de ingl\u00eas, vamos desenvolver cursos personalizados que se alinhem ao seu curr\u00edculo. Assim, voc\u00ea poder\u00e1 oferecer aos seus alunos pr\u00e1ticas adicionais com conte\u00fados aut\u00eanticos nos nossos aplicativos m\u00f3veis e na web.<\/p>\n<a href=\"https:\/\/voxy.com\/demo\/pt\" class=\"button primary box-shadow-1\"  >\n\t\t<span>SOLICITAR UMA DEMONSTRA\u00c7\u00c3O<\/span>\n\t<\/a>\n\n              <\/div>\n           <\/div>\n       <\/div>                     \n<style>\n#text-box-87267094 {\n  width: 85%;\n}\n#text-box-87267094 .text-box-content {\n  font-size: 100%;\n}\n@media (min-width:550px) {\n  #text-box-87267094 {\n    width: 52%;\n  }\n}\n@media (min-width:850px) {\n  #text-box-87267094 {\n    width: 57%;\n  }\n}\n<\/style>\n    <\/div>\n \n        <\/div>\n      <\/div>\n\n            \n<style>\n#banner-1841455712 {\n  padding-top: 100%;\n  background-color: #302D68;\n}\n#banner-1841455712 .overlay {\n  background-color: rgba(0,0,0,.5);\n}\n#banner-1841455712 .banner-bg img {\n  object-position: 31% 50%;\n}\n<\/style>\n  <\/div>\n\n\n\n\t<section class=\"section dark\" id=\"section_1440072297\">\n\t\t<div class=\"section-bg fill\" >\n\t\t\t\t\t\t\t\t\t\n\t\t\t\n\n\t\t<\/div>\n\n\t\t\n\n\t\t<div class=\"section-content relative\">\n\t\t\t\n<div class=\"row row-large align-middle\"  id=\"row-1159267996\">\n\n\t<div id=\"col-259738573\" class=\"col medium-6 small-12 large-6\"  >\n\t\t\t\t<div class=\"col-inner text-left\"  >\n\t\t\t\n\t\t\t\n<h1 class=\"uppercase\"><span style=\"font-size: 150%;\"><strong>ENSINE COM EXEMPLOS AUT\u00caNTICOS EM INGL\u00caS<\/strong><\/span><\/h1>\n<p>Di\u00e1logos roteirizados e mat\u00e9rias falsas n\u00e3o refletem a maneira como as pessoas falam no mundo real. A Voxy conta com mais de 10 mil v\u00eddeos, conversas e artigos aut\u00eanticos que permitem que os alunos aprendam por imers\u00e3o o ingl\u00eas que os nativos falam todos os dias. Escolhemos a dedo os recursos de ingl\u00eas que melhor ilustram os conceitos que a sua institui\u00e7\u00e3o quer ensinar e organizamos o conte\u00fado em cursos disponibilizados exclusivamente para os seus alunos.<\/p>\n<a href=\"#demoform\" class=\"button secondary\"  >\n\t\t<span>Solicitar uma demonstra\u00e7\u00e3o<\/span>\n\t<\/a>\n\n\t\t<\/div>\n\t\t\t\t\t<\/div>\n\n\t\n\n\t<div id=\"col-710674285\" class=\"col medium-6 small-12 large-6 small-col-first\"  >\n\t\t\t\t<div class=\"col-inner\"  >\n\t\t\t\n\t\t\t\n\t<div class=\"img has-hover x md-x lg-x y md-y lg-y\" id=\"image_816956700\">\n\t\t\t\t\t\t\t\t<div class=\"img-inner dark\" >\n\t\t\t<img decoding=\"async\" width=\"1020\" height=\"680\" src=\"https:\/\/voxy.com\/wp-content\/uploads\/2017\/03\/authentic-examples-1024x683.png\" class=\"attachment-large size-large\" alt=\"\" srcset=\"https:\/\/voxy.com\/wp-content\/uploads\/2017\/03\/authentic-examples-1024x683.png 1024w, https:\/\/voxy.com\/wp-content\/uploads\/2017\/03\/authentic-examples-300x200.png 300w, https:\/\/voxy.com\/wp-content\/uploads\/2017\/03\/authentic-examples-768x512.png 768w, https:\/\/voxy.com\/wp-content\/uploads\/2017\/03\/authentic-examples-800x533.png 800w, https:\/\/voxy.com\/wp-content\/uploads\/2017\/03\/authentic-examples.png 1200w\" sizes=\"(max-width: 1020px) 100vw, 1020px\" \/>\t\t\t\t\t\t\n\t\t\t\t\t<\/div>\n\t\t\t\t\t\t\t\t\n<style>\n#image_816956700 {\n  width: 100%;\n}\n<\/style>\n\t<\/div>\n\t\n\t\t<\/div>\n\t\t\t\t\t<\/div>\n\n\t\n<\/div>\n\t\t<\/div>\n\n\t\t\n<style>\n#section_1440072297 {\n  padding-top: 60px;\n  padding-bottom: 60px;\n  background-color: #1BCDDE;\n}\n<\/style>\n\t<\/section>\n\t\n\n\t<section class=\"section\" id=\"section_1207721132\">\n\t\t<div class=\"section-bg fill\" >\n\t\t\t\t\t\t\t\t\t\n\t\t\t\n\n\t\t<\/div>\n\n\t\t\n\n\t\t<div class=\"section-content relative\">\n\t\t\t\n<div class=\"row row-large align-middle\"  id=\"row-2051139337\">\n\n\t<div id=\"col-2076589139\" class=\"col medium-6 small-12 large-6\"  >\n\t\t\t\t<div class=\"col-inner\"  >\n\t\t\t\n\t\t\t\n\t<div class=\"img has-hover x md-x lg-x y md-y lg-y\" id=\"image_517724047\">\n\t\t\t\t\t\t\t\t<div class=\"img-inner dark\" >\n\t\t\t<img decoding=\"async\" width=\"1020\" height=\"680\" src=\"https:\/\/voxy.com\/wp-content\/uploads\/2017\/03\/mobile_apps-1024x683.png\" class=\"attachment-large size-large\" alt=\"\" srcset=\"https:\/\/voxy.com\/wp-content\/uploads\/2017\/03\/mobile_apps-1024x683.png 1024w, https:\/\/voxy.com\/wp-content\/uploads\/2017\/03\/mobile_apps-300x200.png 300w, https:\/\/voxy.com\/wp-content\/uploads\/2017\/03\/mobile_apps-768x512.png 768w, https:\/\/voxy.com\/wp-content\/uploads\/2017\/03\/mobile_apps.png 1200w\" sizes=\"(max-width: 1020px) 100vw, 1020px\" \/>\t\t\t\t\t\t\n\t\t\t\t\t<\/div>\n\t\t\t\t\t\t\t\t\n<style>\n#image_517724047 {\n  width: 100%;\n}\n<\/style>\n\t<\/div>\n\t\n\t\t<\/div>\n\t\t\t\t\t<\/div>\n\n\t\n\n\t<div id=\"col-1625936884\" class=\"col medium-6 small-12 large-6\"  >\n\t\t\t\t<div class=\"col-inner text-left\"  >\n\t\t\t\n\t\t\t\n<h2 class=\"uppercase\"><span style=\"font-size: 150%;\"><strong>COMPLEMENTE SEU PROGRAMA COM APLICATIVOS M\u00d3VEIS E NA WEB<\/strong><\/span><\/h2>\n<p>Amplie sua oferta de servi\u00e7os incluindo aplicativos na web e para iOS e Android. Com cursos personalizados alinhados ao seu curr\u00edculo, voc\u00ea vai poder usar a tecnologia de ponta da Voxy como uma extens\u00e3o do programa da sua institui\u00e7\u00e3o.<\/p>\n<a href=\"#demoform\" class=\"button primary\"  >\n\t\t<span>Solicitar uma demonstra\u00e7\u00e3o<\/span>\n\t<\/a>\n\n\t\t<\/div>\n\t\t\t\t\t<\/div>\n\n\t\n<\/div>\n\t\t<\/div>\n\n\t\t\n<style>\n#section_1207721132 {\n  padding-top: 60px;\n  padding-bottom: 60px;\n  background-color: rgb(195, 239, 237);\n}\n<\/style>\n\t<\/section>\n\t\n<div class=\"message-box relative\" style=\"padding-top:60px;padding-bottom:60px;\"><div class=\"message-box-bg-image bg-fill fill\" ><\/div><div class=\"message-box-bg-overlay bg-fill fill\" style=\"background-color:rgb(195, 239, 237);\"><\/div><div class=\"container relative\"><div class=\"inner last-reset\">\n<div class=\"row align-middle align-center\"  id=\"row-464469504\">\n\n\t<div id=\"col-460904579\" class=\"col medium-6 small-12 large-6\"  >\n\t\t\t\t<div class=\"col-inner\"  >\n\t\t\t\n\t\t\t\n<h2>Tamb\u00e9m podemos integrar o seu conte\u00fado<\/h2>\n<p>Se a sua organiza\u00e7\u00e3o j\u00e1 possui conte\u00fados especializados que voc\u00ea quer que seus alunos aprendam, tamb\u00e9m podemos incorporar esses materiais diretamente na plataforma e transform\u00e1-los em li\u00e7\u00f5es de ingl\u00eas.<\/p>\n\t\t<\/div>\n\t\t\t\t\t<\/div>\n\n\t\n\n\t<div id=\"col-133632102\" class=\"col medium-5 small-12 large-5\"  >\n\t\t\t\t<div class=\"col-inner text-center\"  >\n\t\t\t\n\t\t\t\n<a href=\"\/features\/content-integration\/?lang=pt-br\" class=\"button primary box-shadow-1\"  >\n\t\t<span>SAIBA MAIS SOBRE INTEGRA\u00c7\u00c3O DE CONTE\u00daDO<\/span>\n\t<\/a>\n\n\t\t<\/div>\n\t\t\t\t\t<\/div>\n\n\t\n<\/div>\n<\/div><\/div><\/div>\n","protected":false},"excerpt":{"rendered":"","protected":false},"author":1,"featured_media":98995,"parent":0,"menu_order":0,"comment_status":"closed","ping_status":"closed","template":"page-transparent-header-light.php","meta":{"footnotes":""},"class_list":["post-12940","page","type-page","status-publish","has-post-thumbnail","hentry"],"yoast_head":"<!-- This site is optimized with the Yoast SEO plugin v26.7 - https:\/\/yoast.com\/wordpress\/plugins\/seo\/ -->\n<title>Cursos alinhados ao seu curr\u00edculo - Voxy<\/title>\n<meta name=\"description\" content=\"A Voxy cria cursos personalizados que se alinham ao curr\u00edculo de curso de Ingl\u00eas da sua escola para que voc\u00ea possa oferecer aos seus alunos conte\u00fado do mundo real por meio da web e de aplicativos m\u00f3veis da Voxy.\" \/>\n<meta name=\"robots\" content=\"index, follow, max-snippet:-1, max-image-preview:large, max-video-preview:-1\" \/>\n<link rel=\"canonical\" href=\"https:\/\/voxy.com\/pt-br\/features\/curriculum-aligned-courses\/\" \/>\n<meta property=\"og:locale\" content=\"pt_BR\" \/>\n<meta property=\"og:type\" content=\"article\" \/>\n<meta property=\"og:title\" content=\"Cursos alinhados ao seu curr\u00edculo - Voxy\" \/>\n<meta property=\"og:description\" content=\"A Voxy cria cursos personalizados que se alinham ao curr\u00edculo de curso de Ingl\u00eas da sua escola para que voc\u00ea possa oferecer aos seus alunos conte\u00fado do mundo real por meio da web e de aplicativos m\u00f3veis da Voxy.\" \/>\n<meta property=\"og:url\" content=\"https:\/\/voxy.com\/pt-br\/features\/curriculum-aligned-courses\/\" \/>\n<meta property=\"og:site_name\" content=\"Voxy\" \/>\n<meta property=\"article:publisher\" content=\"https:\/\/www.facebook.com\/goVOXY\/\" \/>\n<meta property=\"article:modified_time\" content=\"2026-02-27T00:27:03+00:00\" \/>\n<meta property=\"og:image\" content=\"https:\/\/voxy.com\/wp-content\/uploads\/2017\/03\/computer-study.png\" \/>\n\t<meta property=\"og:image:width\" content=\"1500\" \/>\n\t<meta property=\"og:image:height\" content=\"1001\" \/>\n\t<meta property=\"og:image:type\" content=\"image\/png\" \/>\n<meta name=\"twitter:card\" content=\"summary_large_image\" \/>\n<meta name=\"twitter:site\" content=\"@Voxy\" \/>\n<meta name=\"twitter:label1\" content=\"Est. tempo de leitura\" \/>\n\t<meta name=\"twitter:data1\" content=\"2 minutos\" \/>\n<script type=\"application\/ld+json\" class=\"yoast-schema-graph\">{\"@context\":\"https:\/\/schema.org\",\"@graph\":[{\"@type\":\"WebPage\",\"@id\":\"https:\/\/voxy.com\/pt-br\/features\/curriculum-aligned-courses\/\",\"url\":\"https:\/\/voxy.com\/pt-br\/features\/curriculum-aligned-courses\/\",\"name\":\"Cursos alinhados ao seu curr\u00edculo - Voxy\",\"isPartOf\":{\"@id\":\"https:\/\/voxy.com\/pt-br\/#website\"},\"primaryImageOfPage\":{\"@id\":\"https:\/\/voxy.com\/pt-br\/features\/curriculum-aligned-courses\/#primaryimage\"},\"image\":{\"@id\":\"https:\/\/voxy.com\/pt-br\/features\/curriculum-aligned-courses\/#primaryimage\"},\"thumbnailUrl\":\"https:\/\/voxy.com\/wp-content\/uploads\/2017\/03\/computer-study.png\",\"datePublished\":\"2017-02-28T21:21:45+00:00\",\"dateModified\":\"2026-02-27T00:27:03+00:00\",\"description\":\"A Voxy cria cursos personalizados que se alinham ao curr\u00edculo de curso de Ingl\u00eas da sua escola para que voc\u00ea possa oferecer aos seus alunos conte\u00fado do mundo real por meio da web e de aplicativos m\u00f3veis da Voxy.\",\"breadcrumb\":{\"@id\":\"https:\/\/voxy.com\/pt-br\/features\/curriculum-aligned-courses\/#breadcrumb\"},\"inLanguage\":\"pt-BR\",\"potentialAction\":[{\"@type\":\"ReadAction\",\"target\":[\"https:\/\/voxy.com\/pt-br\/features\/curriculum-aligned-courses\/\"]}]},{\"@type\":\"ImageObject\",\"inLanguage\":\"pt-BR\",\"@id\":\"https:\/\/voxy.com\/pt-br\/features\/curriculum-aligned-courses\/#primaryimage\",\"url\":\"https:\/\/voxy.com\/wp-content\/uploads\/2017\/03\/computer-study.png\",\"contentUrl\":\"https:\/\/voxy.com\/wp-content\/uploads\/2017\/03\/computer-study.png\",\"width\":1500,\"height\":1001},{\"@type\":\"BreadcrumbList\",\"@id\":\"https:\/\/voxy.com\/pt-br\/features\/curriculum-aligned-courses\/#breadcrumb\",\"itemListElement\":[{\"@type\":\"ListItem\",\"position\":1,\"name\":\"Home\",\"item\":\"https:\/\/voxy.com\/\"},{\"@type\":\"ListItem\",\"position\":2,\"name\":\"Cursos alinhados ao seu curr\u00edculo\"}]},{\"@type\":\"WebSite\",\"@id\":\"https:\/\/voxy.com\/pt-br\/#website\",\"url\":\"https:\/\/voxy.com\/pt-br\/\",\"name\":\"Voxy\",\"description\":\"Changing the way the world learns English\",\"potentialAction\":[{\"@type\":\"SearchAction\",\"target\":{\"@type\":\"EntryPoint\",\"urlTemplate\":\"https:\/\/voxy.com\/pt-br\/?s={search_term_string}\"},\"query-input\":{\"@type\":\"PropertyValueSpecification\",\"valueRequired\":true,\"valueName\":\"search_term_string\"}}],\"inLanguage\":\"pt-BR\"}]}<\/script>\n<!-- \/ Yoast SEO plugin. -->","yoast_head_json":{"title":"Cursos alinhados ao seu curr\u00edculo - Voxy","description":"A Voxy cria cursos personalizados que se alinham ao curr\u00edculo de curso de Ingl\u00eas da sua escola para que voc\u00ea possa oferecer aos seus alunos conte\u00fado do mundo real por meio da web e de aplicativos m\u00f3veis da Voxy.","robots":{"index":"index","follow":"follow","max-snippet":"max-snippet:-1","max-image-preview":"max-image-preview:large","max-video-preview":"max-video-preview:-1"},"canonical":"https:\/\/voxy.com\/pt-br\/features\/curriculum-aligned-courses\/","og_locale":"pt_BR","og_type":"article","og_title":"Cursos alinhados ao seu curr\u00edculo - Voxy","og_description":"A Voxy cria cursos personalizados que se alinham ao curr\u00edculo de curso de Ingl\u00eas da sua escola para que voc\u00ea possa oferecer aos seus alunos conte\u00fado do mundo real por meio da web e de aplicativos m\u00f3veis da Voxy.","og_url":"https:\/\/voxy.com\/pt-br\/features\/curriculum-aligned-courses\/","og_site_name":"Voxy","article_publisher":"https:\/\/www.facebook.com\/goVOXY\/","article_modified_time":"2026-02-27T00:27:03+00:00","og_image":[{"width":1500,"height":1001,"url":"https:\/\/voxy.com\/wp-content\/uploads\/2017\/03\/computer-study.png","type":"image\/png"}],"twitter_card":"summary_large_image","twitter_site":"@Voxy","twitter_misc":{"Est. tempo de leitura":"2 minutos"},"schema":{"@context":"https:\/\/schema.org","@graph":[{"@type":"WebPage","@id":"https:\/\/voxy.com\/pt-br\/features\/curriculum-aligned-courses\/","url":"https:\/\/voxy.com\/pt-br\/features\/curriculum-aligned-courses\/","name":"Cursos alinhados ao seu curr\u00edculo - Voxy","isPartOf":{"@id":"https:\/\/voxy.com\/pt-br\/#website"},"primaryImageOfPage":{"@id":"https:\/\/voxy.com\/pt-br\/features\/curriculum-aligned-courses\/#primaryimage"},"image":{"@id":"https:\/\/voxy.com\/pt-br\/features\/curriculum-aligned-courses\/#primaryimage"},"thumbnailUrl":"https:\/\/voxy.com\/wp-content\/uploads\/2017\/03\/computer-study.png","datePublished":"2017-02-28T21:21:45+00:00","dateModified":"2026-02-27T00:27:03+00:00","description":"A Voxy cria cursos personalizados que se alinham ao curr\u00edculo de curso de Ingl\u00eas da sua escola para que voc\u00ea possa oferecer aos seus alunos conte\u00fado do mundo real por meio da web e de aplicativos m\u00f3veis da Voxy.","breadcrumb":{"@id":"https:\/\/voxy.com\/pt-br\/features\/curriculum-aligned-courses\/#breadcrumb"},"inLanguage":"pt-BR","potentialAction":[{"@type":"ReadAction","target":["https:\/\/voxy.com\/pt-br\/features\/curriculum-aligned-courses\/"]}]},{"@type":"ImageObject","inLanguage":"pt-BR","@id":"https:\/\/voxy.com\/pt-br\/features\/curriculum-aligned-courses\/#primaryimage","url":"https:\/\/voxy.com\/wp-content\/uploads\/2017\/03\/computer-study.png","contentUrl":"https:\/\/voxy.com\/wp-content\/uploads\/2017\/03\/computer-study.png","width":1500,"height":1001},{"@type":"BreadcrumbList","@id":"https:\/\/voxy.com\/pt-br\/features\/curriculum-aligned-courses\/#breadcrumb","itemListElement":[{"@type":"ListItem","position":1,"name":"Home","item":"https:\/\/voxy.com\/"},{"@type":"ListItem","position":2,"name":"Cursos alinhados ao seu curr\u00edculo"}]},{"@type":"WebSite","@id":"https:\/\/voxy.com\/pt-br\/#website","url":"https:\/\/voxy.com\/pt-br\/","name":"Voxy","description":"Changing the way the world learns English","potentialAction":[{"@type":"SearchAction","target":{"@type":"EntryPoint","urlTemplate":"https:\/\/voxy.com\/pt-br\/?s={search_term_string}"},"query-input":{"@type":"PropertyValueSpecification","valueRequired":true,"valueName":"search_term_string"}}],"inLanguage":"pt-BR"}]}},"_links":{"self":[{"href":"https:\/\/voxy.com\/pt-br\/wp-json\/wp\/v2\/pages\/12940","targetHints":{"allow":["GET"]}}],"collection":[{"href":"https:\/\/voxy.com\/pt-br\/wp-json\/wp\/v2\/pages"}],"about":[{"href":"https:\/\/voxy.com\/pt-br\/wp-json\/wp\/v2\/types\/page"}],"author":[{"embeddable":true,"href":"https:\/\/voxy.com\/pt-br\/wp-json\/wp\/v2\/users\/1"}],"replies":[{"embeddable":true,"href":"https:\/\/voxy.com\/pt-br\/wp-json\/wp\/v2\/comments?post=12940"}],"version-history":[{"count":1,"href":"https:\/\/voxy.com\/pt-br\/wp-json\/wp\/v2\/pages\/12940\/revisions"}],"predecessor-version":[{"id":134800,"href":"https:\/\/voxy.com\/pt-br\/wp-json\/wp\/v2\/pages\/12940\/revisions\/134800"}],"wp:featuredmedia":[{"embeddable":true,"href":"https:\/\/voxy.com\/pt-br\/wp-json\/wp\/v2\/media\/98995"}],"wp:attachment":[{"href":"https:\/\/voxy.com\/pt-br\/wp-json\/wp\/v2\/media?parent=12940"}],"curies":[{"name":"wp","href":"https:\/\/api.w.org\/{rel}","templated":true}]}}