{"id":121569,"date":"2023-10-27T15:11:00","date_gmt":"2023-10-27T19:11:00","guid":{"rendered":"https:\/\/voxy.com\/?page_id=121569"},"modified":"2023-11-06T15:08:23","modified_gmt":"2023-11-06T20:08:23","slug":"acordos-de-nivel-de-servico-sla-suporte","status":"publish","type":"page","link":"https:\/\/voxy.com\/pt-br\/acordos-de-nivel-de-servico-sla-suporte\/","title":{"rendered":"Acordos de N\u00edvel de Servi\u00e7o (SLA) de Suporte"},"content":{"rendered":"<header class=\"entry-header\">\n<h3><b>Acordos de N\u00edvel de Servi\u00e7o (SLA) de Suporte<\/b><\/h3>\n<p><span style=\"font-weight: 400;\">A Voxy tem dois canais de suporte principais: um para clientes e outro para alunos.<\/span><\/p>\n<p><span style=\"font-weight: 400;\">Canais de suporte e consulta para <\/span><b>clientes<\/b><span style=\"font-weight: 400;\">:<\/span><br \/>\n<span style=\"font-weight: 400;\">Partner Help Center<\/span><span style=\"font-weight: 400;\">: <\/span><a href=\"https:\/\/voxypartner.zendesk.com\/hc\/pt-br\"><span style=\"font-weight: 400;\">https:\/\/voxypartner.zendesk.com\/hc\/pt-br<\/span><\/a><span style=\"font-weight: 400;\">\u00a0<\/span><br \/>\n<span style=\"font-weight: 400;\">E-mail:<\/span> <a href=\"mailto:partner.support@voxy.com\"><span style=\"font-weight: 400;\">partner.support@voxy.com<\/span><\/a><\/p>\n<p><span style=\"font-weight: 400;\">Canais de suporte e consulta para <\/span><b>alunos<\/b><span style=\"font-weight: 400;\">:<\/span><br \/>\n<span style=\"font-weight: 400;\">Learner Help Center<\/span><span style=\"font-weight: 400;\">: <\/span><a href=\"http:\/\/support.voxy.com\"><span style=\"font-weight: 400;\">http:\/\/support.voxy.com<\/span><\/a><br \/>\n<span style=\"font-weight: 400;\">E-mail<\/span><span style=\"font-weight: 400;\">: <\/span><a href=\"mailto:support@voxy.com\"><span style=\"font-weight: 400;\">support@voxy.com<\/span><\/a><\/p>\n<p><span style=\"font-weight: 400;\">A equipe da Voxy far\u00e1 o poss\u00edvel, dentro das expectativas razo\u00e1veis, para cumprir as seguintes metas de atendimento:<\/span><\/p>\n<table>\n<tbody>\n<tr>\n<td><b>Tipo de solicita\u00e7\u00e3o<\/b><\/td>\n<td><b>Descri\u00e7\u00e3o da solicita\u00e7\u00e3o<\/b><\/td>\n<td><b>Tempo estimado\u00a0<\/b><\/p>\n<p><b>de resposta*<\/b><\/td>\n<td><b>Tempo estimado de resolu\u00e7\u00e3o<\/b><\/td>\n<\/tr>\n<tr>\n<td><span style=\"font-weight: 400;\">Atendimento ao aluno<\/span><\/td>\n<td><span style=\"font-weight: 400;\">Resolu\u00e7\u00e3o de problemas e d\u00favidas gerais dos alunos e compartilhamento de dicas de estudo<\/span><\/td>\n<td><span style=\"font-weight: 400;\">12\u00a0horas \u00fateis<\/span><\/td>\n<td><span style=\"font-weight: 400;\">n\/d<\/span><\/td>\n<\/tr>\n<tr>\n<td><span style=\"font-weight: 400;\">Atendimento ao cliente<\/span><\/td>\n<td><span style=\"font-weight: 400;\">Envio de perguntas gerais, notifica\u00e7\u00e3o sobre comportamentos inesperados na plataforma web e\/ou nos aplicativos m\u00f3veis e solicita\u00e7\u00e3o de recursos**<\/span><\/td>\n<td><span style=\"font-weight: 400;\">8\u00a0horas \u00fateis<\/span><\/td>\n<td><span style=\"font-weight: 400;\">n\/d<\/span><\/td>\n<\/tr>\n<tr>\n<td><span style=\"font-weight: 400;\">Configura\u00e7\u00e3o da plataforma<\/span><\/td>\n<td><span style=\"font-weight: 400;\">Cria\u00e7\u00e3o de novos grupos de recursos, cria\u00e7\u00e3o de novos acessos ao Voxy Command Center e registro\/atualiza\u00e7\u00e3o de alunos (quando aplic\u00e1vel)<\/span><\/td>\n<td><span style=\"font-weight: 400;\">n\/d<\/span><\/td>\n<td><span style=\"font-weight: 400;\">2\u00a0dias \u00fateis<\/span><\/td>\n<\/tr>\n<\/tbody>\n<\/table>\n<p><span style=\"font-weight: 400;\">* A equipe de suporte est\u00e1 localizada no Brasil (GMT-3), Europa (GMT+2), e \u00c1sia e segue o calend\u00e1rio de feriados p\u00fablicos do pa\u00eds.<\/span><\/p>\n<p><span style=\"font-weight: 400;\">** As solicita\u00e7\u00f5es de recursos, aprimoramentos e corre\u00e7\u00f5es de erros ser\u00e3o avaliadas e priorizadas em fun\u00e7\u00e3o do atual roadmap de produtos da Voxy. N\u00e3o podemos assegurar tempos estimados de resposta ou de resolu\u00e7\u00e3o para tais solicita\u00e7\u00f5es.<\/span><\/p>\n<h3><b>Modelo de suporte cont\u00ednuo<\/b><\/h3>\n<p><strong>1. Customer Success Manager dedicado<\/strong><\/p>\n<p><span style=\"font-weight: 400;\">O Customer Success Manager (CSM) ser\u00e1 o ponto de contato prim\u00e1rio do cliente com a Voxy. O CSM atua como um consultor empresarial e como um especialista na \u00e1rea de educa\u00e7\u00e3o digital. Ele orientar\u00e1 o cliente durante o processo de implementa\u00e7\u00e3o e compartilhar\u00e1 melhores pr\u00e1ticas com o objetivo de fornecer todas as ferramentas necess\u00e1rias para que o cliente possa alcan\u00e7ar suas metas com a Voxy.<\/span><\/p>\n<p><strong>2. Consultoria relativa \u00e0 implementa\u00e7\u00e3o<\/strong><\/p>\n<p><span style=\"font-weight: 400;\">Uma vez firmado o contrato, o cliente ser\u00e1 apresentado ao seu CSM durante uma reuni\u00e3o inicial. Juntos, o CSM e o cliente planejar\u00e3o os passos necess\u00e1rios para o lan\u00e7amento do programa, que podem incluir ou n\u00e3o consultoria pedag\u00f3gica, configura\u00e7\u00e3o da plataforma, apresenta\u00e7\u00f5es para alunos e capacita\u00e7\u00e3o adicional.<\/span><\/p>\n<p><strong>3. Suporte cont\u00ednuo<\/strong><\/p>\n<p><span style=\"font-weight: 400;\">Ap\u00f3s o lan\u00e7amento oficial do programa, o CSM monitorar\u00e1 regularmente o comportamento, o progresso e as tend\u00eancias de engajamento dos alunos da organiza\u00e7\u00e3o do cliente. O CSM tamb\u00e9m marcar\u00e1 reuni\u00f5es de revis\u00e3o comercial regularmente, durante as quais o cliente e o CSM discutir\u00e3o o status do programa de capacita\u00e7\u00e3o em ingl\u00eas e o CSM ajudar\u00e1 o cliente a definir os pr\u00f3ximos passos para garantir que as metas comerciais da empresa sejam alcan\u00e7adas.<\/span><\/p>\n<p><b>Acordos de N\u00edvel de Servi\u00e7o (SLA) T\u00e9cnico<\/b><\/p>\n<p><b>Anexo A-1<\/b><\/p>\n<p><b>Acordo de N\u00edvel de Servi\u00e7o da Plataforma<\/b><\/p>\n<ul>\n<li style=\"font-weight: 400;\" aria-level=\"1\"><span style=\"font-weight: 400;\">Coordena\u00e7\u00e3o<\/span><span style=\"font-weight: 400;\">.\u00a0 A Empresa ser\u00e1 respons\u00e1vel por coordenar todos os trabalhos de isolamento, teste e reparo de incidentes. Durante o isolamento e resolu\u00e7\u00e3o de incidentes, a Empresa comunicar\u00e1 o progresso da resolu\u00e7\u00e3o do incidente ao Cliente e far\u00e1 o poss\u00edvel para resolver o incidente, dentro das expectativas razo\u00e1veis.\u00a0<\/span><\/li>\n<li style=\"font-weight: 400;\" aria-level=\"1\"><span style=\"font-weight: 400;\">Seguran\u00e7a<\/span><span style=\"font-weight: 400;\">. A Empresa comunicar\u00e1 qualquer viola\u00e7\u00e3o de seguran\u00e7a conhecida que resulte na divulga\u00e7\u00e3o de informa\u00e7\u00f5es internas dentro de 24\u00a0horas \u00fateis (UTC-5).\u00a0<\/span><\/li>\n<li style=\"font-weight: 400;\" aria-level=\"1\"><span style=\"font-weight: 400;\">Compromisso do tempo de atividade<\/span><span style=\"font-weight: 400;\">. A Empresa garantir\u00e1 um tempo de atividade de 99,5% (\u201c<\/span><b>limiar de servi\u00e7o<\/b><span style=\"font-weight: 400;\">\u201d) para o Produto. Os c\u00e1lculos do limiar de servi\u00e7o excluem as interrup\u00e7\u00f5es programadas.\u00a0 A conformidade com o limiar de servi\u00e7o ser\u00e1 medida por m\u00eas-calend\u00e1rio.<\/span><\/li>\n<li style=\"font-weight: 400;\" aria-level=\"1\"><span style=\"font-weight: 400;\">Interrup\u00e7\u00f5es<\/span><span style=\"font-weight: 400;\">.\u00a0 Define-se \u201c<\/span><b>interrup\u00e7\u00e3o<\/b><span style=\"font-weight: 400;\">\u201d como o n\u00famero de minutos durante o qual os produtos n\u00e3o est\u00e3o dispon\u00edveis para todos os usu\u00e1rios finais. Excluem-se desta defini\u00e7\u00e3o as interrup\u00e7\u00f5es programadas conforme descrito abaixo.<\/span><\/li>\n<li style=\"font-weight: 400;\" aria-level=\"1\"><span style=\"font-weight: 400;\">Exclus\u00f5es ao SLA<\/span><span style=\"font-weight: 400;\">. A Empresa n\u00e3o ser\u00e1 respons\u00e1vel por interrup\u00e7\u00f5es causadas por eventos de for\u00e7a maior, como interrup\u00e7\u00f5es regionais ou nacionais do servi\u00e7o de Internet, incluindo chamadas da API do Cliente que excedam 5.000 a cada 5\u00a0minutos. A Empresa n\u00e3o ser\u00e1 respons\u00e1vel por quaisquer interrup\u00e7\u00f5es resultantes de equipamentos ou software do Cliente que n\u00e3o estiverem sob o controle direto da Empresa. A Empresa n\u00e3o ser\u00e1 respons\u00e1vel por danos, perdas ou atrasos resultantes do n\u00e3o fornecimento de componentes ou assist\u00eancia que devem ser fornecidos pelo Cliente \u00e0 Empresa de acordo com expectativas temporais e comerciais razo\u00e1veis.A Empresa n\u00e3o ser\u00e1 respons\u00e1vel por interrup\u00e7\u00f5es decorrentes da suspens\u00e3o ou termina\u00e7\u00e3o do direito do Cliente de usar o Servi\u00e7o conforme permitido ou exigido pelos Termos de Uso, pela Pol\u00edtica de Uso Aceit\u00e1vel, por mandados judiciais ou governamentais ou por outros acordos.<\/span><\/li>\n<li style=\"font-weight: 400;\" aria-level=\"1\"><span style=\"font-weight: 400;\">Interrup\u00e7\u00f5es programadas<\/span><span style=\"font-weight: 400;\">.<\/span><\/li>\n<\/ul>\n<p><span style=\"font-weight: 400;\">(a)<\/span> <span style=\"font-weight: 400;\">Manuten\u00e7\u00e3o regular<\/span><span style=\"font-weight: 400;\">.\u00a0 Define-se \u201cmanuten\u00e7\u00e3o regular\u201d como a manuten\u00e7\u00e3o de rotina programada fora da manuten\u00e7\u00e3o pr\u00e9-programada descrita acima. A Empresa comunicar\u00e1 previamente as manuten\u00e7\u00f5es regulares ao Cliente.<\/span><\/p>\n<p><span style=\"font-weight: 400;\">(c)<\/span> <span style=\"font-weight: 400;\">Manuten\u00e7\u00e3o de emerg\u00eancia<\/span><span style=\"font-weight: 400;\">.\u00a0 Define-se \u201cmanuten\u00e7\u00e3o de emerg\u00eancia\u201d como a manuten\u00e7\u00e3o que deve ser executada imediatamente, independentemente da hora do dia.\u00a0 A Empresa pode n\u00e3o ser capaz de comunicar previamente as manuten\u00e7\u00f5es de emerg\u00eancia.<\/span><\/p>\n<p><span style=\"font-weight: 400;\">Manuten\u00e7\u00f5es regulares e manuten\u00e7\u00f5es de emerg\u00eancia n\u00e3o s\u00e3o consideradas interrup\u00e7\u00f5es a t\u00edtulo do c\u00e1lculo do limiar de servi\u00e7o.<\/span><\/p>\n<p><span style=\"font-weight: 400;\">Cr\u00e9ditos do Servi\u00e7o:<\/span><span style=\"font-weight: 400;\"> Caso, em algum m\u00eas, a Disponibilidade do Servi\u00e7o n\u00e3o atenda ao Compromisso de Disponibilidade estabelecido, a Voxy oferecer\u00e1 um cr\u00e9dito (\u201c<\/span><b>Cr\u00e9dito por SLA<\/b><span style=\"font-weight: 400;\">\u201d) conforme indicado na tabela abaixo. Cada Cr\u00e9dito por SLA ser\u00e1 calculado multiplicando (i) a taxa proporcional \u00e0 assinatura mensal do Servi\u00e7o (ou da licen\u00e7a) cobrada pelo m\u00eas afetado pela (ii) porcentagem aplic\u00e1vel de Cr\u00e9dito por SLA estipulada na tabela a seguir:<\/span><span style=\"font-weight: 400;\"><br \/>\n<\/span><span style=\"font-weight: 400;\">Porcentagem de Cr\u00e9dito por SLA em rela\u00e7\u00e3o \u00e0 Disponibilidade do Servi\u00e7o<\/span><\/p>\n<table>\n<tbody>\n<tr>\n<td><b>Disponibilidade do Servi\u00e7o<\/b><\/td>\n<td><b>Porcentagem de Cr\u00e9dito por SLA<\/b><\/td>\n<\/tr>\n<tr>\n<td><span style=\"font-weight: 400;\">100%-99.5%<\/span><\/td>\n<td><span style=\"font-weight: 400;\">0%<\/span><\/td>\n<\/tr>\n<tr>\n<td><span style=\"font-weight: 400;\">&lt;99.5% &#8211; &gt;=95.0%<\/span><\/td>\n<td><span style=\"font-weight: 400;\">5%<\/span><\/td>\n<\/tr>\n<tr>\n<td><span style=\"font-weight: 400;\">&lt;95.0%\u00a0<\/span><\/td>\n<td><span style=\"font-weight: 400;\">15%<\/span><\/td>\n<\/tr>\n<tr>\n<td><\/td>\n<td><\/td>\n<\/tr>\n<\/tbody>\n<\/table>\n<p><span style=\"font-weight: 400;\">O cr\u00e9dito acima ser\u00e1 a \u00fanica compensa\u00e7\u00e3o pelo n\u00e3o atendimento ao Compromisso de Disponibilidade. Os valores pagos e\/ou devidos \u00e0 Voxy n\u00e3o ser\u00e3o descontados e n\u00e3o s\u00e3o reembols\u00e1veis.<\/span><\/p>\n<\/header>\n","protected":false},"excerpt":{"rendered":"<p>Acordos de N\u00edvel de Servi\u00e7o (SLA) de Suporte A Voxy tem dois canais de suporte principais: um para clientes e outro para alunos. Canais de suporte e consulta para clientes: Partner Help Center: https:\/\/voxypartner.zendesk.com\/hc\/pt-br\u00a0 E-mail: partner.support@voxy.com Canais de suporte e consulta para alunos: Learner Help Center: http:\/\/support.voxy.com E-mail: support@voxy.com A equipe da Voxy far\u00e1 o [&#8230;]\n","protected":false},"author":57,"featured_media":0,"parent":0,"menu_order":0,"comment_status":"closed","ping_status":"closed","template":"","meta":{"footnotes":""},"class_list":["post-121569","page","type-page","status-publish","hentry"],"yoast_head":"<!-- This site is optimized with the Yoast SEO plugin v26.7 - https:\/\/yoast.com\/wordpress\/plugins\/seo\/ -->\n<title>Acordos de N\u00edvel de Servi\u00e7o (SLA) de Suporte - Voxy<\/title>\n<meta name=\"description\" content=\"Saiba mais sobre os termos de uso da Voxy.\" \/>\n<meta name=\"robots\" content=\"noindex, nofollow\" \/>\n<meta property=\"og:locale\" content=\"pt_BR\" \/>\n<meta property=\"og:type\" content=\"article\" \/>\n<meta property=\"og:title\" content=\"Acordos de N\u00edvel de Servi\u00e7o (SLA) de Suporte - Voxy\" \/>\n<meta property=\"og:description\" content=\"Saiba mais sobre os termos de uso da Voxy.\" \/>\n<meta property=\"og:url\" content=\"https:\/\/voxy.com\/pt-br\/acordos-de-nivel-de-servico-sla-suporte\/\" \/>\n<meta property=\"og:site_name\" content=\"Voxy\" \/>\n<meta property=\"article:publisher\" content=\"https:\/\/www.facebook.com\/goVOXY\/\" \/>\n<meta property=\"article:modified_time\" content=\"2023-11-06T20:08:23+00:00\" \/>\n<meta name=\"twitter:card\" content=\"summary_large_image\" \/>\n<meta name=\"twitter:site\" content=\"@Voxy\" \/>\n<meta name=\"twitter:label1\" content=\"Est. tempo de leitura\" \/>\n\t<meta name=\"twitter:data1\" content=\"4 minutos\" \/>\n<script type=\"application\/ld+json\" class=\"yoast-schema-graph\">{\"@context\":\"https:\/\/schema.org\",\"@graph\":[{\"@type\":\"WebPage\",\"@id\":\"https:\/\/voxy.com\/pt-br\/acordos-de-nivel-de-servico-sla-suporte\/\",\"url\":\"https:\/\/voxy.com\/pt-br\/acordos-de-nivel-de-servico-sla-suporte\/\",\"name\":\"Acordos de N\u00edvel de Servi\u00e7o (SLA) de Suporte - Voxy\",\"isPartOf\":{\"@id\":\"https:\/\/voxy.com\/pt-br\/#website\"},\"datePublished\":\"2023-10-27T19:11:00+00:00\",\"dateModified\":\"2023-11-06T20:08:23+00:00\",\"description\":\"Saiba mais sobre os termos de uso da Voxy.\",\"breadcrumb\":{\"@id\":\"https:\/\/voxy.com\/pt-br\/acordos-de-nivel-de-servico-sla-suporte\/#breadcrumb\"},\"inLanguage\":\"pt-BR\",\"potentialAction\":[{\"@type\":\"ReadAction\",\"target\":[\"https:\/\/voxy.com\/pt-br\/acordos-de-nivel-de-servico-sla-suporte\/\"]}]},{\"@type\":\"BreadcrumbList\",\"@id\":\"https:\/\/voxy.com\/pt-br\/acordos-de-nivel-de-servico-sla-suporte\/#breadcrumb\",\"itemListElement\":[{\"@type\":\"ListItem\",\"position\":1,\"name\":\"Home\",\"item\":\"https:\/\/voxy.com\/\"},{\"@type\":\"ListItem\",\"position\":2,\"name\":\"Acordos de N\u00edvel de Servi\u00e7o (SLA) de Suporte\"}]},{\"@type\":\"WebSite\",\"@id\":\"https:\/\/voxy.com\/pt-br\/#website\",\"url\":\"https:\/\/voxy.com\/pt-br\/\",\"name\":\"Voxy\",\"description\":\"Changing the way the world learns English\",\"potentialAction\":[{\"@type\":\"SearchAction\",\"target\":{\"@type\":\"EntryPoint\",\"urlTemplate\":\"https:\/\/voxy.com\/pt-br\/?s={search_term_string}\"},\"query-input\":{\"@type\":\"PropertyValueSpecification\",\"valueRequired\":true,\"valueName\":\"search_term_string\"}}],\"inLanguage\":\"pt-BR\"}]}<\/script>\n<!-- \/ Yoast SEO plugin. -->","yoast_head_json":{"title":"Acordos de N\u00edvel de Servi\u00e7o (SLA) de Suporte - Voxy","description":"Saiba mais sobre os termos de uso da Voxy.","robots":{"index":"noindex","follow":"nofollow"},"og_locale":"pt_BR","og_type":"article","og_title":"Acordos de N\u00edvel de Servi\u00e7o (SLA) de Suporte - Voxy","og_description":"Saiba mais sobre os termos de uso da Voxy.","og_url":"https:\/\/voxy.com\/pt-br\/acordos-de-nivel-de-servico-sla-suporte\/","og_site_name":"Voxy","article_publisher":"https:\/\/www.facebook.com\/goVOXY\/","article_modified_time":"2023-11-06T20:08:23+00:00","twitter_card":"summary_large_image","twitter_site":"@Voxy","twitter_misc":{"Est. tempo de leitura":"4 minutos"},"schema":{"@context":"https:\/\/schema.org","@graph":[{"@type":"WebPage","@id":"https:\/\/voxy.com\/pt-br\/acordos-de-nivel-de-servico-sla-suporte\/","url":"https:\/\/voxy.com\/pt-br\/acordos-de-nivel-de-servico-sla-suporte\/","name":"Acordos de N\u00edvel de Servi\u00e7o (SLA) de Suporte - Voxy","isPartOf":{"@id":"https:\/\/voxy.com\/pt-br\/#website"},"datePublished":"2023-10-27T19:11:00+00:00","dateModified":"2023-11-06T20:08:23+00:00","description":"Saiba mais sobre os termos de uso da Voxy.","breadcrumb":{"@id":"https:\/\/voxy.com\/pt-br\/acordos-de-nivel-de-servico-sla-suporte\/#breadcrumb"},"inLanguage":"pt-BR","potentialAction":[{"@type":"ReadAction","target":["https:\/\/voxy.com\/pt-br\/acordos-de-nivel-de-servico-sla-suporte\/"]}]},{"@type":"BreadcrumbList","@id":"https:\/\/voxy.com\/pt-br\/acordos-de-nivel-de-servico-sla-suporte\/#breadcrumb","itemListElement":[{"@type":"ListItem","position":1,"name":"Home","item":"https:\/\/voxy.com\/"},{"@type":"ListItem","position":2,"name":"Acordos de N\u00edvel de Servi\u00e7o (SLA) de Suporte"}]},{"@type":"WebSite","@id":"https:\/\/voxy.com\/pt-br\/#website","url":"https:\/\/voxy.com\/pt-br\/","name":"Voxy","description":"Changing the way the world learns English","potentialAction":[{"@type":"SearchAction","target":{"@type":"EntryPoint","urlTemplate":"https:\/\/voxy.com\/pt-br\/?s={search_term_string}"},"query-input":{"@type":"PropertyValueSpecification","valueRequired":true,"valueName":"search_term_string"}}],"inLanguage":"pt-BR"}]}},"_links":{"self":[{"href":"https:\/\/voxy.com\/pt-br\/wp-json\/wp\/v2\/pages\/121569","targetHints":{"allow":["GET"]}}],"collection":[{"href":"https:\/\/voxy.com\/pt-br\/wp-json\/wp\/v2\/pages"}],"about":[{"href":"https:\/\/voxy.com\/pt-br\/wp-json\/wp\/v2\/types\/page"}],"author":[{"embeddable":true,"href":"https:\/\/voxy.com\/pt-br\/wp-json\/wp\/v2\/users\/57"}],"replies":[{"embeddable":true,"href":"https:\/\/voxy.com\/pt-br\/wp-json\/wp\/v2\/comments?post=121569"}],"version-history":[{"count":0,"href":"https:\/\/voxy.com\/pt-br\/wp-json\/wp\/v2\/pages\/121569\/revisions"}],"wp:attachment":[{"href":"https:\/\/voxy.com\/pt-br\/wp-json\/wp\/v2\/media?parent=121569"}],"curies":[{"name":"wp","href":"https:\/\/api.w.org\/{rel}","templated":true}]}}