{"id":120248,"date":"2023-07-20T12:51:43","date_gmt":"2023-07-20T16:51:43","guid":{"rendered":"https:\/\/voxy.com\/?page_id=120248"},"modified":"2023-10-26T13:44:38","modified_gmt":"2023-10-26T17:44:38","slug":"termos-e-condicoes-anteriores","status":"publish","type":"page","link":"https:\/\/voxy.com\/pt-br\/termos-e-condicoes-anteriores\/","title":{"rendered":"Termos e Condi\u00e7\u00f5es Anteriores"},"content":{"rendered":"\n<h2 class=\"wp-block-heading\">Termos e Condi\u00e7\u00f5es Anteriores<\/h2>\n\n\n\n<p>Aten\u00e7\u00e3o: Esses termos N\u00c3O s\u00e3o os atuais. Por favor acesse&nbsp;<a href=\"https:\/\/voxy.com\/pt-br\/condicoes-juridicas\/\">o termo atual<\/a>.<\/p>\n\n\n\n<ul class=\"wp-block-list\">\n<li><a href=\"https:\/\/voxy.com\/pt-br\/condicoes-juridicas\/condicoes-juridicas-vigentes-ate-31-05-2023\/\">Termos e Condi\u00e7\u00f5es da Voxy vigente at\u00e9 31\/05\/2023<\/a><\/li>\n\n\n\n<li><a href=\"https:\/\/voxy.com\/pt-br\/condicoes-juridicas\/condicoes-juridicas-vigentes-ate-24-10-2023\/\">Termos e Condi\u00e7\u00f5es da Voxy vigente at\u00e9 24\/10\/2023<\/a><\/li>\n<\/ul>\n","protected":false},"excerpt":{"rendered":"<p>Termos e Condi\u00e7\u00f5es Anteriores Aten\u00e7\u00e3o: Esses termos N\u00c3O s\u00e3o os atuais. Por favor acesse&nbsp;o termo atual.<\/p>\n","protected":false},"author":55,"featured_media":0,"parent":0,"menu_order":0,"comment_status":"closed","ping_status":"closed","template":"","meta":{"footnotes":""},"class_list":["post-120248","page","type-page","status-publish","hentry"],"yoast_head":"<!-- This site is optimized with the Yoast SEO plugin v26.7 - https:\/\/yoast.com\/wordpress\/plugins\/seo\/ -->\n<title>Termos e Condi\u00e7\u00f5es Anteriores - Voxy<\/title>\n<meta name=\"robots\" content=\"index, follow, max-snippet:-1, max-image-preview:large, max-video-preview:-1\" \/>\n<link rel=\"canonical\" href=\"https:\/\/voxy.com\/pt-br\/termos-e-condicoes-anteriores\/\" \/>\n<meta property=\"og:locale\" content=\"pt_BR\" \/>\n<meta property=\"og:type\" content=\"article\" \/>\n<meta property=\"og:title\" content=\"Termos e Condi\u00e7\u00f5es Anteriores - Voxy\" \/>\n<meta property=\"og:description\" content=\"Termos e Condi\u00e7\u00f5es Anteriores Aten\u00e7\u00e3o: Esses termos N\u00c3O s\u00e3o os atuais. Por favor acesse&nbsp;o termo atual.\" \/>\n<meta property=\"og:url\" content=\"https:\/\/voxy.com\/pt-br\/termos-e-condicoes-anteriores\/\" \/>\n<meta property=\"og:site_name\" content=\"Voxy\" \/>\n<meta property=\"article:publisher\" content=\"https:\/\/www.facebook.com\/goVOXY\/\" \/>\n<meta property=\"article:modified_time\" content=\"2023-10-26T17:44:38+00:00\" \/>\n<meta name=\"twitter:card\" content=\"summary_large_image\" \/>\n<meta name=\"twitter:site\" content=\"@Voxy\" \/>\n<meta name=\"twitter:label1\" content=\"Est. tempo de leitura\" \/>\n\t<meta name=\"twitter:data1\" content=\"1 minuto\" \/>\n<script type=\"application\/ld+json\" class=\"yoast-schema-graph\">{\"@context\":\"https:\/\/schema.org\",\"@graph\":[{\"@type\":\"WebPage\",\"@id\":\"https:\/\/voxy.com\/pt-br\/termos-e-condicoes-anteriores\/\",\"url\":\"https:\/\/voxy.com\/pt-br\/termos-e-condicoes-anteriores\/\",\"name\":\"Termos e Condi\u00e7\u00f5es Anteriores - Voxy\",\"isPartOf\":{\"@id\":\"https:\/\/voxy.com\/pt-br\/#website\"},\"datePublished\":\"2023-07-20T16:51:43+00:00\",\"dateModified\":\"2023-10-26T17:44:38+00:00\",\"breadcrumb\":{\"@id\":\"https:\/\/voxy.com\/pt-br\/termos-e-condicoes-anteriores\/#breadcrumb\"},\"inLanguage\":\"pt-BR\",\"potentialAction\":[{\"@type\":\"ReadAction\",\"target\":[\"https:\/\/voxy.com\/pt-br\/termos-e-condicoes-anteriores\/\"]}]},{\"@type\":\"BreadcrumbList\",\"@id\":\"https:\/\/voxy.com\/pt-br\/termos-e-condicoes-anteriores\/#breadcrumb\",\"itemListElement\":[{\"@type\":\"ListItem\",\"position\":1,\"name\":\"Home\",\"item\":\"https:\/\/voxy.com\/\"},{\"@type\":\"ListItem\",\"position\":2,\"name\":\"Termos e Condi\u00e7\u00f5es Anteriores\"}]},{\"@type\":\"WebSite\",\"@id\":\"https:\/\/voxy.com\/pt-br\/#website\",\"url\":\"https:\/\/voxy.com\/pt-br\/\",\"name\":\"Voxy\",\"description\":\"Changing the way the world learns English\",\"potentialAction\":[{\"@type\":\"SearchAction\",\"target\":{\"@type\":\"EntryPoint\",\"urlTemplate\":\"https:\/\/voxy.com\/pt-br\/?s={search_term_string}\"},\"query-input\":{\"@type\":\"PropertyValueSpecification\",\"valueRequired\":true,\"valueName\":\"search_term_string\"}}],\"inLanguage\":\"pt-BR\"}]}<\/script>\n<!-- \/ Yoast SEO plugin. -->","yoast_head_json":{"title":"Termos e Condi\u00e7\u00f5es Anteriores - Voxy","robots":{"index":"index","follow":"follow","max-snippet":"max-snippet:-1","max-image-preview":"max-image-preview:large","max-video-preview":"max-video-preview:-1"},"canonical":"https:\/\/voxy.com\/pt-br\/termos-e-condicoes-anteriores\/","og_locale":"pt_BR","og_type":"article","og_title":"Termos e Condi\u00e7\u00f5es Anteriores - Voxy","og_description":"Termos e Condi\u00e7\u00f5es Anteriores Aten\u00e7\u00e3o: Esses termos N\u00c3O s\u00e3o os atuais. Por favor acesse&nbsp;o termo atual.","og_url":"https:\/\/voxy.com\/pt-br\/termos-e-condicoes-anteriores\/","og_site_name":"Voxy","article_publisher":"https:\/\/www.facebook.com\/goVOXY\/","article_modified_time":"2023-10-26T17:44:38+00:00","twitter_card":"summary_large_image","twitter_site":"@Voxy","twitter_misc":{"Est. tempo de leitura":"1 minuto"},"schema":{"@context":"https:\/\/schema.org","@graph":[{"@type":"WebPage","@id":"https:\/\/voxy.com\/pt-br\/termos-e-condicoes-anteriores\/","url":"https:\/\/voxy.com\/pt-br\/termos-e-condicoes-anteriores\/","name":"Termos e Condi\u00e7\u00f5es Anteriores - Voxy","isPartOf":{"@id":"https:\/\/voxy.com\/pt-br\/#website"},"datePublished":"2023-07-20T16:51:43+00:00","dateModified":"2023-10-26T17:44:38+00:00","breadcrumb":{"@id":"https:\/\/voxy.com\/pt-br\/termos-e-condicoes-anteriores\/#breadcrumb"},"inLanguage":"pt-BR","potentialAction":[{"@type":"ReadAction","target":["https:\/\/voxy.com\/pt-br\/termos-e-condicoes-anteriores\/"]}]},{"@type":"BreadcrumbList","@id":"https:\/\/voxy.com\/pt-br\/termos-e-condicoes-anteriores\/#breadcrumb","itemListElement":[{"@type":"ListItem","position":1,"name":"Home","item":"https:\/\/voxy.com\/"},{"@type":"ListItem","position":2,"name":"Termos e Condi\u00e7\u00f5es Anteriores"}]},{"@type":"WebSite","@id":"https:\/\/voxy.com\/pt-br\/#website","url":"https:\/\/voxy.com\/pt-br\/","name":"Voxy","description":"Changing the way the world learns English","potentialAction":[{"@type":"SearchAction","target":{"@type":"EntryPoint","urlTemplate":"https:\/\/voxy.com\/pt-br\/?s={search_term_string}"},"query-input":{"@type":"PropertyValueSpecification","valueRequired":true,"valueName":"search_term_string"}}],"inLanguage":"pt-BR"}]}},"_links":{"self":[{"href":"https:\/\/voxy.com\/pt-br\/wp-json\/wp\/v2\/pages\/120248","targetHints":{"allow":["GET"]}}],"collection":[{"href":"https:\/\/voxy.com\/pt-br\/wp-json\/wp\/v2\/pages"}],"about":[{"href":"https:\/\/voxy.com\/pt-br\/wp-json\/wp\/v2\/types\/page"}],"author":[{"embeddable":true,"href":"https:\/\/voxy.com\/pt-br\/wp-json\/wp\/v2\/users\/55"}],"replies":[{"embeddable":true,"href":"https:\/\/voxy.com\/pt-br\/wp-json\/wp\/v2\/comments?post=120248"}],"version-history":[{"count":0,"href":"https:\/\/voxy.com\/pt-br\/wp-json\/wp\/v2\/pages\/120248\/revisions"}],"wp:attachment":[{"href":"https:\/\/voxy.com\/pt-br\/wp-json\/wp\/v2\/media?parent=120248"}],"curies":[{"name":"wp","href":"https:\/\/api.w.org\/{rel}","templated":true}]}}