{"id":25737,"date":"2021-01-06T11:37:01","date_gmt":"2021-01-06T16:37:01","guid":{"rendered":"https:\/\/voxy.com\/?page_id=25737"},"modified":"2022-09-28T15:40:46","modified_gmt":"2022-09-28T19:40:46","slug":"channel-partners","status":"publish","type":"page","link":"https:\/\/voxy.com\/es\/soluciones\/socios\/","title":{"rendered":"Para socios"},"content":{"rendered":"\n\t<section class=\"section\" id=\"section_832670423\">\n\t\t<div class=\"section-bg fill\" >\n\t\t\t<img fetchpriority=\"high\" decoding=\"async\" width=\"1920\" height=\"750\" src=\"https:\/\/voxy.com\/wp-content\/uploads\/2020\/12\/bg-channel-partners.png\" class=\"bg attachment- size-\" alt=\"Become A Voxy Channel Partner\" \/>\t\t\t\t\t\t\n\t\t\t\n\n\t\t<\/div>\n\n\t\t\n\n\t\t<div class=\"section-content relative\">\n\t\t\t\n<div class=\"row\"  id=\"row-1524867583\">\n\n\t<div id=\"col-638200954\" class=\"col small-12 large-12\"  >\n\t\t\t\t<div class=\"col-inner\"  >\n\t\t\t\n\t\t\t\n<div class=\"row row-collapse\"  id=\"row-1088293157\">\n\n\t<div id=\"col-184219106\" class=\"col hide-for-medium medium-7 small-12 large-7\"  >\n\t\t\t\t<div class=\"col-inner\"  >\n\t\t\t\n\t\t\t\n<h1 class=\"title-with-bar-inverted set-dark-blue\" style=\"line-height: 60px; text-align: left; margin-bottom: 10px; font-size: 3rem; padding-left: 1.2rem;\">S\u00famate Al Programa De<\/h1>\n<h1 class=\"title-with-bar-inverted set-dark-blue\" style=\"line-height: 60px; text-align: left; margin-bottom: 10px; font-size: 3rem; padding-left: 1.2rem;\">Socios De Canal De Voxy<\/h1>\n<p class=\"slab-light\" style=\"line-height: 32px; font-size: 1.2rem; margin-bottom: 2rem; margin-top: 1rem;\">Voxy es una soluci\u00f3n galardonada de ense\u00f1anza de ingl\u00e9s digital dise\u00f1ada para satisfacer las necesidades espec\u00edficas de los clientes. Adem\u00e1s de ser la herramienta elegida por m\u00faltiples instituciones educativas y gubernamentales, Voxy es la plataforma seleccionada por algunas de las empresas internacionales m\u00e1s importantes del mundo. El valor estimado del mercado mundial de la ense\u00f1anza de ingl\u00e9s en empresas es de $46.000 millones. Ya contamos con las herramientas y el producto adecuados, ahora solo nos faltan los socios correctos para aumentar nuestra participaci\u00f3n.<\/p>\n\t\t<\/div>\n\t\t\t\t\t<\/div>\n\n\t\n\n\t<div id=\"col-1270253211\" class=\"col show-for-medium medium-7 small-12 large-7\"  >\n\t\t\t\t<div class=\"col-inner\"  >\n\t\t\t\n\t\t\t\n<h2 class=\"set-dark-blue\" style=\"line-height: 60px; text-align: left; margin-bottom: 10px; font-size: 2.5rem; margin-top: -100px;\">S\u00famate Al Programa De Socios De Canal De Voxy<\/h2>\n<p class=\"slab-light\" style=\"line-height: 32px; font-size: 1.2rem; margin-bottom: 2rem; margin-top: 1rem;\">Voxy es una soluci\u00f3n galardonada de ense\u00f1anza de ingl\u00e9s digital dise\u00f1ada para satisfacer las necesidades espec\u00edficas de los clientes. Adem\u00e1s de ser la herramienta elegida por m\u00faltiples instituciones educativas y gubernamentales, Voxy es la plataforma seleccionada por algunas de las empresas internacionales m\u00e1s importantes del mundo. El valor estimado del mercado mundial de la ense\u00f1anza de ingl\u00e9s en empresas es de $46.000 millones. Ya contamos con las herramientas y el producto adecuados, ahora solo nos faltan los socios correctos para aumentar nuestra participaci\u00f3n.<\/p>\n\t\t<\/div>\n\t\t\t\t\t<\/div>\n\n\t\n\n\t<div id=\"col-23044711\" class=\"col has-custom-form medium-5 small-12 large-5\"  >\n\t\t\t\t<div class=\"col-inner\"  >\n\t\t\t\n\t\t\t\n<h2 class=\"set-dark-blue\" style=\"text-transform: uppercase; text-align: left; font-size: 2.2rem;\">OBT\u00c9N M\u00c1S INFORMACI\u00d3N<\/h2>\n<p class=\"slab\" style=\"font-size: 1.2rem; text-align: left;\">Solicita una reuni\u00f3n.<\/p>\n<p><script src=\"\/\/app-sj07.marketo.com\/js\/forms2\/js\/forms2.min.js\"><\/script><\/p>\n<div id=\"form-container\" style=\"float: left;\">\n<form id=\"mktoForm_1804\" class=\"form-custom-color\"><\/form>\n<p><script>MktoForms2.loadForm(\"\/\/app-sj07.marketo.com\", \"398-IBA-570\", 1804);<\/script><\/p>\n<\/div>\n<p><!-- END CONTAINER --><\/p>\n<div id=\"confirmformtablet\" style=\"color: #fff; letter-spacing: 1.6px !important; font-size: 20px; text-align: left; margin-left: 4px; line-height: 26px; display: none;\">\n<p>Gracias. Un Especialista en Soluciones se pondr\u00e1 en contacto contigo a la brevedad.<\/p>\n<\/div>\n\t\t<\/div>\n\t\t\t\t\n<style>\n#col-23044711 > .col-inner {\n  padding: 0px 0px 0px 60px;\n}\n<\/style>\n\t<\/div>\n\n\t\n<\/div>\n\t\t<\/div>\n\t\t\t\t\n<style>\n#col-638200954 > .col-inner {\n  margin: 190px 0px 40px 0px;\n}\n<\/style>\n\t<\/div>\n\n\t\n<\/div>\n\t\t<\/div>\n\n\t\t\n<style>\n#section_832670423 {\n  padding-top: 30px;\n  padding-bottom: 30px;\n}\n<\/style>\n\t<\/section>\n\t\n\n\t<section class=\"section\" id=\"section_1989438701\">\n\t\t<div class=\"section-bg fill\" >\n\t\t\t\t\t\t\t\t\t\n\t\t\t\n\n\t\t<\/div>\n\n\t\t\n\n\t\t<div class=\"section-content relative\">\n\t\t\t\n<div class=\"row\"  id=\"row-1621442741\">\n\n\t<div id=\"col-1609670295\" class=\"col small-12 large-12\"  >\n\t\t\t\t<div class=\"col-inner\"  >\n\t\t\t\n\t\t\t\n<p class=\"set-dark-blue\" style=\"text-align: center; font-size: 1.5rem; margin-bottom: 3rem;\"><strong>Voxy se ha convertido en un l\u00edder en el mercado de ense\u00f1anza de ingl\u00e9s gracias a nuestra amplia experiencia:<\/strong><\/p>\n<div class=\"row\"  id=\"row-715898071\">\n\n\t<div id=\"col-1212864197\" class=\"col medium-3 small-6 large-3\"  >\n\t\t\t\t<div class=\"col-inner\"  >\n\t\t\t\n\t\t\t\n<p style=\"text-align: center; font-size: 1.2rem; margin: 0;\"><strong class=\"set-blue\" style=\"font-size: 2.2rem;\">4,000,000+<\/strong><br \/>\nestudiantes<\/p>\n\t\t<\/div>\n\t\t\t\t\n<style>\n#col-1212864197 > .col-inner {\n  padding: 0px 0px 0 0px;\n  margin: 0px 0px 0 0px;\n}\n<\/style>\n\t<\/div>\n\n\t\n\n\t<div id=\"col-1842956878\" class=\"col medium-3 small-6 large-3\"  >\n\t\t\t\t<div class=\"col-inner\"  >\n\t\t\t\n\t\t\t\n<p style=\"text-align: center; font-size: 1.2rem; margin: 0;\"><strong class=\"set-dark-blue\" style=\"font-size: 2.2rem;\">500+<\/strong><br \/>\nclientes<\/p>\n\t\t<\/div>\n\t\t\t\t\n<style>\n#col-1842956878 > .col-inner {\n  padding: 0 0px 0px 0px;\n}\n<\/style>\n\t<\/div>\n\n\t\n\n\t<div id=\"col-1681303688\" class=\"col medium-3 small-6 large-3\"  >\n\t\t\t\t<div class=\"col-inner\"  >\n\t\t\t\n\t\t\t\n<p style=\"text-align: center; font-size: 1.2rem; margin: 0;\"><strong class=\"set-blue\" style=\"font-size: 2.2rem;\">150+<\/strong><br \/>\npa\u00edses<\/p>\n\t\t<\/div>\n\t\t\t\t\n<style>\n#col-1681303688 > .col-inner {\n  padding: 0 0px 0px 0px;\n}\n<\/style>\n\t<\/div>\n\n\t\n\n\t<div id=\"col-1836567809\" class=\"col medium-3 small-6 large-3\"  >\n\t\t\t\t<div class=\"col-inner\"  >\n\t\t\t\n\t\t\t\n<p style=\"text-align: center; font-size: 1.2rem; margin: 0;\"><strong class=\"set-dark-blue\" style=\"font-size: 2.2rem;\">60+<\/strong><br \/>\nsocios<\/p>\n\t\t<\/div>\n\t\t\t\t\n<style>\n#col-1836567809 > .col-inner {\n  padding: 0 0px 0px 0px;\n}\n<\/style>\n\t<\/div>\n\n\t\n\n<style>\n#row-715898071 > .col > .col-inner {\n  padding: 40px 0px 15px 0px;\n}\n<\/style>\n<\/div>\n\t\t<\/div>\n\t\t\t\t\n<style>\n#col-1609670295 > .col-inner {\n  margin: 30px 0px 0px 0px;\n}\n<\/style>\n\t<\/div>\n\n\t\n<\/div>\n\t\t<\/div>\n\n\t\t\n<style>\n#section_1989438701 {\n  padding-top: 30px;\n  padding-bottom: 30px;\n}\n<\/style>\n\t<\/section>\n\t\n\n\t<section class=\"section\" id=\"section_166960107\">\n\t\t<div class=\"section-bg fill\" >\n\t\t\t\t\t\t\t\t\t\n\t\t\t\n\n\t\t<\/div>\n\n\t\t\n\n\t\t<div class=\"section-content relative\">\n\t\t\t\n<div class=\"row align-middle align-center\"  id=\"row-1907928104\">\n\n\t<div id=\"col-1194062617\" class=\"col small-12 large-12\"  >\n\t\t\t\t<div class=\"col-inner text-center\"  >\n\t\t\t\n\t\t\t\n<h2 class=\"ready-title set-dark-blue\" style=\"text-align: center;\">Beneficios<\/h2>\n<p class=\"slab-medium\" style=\"text-align: center; margin: 2rem 0;\"><span style=\"font-weight: 400;\">\u00bfPor qu\u00e9 elegir asociarse con Voxy?<\/span><\/p>\n<p class=\"slab-light\" style=\"text-align: center; line-height: 2rem;\">Nuestra meta es ayudarte a hacer crecer tu empresa mediante nuestro innovador programa de capacitaci\u00f3n de ingl\u00e9s en l\u00ednea. El programa para socios de canal est\u00e1 dise\u00f1ado con ese objetivo. Con capacitaci\u00f3n y soporte altamente personalizados, tendr\u00e1s todo lo que necesitas para integrar Voxy a tu cartera de servicios y empezar a desarrollar flujos de ingresos nuevos en poco tiempo. Y, adem\u00e1s, ayudar\u00e1s a que las diferencias ling\u00fc\u00edsticas dejen de ser un obst\u00e1culo, \u00bfnada mal, no?<\/p>\n<a class=\"button secondary buttonScroll\"  >\n\t\t<span>Solicita una reuni\u00f3n<\/span>\n\t<\/a>\n\n\t\t<\/div>\n\t\t\t\t\n<style>\n#col-1194062617 > .col-inner {\n  padding: 50px 30px 0px 30px;\n}\n<\/style>\n\t<\/div>\n\n\t\n<\/div>\n\t\t<\/div>\n\n\t\t\n<style>\n#section_166960107 {\n  padding-top: 30px;\n  padding-bottom: 30px;\n  background-color: rgb(212, 243, 253);\n}\n<\/style>\n\t<\/section>\n\t\n\n\t<section class=\"section\" id=\"section_1761221429\">\n\t\t<div class=\"section-bg fill\" >\n\t\t\t\t\t\t\t\t\t\n\t\t\t\n\n\t\t<\/div>\n\n\t\t\n\n\t\t<div class=\"section-content relative\">\n\t\t\t\n<div class=\"row align-middle\"  id=\"row-286173979\">\n\n\t<div id=\"col-1131936165\" class=\"col medium-7 small-12 large-7\"  >\n\t\t\t\t<div class=\"col-inner\"  >\n\t\t\t\n\t\t\t\n<h2 class=\"ready-title\" style=\"text-align: left; text-transform: uppercase;\">CAPACITACI\u00d3N Y<br \/>\nCERTIFICACI\u00d3N<\/h2>\n<p class=\"slab-light set-white\" style=\"margin: 2rem 0px; text-align: left; line-height: 2rem;\">Todos nuestros socios de canal pasan por un <strong>proceso completo de capacitaci\u00f3n<\/strong> para garantizar que puedan lanzar Voxy en sus mercados y brindar la ayuda necesaria a sus clientes.<br \/>\n\u25cf Programas de certificaci\u00f3n de ventas, marketing, producto y customer success.<br \/>\n\u25cf Planificaci\u00f3n de negocios y asignaci\u00f3n de cuentas.<br \/>\n\u25cf Acceso al conjunto de herramientas.<\/p>\n<a class=\"button primary buttonScroll\"  >\n\t\t<span>Solicita una reuni\u00f3n<\/span>\n\t<\/a>\n\n\t\t<\/div>\n\t\t\t\t\t<\/div>\n\n\t\n\n\t<div id=\"col-728176456\" class=\"col medium-5 small-12 large-5\"  >\n\t\t\t\t<div class=\"col-inner text-center\"  >\n\t\t\t\n\t\t\t\n\t<div class=\"img has-hover x md-x lg-x y md-y lg-y\" id=\"image_1898754581\">\n\t\t\t\t\t\t\t\t<div class=\"img-inner dark\" >\n\t\t\t<img decoding=\"async\" width=\"381\" height=\"381\" src=\"https:\/\/voxy.com\/wp-content\/uploads\/2020\/12\/training-and-certification.png\" class=\"attachment-large size-large\" alt=\"\" srcset=\"https:\/\/voxy.com\/wp-content\/uploads\/2020\/12\/training-and-certification.png 381w, https:\/\/voxy.com\/wp-content\/uploads\/2020\/12\/training-and-certification-300x300.png 300w, https:\/\/voxy.com\/wp-content\/uploads\/2020\/12\/training-and-certification-150x150.png 150w\" sizes=\"(max-width: 381px) 100vw, 381px\" \/>\t\t\t\t\t\t\n\t\t\t\t\t<\/div>\n\t\t\t\t\t\t\t\t\n<style>\n#image_1898754581 {\n  width: 90%;\n}\n<\/style>\n\t<\/div>\n\t\n\t\t<\/div>\n\t\t\t\t\t<\/div>\n\n\t\n\n<style>\n#row-286173979 > .col > .col-inner {\n  padding: 30px 0px 30px 0px;\n}\n<\/style>\n<\/div>\n\t\t<\/div>\n\n\t\t\n<style>\n#section_1761221429 {\n  padding-top: 30px;\n  padding-bottom: 30px;\n  background-color: #302D68;\n}\n<\/style>\n\t<\/section>\n\t\n\n\t<section class=\"section\" id=\"section_1680832215\">\n\t\t<div class=\"section-bg fill\" >\n\t\t\t\t\t\t\t\t\t\n\t\t\t\n\n\t\t<\/div>\n\n\t\t\n\n\t\t<div class=\"section-content relative\">\n\t\t\t\n<div class=\"row align-middle\"  id=\"row-889035826\">\n\n\t<div id=\"col-594196094\" class=\"col medium-5 small-12 large-5\"  >\n\t\t\t\t<div class=\"col-inner text-center\"  >\n\t\t\t\n\t\t\t\n\t<div class=\"img has-hover x md-x lg-x y md-y lg-y\" id=\"image_708946357\">\n\t\t\t\t\t\t\t\t<div class=\"img-inner dark\" >\n\t\t\t<img decoding=\"async\" width=\"381\" height=\"381\" src=\"https:\/\/voxy.com\/wp-content\/uploads\/2020\/12\/360-support.png\" class=\"attachment-large size-large\" alt=\"\" srcset=\"https:\/\/voxy.com\/wp-content\/uploads\/2020\/12\/360-support.png 381w, https:\/\/voxy.com\/wp-content\/uploads\/2020\/12\/360-support-300x300.png 300w, https:\/\/voxy.com\/wp-content\/uploads\/2020\/12\/360-support-150x150.png 150w\" sizes=\"(max-width: 381px) 100vw, 381px\" \/>\t\t\t\t\t\t\n\t\t\t\t\t<\/div>\n\t\t\t\t\t\t\t\t\n<style>\n#image_708946357 {\n  width: 90%;\n}\n<\/style>\n\t<\/div>\n\t\n\t\t<\/div>\n\t\t\t\t\t<\/div>\n\n\t\n\n\t<div id=\"col-2083618474\" class=\"col medium-7 small-12 large-7\"  >\n\t\t\t\t<div class=\"col-inner\"  >\n\t\t\t\n\t\t\t\n<h2 class=\"ready-title set-dark-blue\" style=\"text-align: left; text-transform: uppercase;\">Suporte<br \/>\nIntegral<\/h2>\n<p class=\"slab-light\" style=\"margin: 2rem 0px; text-align: left; line-height: 2rem;\">La \u00fanica forma de garantizar el \u00e9xito de nuestros socios es <strong>conocer su negocio<\/strong> y su organizaci\u00f3n de ventas para ofrecerles soluciones relevantes que los ayuden a incrementar el valor y los ingresos.<br \/>\n\u25cf Gerente de canal exclusivo<br \/>\n\u25cf Iniciativas de marketing de marca compartida que incluyen campa\u00f1as, webinars, publicaciones y patrocinios desarrollados en conjunto, entre otras<br \/>\n\u25cf Capacitaci\u00f3n de ventas contin\u00faa<\/p>\n<a class=\"button secondary buttonScroll\"  >\n\t\t<span>Solicita una reuni\u00f3n<\/span>\n\t<\/a>\n\n\t\t<\/div>\n\t\t\t\t\t<\/div>\n\n\t\n\n<style>\n#row-889035826 > .col > .col-inner {\n  padding: 30px 0px 30px 0px;\n}\n<\/style>\n<\/div>\n\t\t<\/div>\n\n\t\t\n<style>\n#section_1680832215 {\n  padding-top: 30px;\n  padding-bottom: 30px;\n  background-color: rgb(228, 246, 246);\n}\n<\/style>\n\t<\/section>\n\t\n\n\t<section class=\"section\" id=\"section_1844073964\">\n\t\t<div class=\"section-bg fill\" >\n\t\t\t\t\t\t\t\t\t\n\t\t\t\n\n\t\t<\/div>\n\n\t\t\n\n\t\t<div class=\"section-content relative\">\n\t\t\t\n<div class=\"row align-middle\"  id=\"row-1308800262\">\n\n\t<div id=\"col-1436646168\" class=\"col medium-7 small-12 large-7\"  >\n\t\t\t\t<div class=\"col-inner\"  >\n\t\t\t\n\t\t\t\n<h2 class=\"ready-title\" style=\"text-align: left; text-transform: uppercase;\">Comunidad<br \/>\nGlobal<\/h2>\n<p class=\"slab-light set-white\" style=\"margin: 2rem 0px; text-align: left; line-height: 2rem;\">Forma parte de una comunidad global de organizaciones con a\u00f1os de experiencia en la venta de soluciones ling\u00fc\u00edsticas en sus respectivos mercados.<br \/>\n\u25cf Reuni\u00f3n introductoria de ventas anual<br \/>\n\u25cf Junta de asesores de socios de canal de Voxy<br \/>\n\u25cf Difusi\u00f3n de mejores pr\u00e1cticas<\/p>\n<a class=\"button primary buttonScroll\"  >\n\t\t<span>Solicita una reuni\u00f3n<\/span>\n\t<\/a>\n\n\t\t<\/div>\n\t\t\t\t\t<\/div>\n\n\t\n\n\t<div id=\"col-1398041690\" class=\"col medium-5 small-12 large-5\"  >\n\t\t\t\t<div class=\"col-inner text-center\"  >\n\t\t\t\n\t\t\t\n\t<div class=\"img has-hover x md-x lg-x y md-y lg-y\" id=\"image_1609146641\">\n\t\t\t\t\t\t\t\t<div class=\"img-inner dark\" >\n\t\t\t<img loading=\"lazy\" decoding=\"async\" width=\"381\" height=\"381\" src=\"https:\/\/voxy.com\/wp-content\/uploads\/2020\/12\/global-community.png\" class=\"attachment-large size-large\" alt=\"\" srcset=\"https:\/\/voxy.com\/wp-content\/uploads\/2020\/12\/global-community.png 381w, https:\/\/voxy.com\/wp-content\/uploads\/2020\/12\/global-community-300x300.png 300w, https:\/\/voxy.com\/wp-content\/uploads\/2020\/12\/global-community-150x150.png 150w\" sizes=\"(max-width: 381px) 100vw, 381px\" \/>\t\t\t\t\t\t\n\t\t\t\t\t<\/div>\n\t\t\t\t\t\t\t\t\n<style>\n#image_1609146641 {\n  width: 90%;\n}\n<\/style>\n\t<\/div>\n\t\n\t\t<\/div>\n\t\t\t\t\t<\/div>\n\n\t\n\n<style>\n#row-1308800262 > .col > .col-inner {\n  padding: 30px 0px 30px 0px;\n}\n<\/style>\n<\/div>\n\t\t<\/div>\n\n\t\t\n<style>\n#section_1844073964 {\n  padding-top: 30px;\n  padding-bottom: 30px;\n  background-color: #302D68;\n}\n<\/style>\n\t<\/section>\n\t\n\n\t<section class=\"section\" id=\"section_1140577667\">\n\t\t<div class=\"section-bg fill\" >\n\t\t\t\t\t\t\t\t\t\n\t\t\t\n\n\t\t<\/div>\n\n\t\t\n\n\t\t<div class=\"section-content relative\">\n\t\t\t\n<div class=\"row align-middle align-center\"  id=\"row-1652319344\">\n\n\t<div id=\"col-351520574\" class=\"col small-12 large-12\"  >\n\t\t\t\t<div class=\"col-inner text-center\"  >\n\t\t\t\n\t\t\t\n<h2 class=\"ready-title set-dark-blue\" style=\"text-align: center;\">S\u00famate Al Programa De Socios De Canal De Voxy<\/h2>\n<p class=\"slab\" style=\"text-align: center; margin: 2rem 0; font-size: 1.2rem;\">No importa si tienes una escuela de idiomas o eres proveedor de soluciones de tecnolog\u00eda o alg\u00fan otro tipo de distribuidor, nuestro programa de canal brinda beneficios e incentivos competitivos para ayudarte a encontrar nuevas oportunidades de negocio y a maximizar el aumento de los ingresos. \u00bfQu\u00e9 est\u00e1s esperando?<\/p>\n<a href=\"\/demo\" class=\"button secondary buttonScroll\"  >\n\t\t<span>Solicita una reuni\u00f3n<\/span>\n\t<\/a>\n\n\t\t<\/div>\n\t\t\t\t\n<style>\n#col-351520574 > .col-inner {\n  padding: 50px 0px 50px 0px;\n}\n<\/style>\n\t<\/div>\n\n\t\n<\/div>\n\t\t<\/div>\n\n\t\t\n<style>\n#section_1140577667 {\n  padding-top: 30px;\n  padding-bottom: 30px;\n  background-color: rgb(212, 243, 253);\n}\n<\/style>\n\t<\/section>\n\t\n","protected":false},"excerpt":{"rendered":"","protected":false},"author":78,"featured_media":26054,"parent":0,"menu_order":0,"comment_status":"closed","ping_status":"closed","template":"page-transparent-header-light.php","meta":{"footnotes":""},"class_list":["post-25737","page","type-page","status-publish","has-post-thumbnail","hentry"],"yoast_head":"<!-- This site is optimized with the Yoast SEO plugin v26.7 - https:\/\/yoast.com\/wordpress\/plugins\/seo\/ -->\n<title>Para socios - Voxy<\/title>\n<meta name=\"description\" content=\"Voxy es una galardonada soluci\u00f3n digital de aprendizaje de ingl\u00e9s ideal para todo tipo de organizaciones. \u00a1S\u00famate a Voxy y participa de este mercado incre\u00edble!\" \/>\n<meta name=\"robots\" content=\"index, follow, max-snippet:-1, max-image-preview:large, max-video-preview:-1\" \/>\n<link rel=\"canonical\" href=\"https:\/\/voxy.com\/es\/soluciones\/socios\/\" \/>\n<meta property=\"og:locale\" content=\"es_ES\" \/>\n<meta property=\"og:type\" content=\"article\" \/>\n<meta property=\"og:title\" content=\"Para socios - Voxy\" \/>\n<meta property=\"og:description\" content=\"Voxy es una galardonada soluci\u00f3n digital de aprendizaje de ingl\u00e9s ideal para todo tipo de organizaciones. \u00a1S\u00famate a Voxy y participa de este mercado incre\u00edble!\" \/>\n<meta property=\"og:url\" content=\"https:\/\/voxy.com\/es\/soluciones\/socios\/\" \/>\n<meta property=\"og:site_name\" content=\"Voxy\" \/>\n<meta property=\"article:publisher\" content=\"https:\/\/www.facebook.com\/goVOXY\/\" \/>\n<meta property=\"article:modified_time\" content=\"2022-09-28T19:40:46+00:00\" \/>\n<meta property=\"og:image\" content=\"https:\/\/voxy.com\/wp-content\/uploads\/2021\/01\/bg-channel-partners-1.png\" \/>\n\t<meta property=\"og:image:width\" content=\"1920\" \/>\n\t<meta property=\"og:image:height\" content=\"750\" \/>\n\t<meta property=\"og:image:type\" content=\"image\/png\" \/>\n<meta name=\"twitter:card\" content=\"summary_large_image\" \/>\n<meta name=\"twitter:site\" content=\"@Voxy\" \/>\n<meta name=\"twitter:label1\" content=\"Tiempo de lectura\" \/>\n\t<meta name=\"twitter:data1\" content=\"4 minutos\" \/>\n<script type=\"application\/ld+json\" class=\"yoast-schema-graph\">{\"@context\":\"https:\/\/schema.org\",\"@graph\":[{\"@type\":\"WebPage\",\"@id\":\"https:\/\/voxy.com\/es\/soluciones\/socios\/\",\"url\":\"https:\/\/voxy.com\/es\/soluciones\/socios\/\",\"name\":\"Para socios - Voxy\",\"isPartOf\":{\"@id\":\"https:\/\/voxy.com\/es\/#website\"},\"primaryImageOfPage\":{\"@id\":\"https:\/\/voxy.com\/es\/soluciones\/socios\/#primaryimage\"},\"image\":{\"@id\":\"https:\/\/voxy.com\/es\/soluciones\/socios\/#primaryimage\"},\"thumbnailUrl\":\"https:\/\/voxy.com\/wp-content\/uploads\/2021\/01\/bg-channel-partners-1.png\",\"datePublished\":\"2021-01-06T16:37:01+00:00\",\"dateModified\":\"2022-09-28T19:40:46+00:00\",\"description\":\"Voxy es una galardonada soluci\u00f3n digital de aprendizaje de ingl\u00e9s ideal para todo tipo de organizaciones. \u00a1S\u00famate a Voxy y participa de este mercado incre\u00edble!\",\"breadcrumb\":{\"@id\":\"https:\/\/voxy.com\/es\/soluciones\/socios\/#breadcrumb\"},\"inLanguage\":\"es\",\"potentialAction\":[{\"@type\":\"ReadAction\",\"target\":[\"https:\/\/voxy.com\/es\/soluciones\/socios\/\"]}]},{\"@type\":\"ImageObject\",\"inLanguage\":\"es\",\"@id\":\"https:\/\/voxy.com\/es\/soluciones\/socios\/#primaryimage\",\"url\":\"https:\/\/voxy.com\/wp-content\/uploads\/2021\/01\/bg-channel-partners-1.png\",\"contentUrl\":\"https:\/\/voxy.com\/wp-content\/uploads\/2021\/01\/bg-channel-partners-1.png\",\"width\":1920,\"height\":750,\"caption\":\"S\u00famate Al Programa De Socios De Canal De Voxy\"},{\"@type\":\"BreadcrumbList\",\"@id\":\"https:\/\/voxy.com\/es\/soluciones\/socios\/#breadcrumb\",\"itemListElement\":[{\"@type\":\"ListItem\",\"position\":1,\"name\":\"Home\",\"item\":\"https:\/\/voxy.com\/\"},{\"@type\":\"ListItem\",\"position\":2,\"name\":\"Para socios\"}]},{\"@type\":\"WebSite\",\"@id\":\"https:\/\/voxy.com\/es\/#website\",\"url\":\"https:\/\/voxy.com\/es\/\",\"name\":\"Voxy\",\"description\":\"Learn a language from life\",\"potentialAction\":[{\"@type\":\"SearchAction\",\"target\":{\"@type\":\"EntryPoint\",\"urlTemplate\":\"https:\/\/voxy.com\/es\/?s={search_term_string}\"},\"query-input\":{\"@type\":\"PropertyValueSpecification\",\"valueRequired\":true,\"valueName\":\"search_term_string\"}}],\"inLanguage\":\"es\"}]}<\/script>\n<!-- \/ Yoast SEO plugin. -->","yoast_head_json":{"title":"Para socios - Voxy","description":"Voxy es una galardonada soluci\u00f3n digital de aprendizaje de ingl\u00e9s ideal para todo tipo de organizaciones. \u00a1S\u00famate a Voxy y participa de este mercado incre\u00edble!","robots":{"index":"index","follow":"follow","max-snippet":"max-snippet:-1","max-image-preview":"max-image-preview:large","max-video-preview":"max-video-preview:-1"},"canonical":"https:\/\/voxy.com\/es\/soluciones\/socios\/","og_locale":"es_ES","og_type":"article","og_title":"Para socios - Voxy","og_description":"Voxy es una galardonada soluci\u00f3n digital de aprendizaje de ingl\u00e9s ideal para todo tipo de organizaciones. \u00a1S\u00famate a Voxy y participa de este mercado incre\u00edble!","og_url":"https:\/\/voxy.com\/es\/soluciones\/socios\/","og_site_name":"Voxy","article_publisher":"https:\/\/www.facebook.com\/goVOXY\/","article_modified_time":"2022-09-28T19:40:46+00:00","og_image":[{"width":1920,"height":750,"url":"https:\/\/voxy.com\/wp-content\/uploads\/2021\/01\/bg-channel-partners-1.png","type":"image\/png"}],"twitter_card":"summary_large_image","twitter_site":"@Voxy","twitter_misc":{"Tiempo de lectura":"4 minutos"},"schema":{"@context":"https:\/\/schema.org","@graph":[{"@type":"WebPage","@id":"https:\/\/voxy.com\/es\/soluciones\/socios\/","url":"https:\/\/voxy.com\/es\/soluciones\/socios\/","name":"Para socios - Voxy","isPartOf":{"@id":"https:\/\/voxy.com\/es\/#website"},"primaryImageOfPage":{"@id":"https:\/\/voxy.com\/es\/soluciones\/socios\/#primaryimage"},"image":{"@id":"https:\/\/voxy.com\/es\/soluciones\/socios\/#primaryimage"},"thumbnailUrl":"https:\/\/voxy.com\/wp-content\/uploads\/2021\/01\/bg-channel-partners-1.png","datePublished":"2021-01-06T16:37:01+00:00","dateModified":"2022-09-28T19:40:46+00:00","description":"Voxy es una galardonada soluci\u00f3n digital de aprendizaje de ingl\u00e9s ideal para todo tipo de organizaciones. \u00a1S\u00famate a Voxy y participa de este mercado incre\u00edble!","breadcrumb":{"@id":"https:\/\/voxy.com\/es\/soluciones\/socios\/#breadcrumb"},"inLanguage":"es","potentialAction":[{"@type":"ReadAction","target":["https:\/\/voxy.com\/es\/soluciones\/socios\/"]}]},{"@type":"ImageObject","inLanguage":"es","@id":"https:\/\/voxy.com\/es\/soluciones\/socios\/#primaryimage","url":"https:\/\/voxy.com\/wp-content\/uploads\/2021\/01\/bg-channel-partners-1.png","contentUrl":"https:\/\/voxy.com\/wp-content\/uploads\/2021\/01\/bg-channel-partners-1.png","width":1920,"height":750,"caption":"S\u00famate Al Programa De Socios De Canal De Voxy"},{"@type":"BreadcrumbList","@id":"https:\/\/voxy.com\/es\/soluciones\/socios\/#breadcrumb","itemListElement":[{"@type":"ListItem","position":1,"name":"Home","item":"https:\/\/voxy.com\/"},{"@type":"ListItem","position":2,"name":"Para socios"}]},{"@type":"WebSite","@id":"https:\/\/voxy.com\/es\/#website","url":"https:\/\/voxy.com\/es\/","name":"Voxy","description":"Learn a language from life","potentialAction":[{"@type":"SearchAction","target":{"@type":"EntryPoint","urlTemplate":"https:\/\/voxy.com\/es\/?s={search_term_string}"},"query-input":{"@type":"PropertyValueSpecification","valueRequired":true,"valueName":"search_term_string"}}],"inLanguage":"es"}]}},"_links":{"self":[{"href":"https:\/\/voxy.com\/es\/wp-json\/wp\/v2\/pages\/25737","targetHints":{"allow":["GET"]}}],"collection":[{"href":"https:\/\/voxy.com\/es\/wp-json\/wp\/v2\/pages"}],"about":[{"href":"https:\/\/voxy.com\/es\/wp-json\/wp\/v2\/types\/page"}],"author":[{"embeddable":true,"href":"https:\/\/voxy.com\/es\/wp-json\/wp\/v2\/users\/78"}],"replies":[{"embeddable":true,"href":"https:\/\/voxy.com\/es\/wp-json\/wp\/v2\/comments?post=25737"}],"version-history":[{"count":0,"href":"https:\/\/voxy.com\/es\/wp-json\/wp\/v2\/pages\/25737\/revisions"}],"wp:featuredmedia":[{"embeddable":true,"href":"https:\/\/voxy.com\/es\/wp-json\/wp\/v2\/media\/26054"}],"wp:attachment":[{"href":"https:\/\/voxy.com\/es\/wp-json\/wp\/v2\/media?parent=25737"}],"curies":[{"name":"wp","href":"https:\/\/api.w.org\/{rel}","templated":true}]}}