{"id":12939,"date":"2017-02-28T21:21:08","date_gmt":"2017-02-28T21:21:08","guid":{"rendered":"https:\/\/voxymarketing.ablru2ma-liquidwebsites.com\/?page_id=12939"},"modified":"2026-02-26T19:14:51","modified_gmt":"2026-02-27T00:14:51","slug":"curriculum-aligned-courses","status":"publish","type":"page","link":"https:\/\/voxy.com\/es\/features\/curriculum-aligned-courses\/","title":{"rendered":"Cursos alineados con el plan de estudio"},"content":{"rendered":"\n  <div class=\"banner has-hover is-full-height\" id=\"banner-1850581100\">\n          <div class=\"banner-inner fill\">\n        <div class=\"banner-bg fill\" >\n            <img fetchpriority=\"high\" decoding=\"async\" width=\"1020\" height=\"680\" src=\"https:\/\/voxy.com\/wp-content\/uploads\/2017\/03\/computer-study-1024x683.png\" class=\"bg attachment-large size-large\" alt=\"\" \/>                        <div class=\"overlay\"><\/div>            \n                    <\/div>\n\t\t\n        <div class=\"banner-layers container\">\n            <div class=\"fill banner-link\"><\/div>            \n   <div id=\"text-box-1248148023\" class=\"text-box banner-layer x10 md-x90 lg-x95 y90 md-y90 lg-y90 res-text\">\n                     <div data-animate=\"fadeInLeft\">           <div class=\"text-box-content text dark text-shadow-1\">\n              \n              <div class=\"text-inner text-left\">\n                  \n<h2 data-line-height=\"m\"><strong>Mejora tu plan de estudio actual con la tecnolog\u00eda y el contenido de Voxy<\/strong><\/h2>\n<p class=\"lead\">Si ya das clases de ingl\u00e9s, podemos ayudarte a dise\u00f1ar cursos personalizados que se adapten a tu plan de estudio. De esta forma, podr\u00e1s ofrecerles a los estudiantes pr\u00e1cticas adicionales con contenido aut\u00e9ntico desde nuestro sitio web o nuestras aplicaciones m\u00f3viles.<\/p>\n<a href=\"https:\/\/voxy.com\/demo\/es\" class=\"button primary box-shadow-1\"  >\n\t\t<span>SOLICITAR UNA DEMOSTRACI\u00d3N<\/span>\n\t<\/a>\n\n              <\/div>\n           <\/div>\n       <\/div>                     \n<style>\n#text-box-1248148023 {\n  width: 85%;\n}\n#text-box-1248148023 .text-box-content {\n  font-size: 100%;\n}\n@media (min-width:550px) {\n  #text-box-1248148023 {\n    width: 52%;\n  }\n}\n@media (min-width:850px) {\n  #text-box-1248148023 {\n    width: 58%;\n  }\n}\n<\/style>\n    <\/div>\n \n        <\/div>\n      <\/div>\n\n            \n<style>\n#banner-1850581100 {\n  padding-top: 100%;\n  background-color: #302D68;\n}\n#banner-1850581100 .overlay {\n  background-color: rgba(0,0,0,.5);\n}\n#banner-1850581100 .banner-bg img {\n  object-position: 33% 43%;\n}\n<\/style>\n  <\/div>\n\n\n\n\t<section class=\"section dark\" id=\"section_922899859\">\n\t\t<div class=\"section-bg fill\" >\n\t\t\t\t\t\t\t\t\t\n\t\t\t\n\n\t\t<\/div>\n\n\t\t\n\n\t\t<div class=\"section-content relative\">\n\t\t\t\n<div class=\"row row-large align-middle\"  id=\"row-877833042\">\n\n\t<div id=\"col-359234157\" class=\"col medium-6 small-12 large-6\"  >\n\t\t\t\t<div class=\"col-inner text-left\"  >\n\t\t\t\n\t\t\t\n<h1 class=\"uppercase\"><span style=\"font-size: 150%;\"><strong>ENSE\u00d1A CON EJEMPLOS DE LA VIDA REAL<\/strong><\/span><\/h1>\n<p>Las conversaciones guionadas y los art\u00edculos period\u00edsticos simulados no reflejan c\u00f3mo hablamos en la vida cotidiana. Voxy cuenta con m\u00e1s de 10.000 videos, conversaciones y art\u00edculos de la vida real para que tus estudiantes puedan interactuar con el ingl\u00e9s que se habla en la vida diaria. Seleccionaremos cuidadosamente los recursos que reflejan los conceptos que ense\u00f1as y los organizaremos en cursos disponibles \u00fanicamente para tus estudiantes.<\/p>\n<a href=\"https:\/\/voxy.com\/demo\/es\" class=\"button secondary\"  >\n\t\t<span>SOLICITAR UNA DEMOSTRACI\u00d3N<\/span>\n\t<\/a>\n\n\t\t<\/div>\n\t\t\t\t\t<\/div>\n\n\t\n\n\t<div id=\"col-1001459378\" class=\"col medium-6 small-12 large-6 small-col-first\"  >\n\t\t\t\t<div class=\"col-inner\"  >\n\t\t\t\n\t\t\t\n\t<div class=\"img has-hover x md-x lg-x y md-y lg-y\" id=\"image_1161663319\">\n\t\t\t\t\t\t\t\t<div class=\"img-inner dark\" >\n\t\t\t<img decoding=\"async\" width=\"1020\" height=\"680\" src=\"https:\/\/voxy.com\/wp-content\/uploads\/2017\/03\/authentic-examples-1024x683.png\" class=\"attachment-large size-large\" alt=\"\" srcset=\"https:\/\/voxy.com\/wp-content\/uploads\/2017\/03\/authentic-examples-1024x683.png 1024w, https:\/\/voxy.com\/wp-content\/uploads\/2017\/03\/authentic-examples-300x200.png 300w, https:\/\/voxy.com\/wp-content\/uploads\/2017\/03\/authentic-examples-768x512.png 768w, https:\/\/voxy.com\/wp-content\/uploads\/2017\/03\/authentic-examples-800x533.png 800w, https:\/\/voxy.com\/wp-content\/uploads\/2017\/03\/authentic-examples.png 1200w\" sizes=\"(max-width: 1020px) 100vw, 1020px\" \/>\t\t\t\t\t\t\n\t\t\t\t\t<\/div>\n\t\t\t\t\t\t\t\t\n<style>\n#image_1161663319 {\n  width: 100%;\n}\n<\/style>\n\t<\/div>\n\t\n\t\t<\/div>\n\t\t\t\t\t<\/div>\n\n\t\n<\/div>\n\t\t<\/div>\n\n\t\t\n<style>\n#section_922899859 {\n  padding-top: 60px;\n  padding-bottom: 60px;\n  background-color: #1BCDDE;\n}\n<\/style>\n\t<\/section>\n\t\n\n\t<section class=\"section\" id=\"section_1422189249\">\n\t\t<div class=\"section-bg fill\" >\n\t\t\t\t\t\t\t\t\t\n\t\t\t\n\n\t\t<\/div>\n\n\t\t\n\n\t\t<div class=\"section-content relative\">\n\t\t\t\n<div class=\"row row-large align-middle\"  id=\"row-1826065772\">\n\n\t<div id=\"col-1419138559\" class=\"col medium-6 small-12 large-6\"  >\n\t\t\t\t<div class=\"col-inner\"  >\n\t\t\t\n\t\t\t\n\t<div class=\"img has-hover x md-x lg-x y md-y lg-y\" id=\"image_1830643618\">\n\t\t\t\t\t\t\t\t<div class=\"img-inner dark\" >\n\t\t\t<img decoding=\"async\" width=\"1020\" height=\"680\" src=\"https:\/\/voxy.com\/wp-content\/uploads\/2017\/03\/mobile_apps-1024x683.png\" class=\"attachment-large size-large\" alt=\"\" srcset=\"https:\/\/voxy.com\/wp-content\/uploads\/2017\/03\/mobile_apps-1024x683.png 1024w, https:\/\/voxy.com\/wp-content\/uploads\/2017\/03\/mobile_apps-300x200.png 300w, https:\/\/voxy.com\/wp-content\/uploads\/2017\/03\/mobile_apps-768x512.png 768w, https:\/\/voxy.com\/wp-content\/uploads\/2017\/03\/mobile_apps.png 1200w\" sizes=\"(max-width: 1020px) 100vw, 1020px\" \/>\t\t\t\t\t\t\n\t\t\t\t\t<\/div>\n\t\t\t\t\t\t\t\t\n<style>\n#image_1830643618 {\n  width: 100%;\n}\n<\/style>\n\t<\/div>\n\t\n\t\t<\/div>\n\t\t\t\t\t<\/div>\n\n\t\n\n\t<div id=\"col-374447713\" class=\"col medium-6 small-12 large-6\"  >\n\t\t\t\t<div class=\"col-inner text-left\"  >\n\t\t\t\n\t\t\t\n<h2 class=\"uppercase\"><span style=\"font-size: 150%;\"><strong>INCORPORA APLICACIONES WEB Y M\u00d3VILES A TU PLAN DE ESTUDIO<\/strong><\/span><\/h2>\n<p>Expande tu oferta con una plataforma web y aplicaciones para dispositivos iOS y Android. Con los cursos personalizados seg\u00fan tu plan de estudio, puedes usar la tecnolog\u00eda innovadora de Voxy como una extensi\u00f3n del plan de estudio de tu instituci\u00f3n.<\/p>\n<a href=\"https:\/\/voxy.com\/demo\/es\" class=\"button primary\"  style=\"border-radius:5px;\">\n\t\t<span>Solicitar una demostraci\u00f3n<\/span>\n\t<\/a>\n\n\t\t<\/div>\n\t\t\t\t\t<\/div>\n\n\t\n<\/div>\n\t\t<\/div>\n\n\t\t\n<style>\n#section_1422189249 {\n  padding-top: 60px;\n  padding-bottom: 60px;\n  background-color: rgb(195, 239, 237);\n}\n<\/style>\n\t<\/section>\n\t\n<div class=\"message-box relative\" style=\"padding-top:60px;padding-bottom:60px;\"><div class=\"message-box-bg-image bg-fill fill\" ><\/div><div class=\"message-box-bg-overlay bg-fill fill\" style=\"background-color:rgb(195, 239, 237);\"><\/div><div class=\"container relative\"><div class=\"inner last-reset\">\n<div class=\"row align-middle align-center\"  id=\"row-1182366008\">\n\n\t<div id=\"col-390291580\" class=\"col medium-6 small-12 large-6\"  >\n\t\t\t\t<div class=\"col-inner\"  >\n\t\t\t\n\t\t\t\n<h2>Tambi\u00e9n integramos tu contenido<\/h2>\n<p>Si ya cuentas con contenido especializado en ingl\u00e9s y quieres que tus estudiantes lo aprendan, podemos incorporarlo directamente a la plataforma para convertirlo en clases de ingl\u00e9s.<\/p>\n\t\t<\/div>\n\t\t\t\t\t<\/div>\n\n\t\n\n\t<div id=\"col-355487826\" class=\"col medium-5 small-12 large-5\"  >\n\t\t\t\t<div class=\"col-inner text-center\"  >\n\t\t\t\n\t\t\t\n<a href=\"\/features\/content-integration\/?lang=es\" class=\"button primary box-shadow-1\"  >\n\t\t<span>M\u00c1S INFORMACI\u00d3N SOBRE LA INTEGRACI\u00d3N DE CONTENIDO<\/span>\n\t<\/a>\n\n\t\t<\/div>\n\t\t\t\t\t<\/div>\n\n\t\n<\/div>\n<\/div><\/div><\/div>\n","protected":false},"excerpt":{"rendered":"","protected":false},"author":1,"featured_media":113246,"parent":0,"menu_order":0,"comment_status":"closed","ping_status":"closed","template":"page-transparent-header-light.php","meta":{"footnotes":""},"class_list":["post-12939","page","type-page","status-publish","has-post-thumbnail","hentry"],"yoast_head":"<!-- This site is optimized with the Yoast SEO plugin v26.7 - https:\/\/yoast.com\/wordpress\/plugins\/seo\/ -->\n<title>Cursos alineados con el plan de estudio - Voxy<\/title>\n<meta name=\"description\" content=\"Voxy construye cursos personalizados que se alinean con el curr\u00edculo del curso de ingl\u00e9s de su escuela de idiomas para que pueda ofrecer pr\u00e1cticas adicionales para estudiantes con contenido del mundo real a trav\u00e9s de la web y aplicaciones m\u00f3viles de Voxy.\" \/>\n<meta name=\"robots\" content=\"index, follow, max-snippet:-1, max-image-preview:large, max-video-preview:-1\" \/>\n<link rel=\"canonical\" href=\"https:\/\/voxy.com\/es\/features\/curriculum-aligned-courses\/\" \/>\n<meta property=\"og:locale\" content=\"es_ES\" \/>\n<meta property=\"og:type\" content=\"article\" \/>\n<meta property=\"og:title\" content=\"Cursos alineados con el plan de estudio - Voxy\" \/>\n<meta property=\"og:description\" content=\"Voxy construye cursos personalizados que se alinean con el curr\u00edculo del curso de ingl\u00e9s de su escuela de idiomas para que pueda ofrecer pr\u00e1cticas adicionales para estudiantes con contenido del mundo real a trav\u00e9s de la web y aplicaciones m\u00f3viles de Voxy.\" \/>\n<meta property=\"og:url\" content=\"https:\/\/voxy.com\/es\/features\/curriculum-aligned-courses\/\" \/>\n<meta property=\"og:site_name\" content=\"Voxy\" \/>\n<meta property=\"article:publisher\" content=\"https:\/\/www.facebook.com\/goVOXY\/\" \/>\n<meta property=\"article:modified_time\" content=\"2026-02-27T00:14:51+00:00\" \/>\n<meta property=\"og:image\" content=\"https:\/\/voxy.com\/wp-content\/uploads\/2017\/03\/computer-study.png\" \/>\n\t<meta property=\"og:image:width\" content=\"1500\" \/>\n\t<meta property=\"og:image:height\" content=\"1001\" \/>\n\t<meta property=\"og:image:type\" content=\"image\/png\" \/>\n<meta name=\"twitter:card\" content=\"summary_large_image\" \/>\n<meta name=\"twitter:site\" content=\"@Voxy\" \/>\n<meta name=\"twitter:label1\" content=\"Tiempo de lectura\" \/>\n\t<meta name=\"twitter:data1\" content=\"2 minutos\" \/>\n<script type=\"application\/ld+json\" class=\"yoast-schema-graph\">{\"@context\":\"https:\/\/schema.org\",\"@graph\":[{\"@type\":\"WebPage\",\"@id\":\"https:\/\/voxy.com\/es\/features\/curriculum-aligned-courses\/\",\"url\":\"https:\/\/voxy.com\/es\/features\/curriculum-aligned-courses\/\",\"name\":\"Cursos alineados con el plan de estudio - Voxy\",\"isPartOf\":{\"@id\":\"https:\/\/voxy.com\/es\/#website\"},\"primaryImageOfPage\":{\"@id\":\"https:\/\/voxy.com\/es\/features\/curriculum-aligned-courses\/#primaryimage\"},\"image\":{\"@id\":\"https:\/\/voxy.com\/es\/features\/curriculum-aligned-courses\/#primaryimage\"},\"thumbnailUrl\":\"https:\/\/voxy.com\/wp-content\/uploads\/2017\/03\/computer-study.png\",\"datePublished\":\"2017-02-28T21:21:08+00:00\",\"dateModified\":\"2026-02-27T00:14:51+00:00\",\"description\":\"Voxy construye cursos personalizados que se alinean con el curr\u00edculo del curso de ingl\u00e9s de su escuela de idiomas para que pueda ofrecer pr\u00e1cticas adicionales para estudiantes con contenido del mundo real a trav\u00e9s de la web y aplicaciones m\u00f3viles de Voxy.\",\"breadcrumb\":{\"@id\":\"https:\/\/voxy.com\/es\/features\/curriculum-aligned-courses\/#breadcrumb\"},\"inLanguage\":\"es\",\"potentialAction\":[{\"@type\":\"ReadAction\",\"target\":[\"https:\/\/voxy.com\/es\/features\/curriculum-aligned-courses\/\"]}]},{\"@type\":\"ImageObject\",\"inLanguage\":\"es\",\"@id\":\"https:\/\/voxy.com\/es\/features\/curriculum-aligned-courses\/#primaryimage\",\"url\":\"https:\/\/voxy.com\/wp-content\/uploads\/2017\/03\/computer-study.png\",\"contentUrl\":\"https:\/\/voxy.com\/wp-content\/uploads\/2017\/03\/computer-study.png\",\"width\":1500,\"height\":1001},{\"@type\":\"BreadcrumbList\",\"@id\":\"https:\/\/voxy.com\/es\/features\/curriculum-aligned-courses\/#breadcrumb\",\"itemListElement\":[{\"@type\":\"ListItem\",\"position\":1,\"name\":\"Home\",\"item\":\"https:\/\/voxy.com\/\"},{\"@type\":\"ListItem\",\"position\":2,\"name\":\"Cursos alineados con el plan de estudio\"}]},{\"@type\":\"WebSite\",\"@id\":\"https:\/\/voxy.com\/es\/#website\",\"url\":\"https:\/\/voxy.com\/es\/\",\"name\":\"Voxy\",\"description\":\"Learn a language from life\",\"potentialAction\":[{\"@type\":\"SearchAction\",\"target\":{\"@type\":\"EntryPoint\",\"urlTemplate\":\"https:\/\/voxy.com\/es\/?s={search_term_string}\"},\"query-input\":{\"@type\":\"PropertyValueSpecification\",\"valueRequired\":true,\"valueName\":\"search_term_string\"}}],\"inLanguage\":\"es\"}]}<\/script>\n<!-- \/ Yoast SEO plugin. -->","yoast_head_json":{"title":"Cursos alineados con el plan de estudio - Voxy","description":"Voxy construye cursos personalizados que se alinean con el curr\u00edculo del curso de ingl\u00e9s de su escuela de idiomas para que pueda ofrecer pr\u00e1cticas adicionales para estudiantes con contenido del mundo real a trav\u00e9s de la web y aplicaciones m\u00f3viles de Voxy.","robots":{"index":"index","follow":"follow","max-snippet":"max-snippet:-1","max-image-preview":"max-image-preview:large","max-video-preview":"max-video-preview:-1"},"canonical":"https:\/\/voxy.com\/es\/features\/curriculum-aligned-courses\/","og_locale":"es_ES","og_type":"article","og_title":"Cursos alineados con el plan de estudio - Voxy","og_description":"Voxy construye cursos personalizados que se alinean con el curr\u00edculo del curso de ingl\u00e9s de su escuela de idiomas para que pueda ofrecer pr\u00e1cticas adicionales para estudiantes con contenido del mundo real a trav\u00e9s de la web y aplicaciones m\u00f3viles de Voxy.","og_url":"https:\/\/voxy.com\/es\/features\/curriculum-aligned-courses\/","og_site_name":"Voxy","article_publisher":"https:\/\/www.facebook.com\/goVOXY\/","article_modified_time":"2026-02-27T00:14:51+00:00","og_image":[{"width":1500,"height":1001,"url":"https:\/\/voxy.com\/wp-content\/uploads\/2017\/03\/computer-study.png","type":"image\/png"}],"twitter_card":"summary_large_image","twitter_site":"@Voxy","twitter_misc":{"Tiempo de lectura":"2 minutos"},"schema":{"@context":"https:\/\/schema.org","@graph":[{"@type":"WebPage","@id":"https:\/\/voxy.com\/es\/features\/curriculum-aligned-courses\/","url":"https:\/\/voxy.com\/es\/features\/curriculum-aligned-courses\/","name":"Cursos alineados con el plan de estudio - Voxy","isPartOf":{"@id":"https:\/\/voxy.com\/es\/#website"},"primaryImageOfPage":{"@id":"https:\/\/voxy.com\/es\/features\/curriculum-aligned-courses\/#primaryimage"},"image":{"@id":"https:\/\/voxy.com\/es\/features\/curriculum-aligned-courses\/#primaryimage"},"thumbnailUrl":"https:\/\/voxy.com\/wp-content\/uploads\/2017\/03\/computer-study.png","datePublished":"2017-02-28T21:21:08+00:00","dateModified":"2026-02-27T00:14:51+00:00","description":"Voxy construye cursos personalizados que se alinean con el curr\u00edculo del curso de ingl\u00e9s de su escuela de idiomas para que pueda ofrecer pr\u00e1cticas adicionales para estudiantes con contenido del mundo real a trav\u00e9s de la web y aplicaciones m\u00f3viles de Voxy.","breadcrumb":{"@id":"https:\/\/voxy.com\/es\/features\/curriculum-aligned-courses\/#breadcrumb"},"inLanguage":"es","potentialAction":[{"@type":"ReadAction","target":["https:\/\/voxy.com\/es\/features\/curriculum-aligned-courses\/"]}]},{"@type":"ImageObject","inLanguage":"es","@id":"https:\/\/voxy.com\/es\/features\/curriculum-aligned-courses\/#primaryimage","url":"https:\/\/voxy.com\/wp-content\/uploads\/2017\/03\/computer-study.png","contentUrl":"https:\/\/voxy.com\/wp-content\/uploads\/2017\/03\/computer-study.png","width":1500,"height":1001},{"@type":"BreadcrumbList","@id":"https:\/\/voxy.com\/es\/features\/curriculum-aligned-courses\/#breadcrumb","itemListElement":[{"@type":"ListItem","position":1,"name":"Home","item":"https:\/\/voxy.com\/"},{"@type":"ListItem","position":2,"name":"Cursos alineados con el plan de estudio"}]},{"@type":"WebSite","@id":"https:\/\/voxy.com\/es\/#website","url":"https:\/\/voxy.com\/es\/","name":"Voxy","description":"Learn a language from life","potentialAction":[{"@type":"SearchAction","target":{"@type":"EntryPoint","urlTemplate":"https:\/\/voxy.com\/es\/?s={search_term_string}"},"query-input":{"@type":"PropertyValueSpecification","valueRequired":true,"valueName":"search_term_string"}}],"inLanguage":"es"}]}},"_links":{"self":[{"href":"https:\/\/voxy.com\/es\/wp-json\/wp\/v2\/pages\/12939","targetHints":{"allow":["GET"]}}],"collection":[{"href":"https:\/\/voxy.com\/es\/wp-json\/wp\/v2\/pages"}],"about":[{"href":"https:\/\/voxy.com\/es\/wp-json\/wp\/v2\/types\/page"}],"author":[{"embeddable":true,"href":"https:\/\/voxy.com\/es\/wp-json\/wp\/v2\/users\/1"}],"replies":[{"embeddable":true,"href":"https:\/\/voxy.com\/es\/wp-json\/wp\/v2\/comments?post=12939"}],"version-history":[{"count":1,"href":"https:\/\/voxy.com\/es\/wp-json\/wp\/v2\/pages\/12939\/revisions"}],"predecessor-version":[{"id":134797,"href":"https:\/\/voxy.com\/es\/wp-json\/wp\/v2\/pages\/12939\/revisions\/134797"}],"wp:featuredmedia":[{"embeddable":true,"href":"https:\/\/voxy.com\/es\/wp-json\/wp\/v2\/media\/113246"}],"wp:attachment":[{"href":"https:\/\/voxy.com\/es\/wp-json\/wp\/v2\/media?parent=12939"}],"curies":[{"name":"wp","href":"https:\/\/api.w.org\/{rel}","templated":true}]}}