{"id":121568,"date":"2023-10-27T15:03:28","date_gmt":"2023-10-27T19:03:28","guid":{"rendered":"https:\/\/voxy.com\/?page_id=121568"},"modified":"2023-11-01T08:18:54","modified_gmt":"2023-11-01T12:18:54","slug":"acuerdos-de-nivel-de-servicio-sla-de-soporte","status":"publish","type":"page","link":"https:\/\/voxy.com\/es\/acuerdos-de-nivel-de-servicio-sla-de-soporte\/","title":{"rendered":"Acuerdos de nivel de servicio (SLA) de soporte"},"content":{"rendered":"<h3><b>Acuerdos de nivel de servicio (SLA) de soporte<\/b><\/h3>\n<p><span style=\"font-weight: 400;\">Voxy tiene dos canales principales para brindar soporte: uno exclusivo para clientes y otro exclusivo para estudiantes.<\/span><\/p>\n<p><span style=\"font-weight: 400;\">Canales de soporte y recursos para <\/span><b>clientes<\/b><span style=\"font-weight: 400;\">:<\/span><br \/>\n<span style=\"font-weight: 400;\">Partner Help Center: <a href=\"https:\/\/voxypartner.zendesk.com\/hc\/es\">https:\/\/voxypartner.zendesk.com\/hc\/es<\/a> <\/span><span style=\"font-weight: 400;\">\u00a0<\/span><br \/>\n<span style=\"font-weight: 400;\">Correo electr\u00f3nico:<\/span> <a href=\"mailto:partner.support@voxy.com\"><span style=\"font-weight: 400;\">partner.support@voxy.com<\/span><\/a><\/p>\n<p><span style=\"font-weight: 400;\">Canales de soporte y recursos para <\/span><b>estudiantes<\/b><span style=\"font-weight: 400;\">:<\/span><br \/>\n<span style=\"font-weight: 400;\">Learner Help Center<\/span><span style=\"font-weight: 400;\">: <\/span><a href=\"http:\/\/support.voxy.com\"><span style=\"font-weight: 400;\">http:\/\/support.voxy.com<\/span><\/a><br \/>\n<span style=\"font-weight: 400;\">Correo electr\u00f3nico:<\/span> <a href=\"mailto:support@voxy.com\"><span style=\"font-weight: 400;\">support@voxy.com<\/span><\/a><\/p>\n<p><span style=\"font-weight: 400;\">El equipo de Voxy har\u00e1 todos los esfuerzos razonables para alcanzar las siguientes metas de servicio<\/span><\/p>\n<table width=\"1237\" height=\"321\">\n<tbody>\n<tr>\n<td><b>Tipo de solicitud<\/b><\/td>\n<td><b>Descripci\u00f3n de la solicitud<\/b><\/td>\n<td><b>Tiempo estimado\u00a0<\/b><\/p>\n<p><b>de respuesta*<\/b><\/td>\n<td><b>Tiempo estimado de resoluci\u00f3n<\/b><\/td>\n<\/tr>\n<tr>\n<td><span style=\"font-weight: 400;\">Ayuda para estudiantes<\/span><\/td>\n<td><span style=\"font-weight: 400;\">Asistencia a los estudiantes con preguntas generales, sugerencias de estudio, inconvenientes.<\/span><\/td>\n<td><span style=\"font-weight: 400;\">12 horas h\u00e1biles<\/span><\/td>\n<td><span style=\"font-weight: 400;\">n\/a<\/span><\/td>\n<\/tr>\n<tr>\n<td><span style=\"font-weight: 400;\">Ayuda para clientes<\/span><\/td>\n<td><span style=\"font-weight: 400;\">Respuesta a preguntas generales, informes sobre comportamientos imprevistos de la plataforma en el sitio web y\/o en las aplicaciones m\u00f3viles, y solicitudes de funcionalidades**<\/span><\/td>\n<td><span style=\"font-weight: 400;\">8 horas h\u00e1biles<\/span><\/td>\n<td><span style=\"font-weight: 400;\">n\/a<\/span><\/td>\n<\/tr>\n<tr>\n<td><span style=\"font-weight: 400;\">Configuraciones de la plataforma<\/span><\/td>\n<td><span style=\"font-weight: 400;\">Creaci\u00f3n de nuevos grupos de funcionalidades, creaci\u00f3n de nuevos accesos al Command Center, registro\/actualizaci\u00f3n de estudiantes (cuando corresponda)<\/span><\/td>\n<td><span style=\"font-weight: 400;\">n\/a<\/span><\/td>\n<td><span style=\"font-weight: 400;\">2 d\u00edas h\u00e1biles<\/span><\/td>\n<\/tr>\n<\/tbody>\n<\/table>\n<p><span style=\"color: #555555; font-size: 14.4px;\">*<span style=\"font-weight: 400;\">El equipo de ayuda se encuentra en Brasil (GMT-3), Europa (GMT+2), y Asia (GMT+5) y siguen el calendario de d\u00edas festivos del pa\u00eds. <\/span><\/span><\/p>\n<p><span style=\"font-weight: 400;\">**<\/span><span style=\"font-weight: 400;\">Las solicitudes de reparaci\u00f3n de errores, mejoras y nuevas funcionalidades ser\u00e1n evaluadas y priorizadas seg\u00fan el roadmap de productos actual de Voxy. Sin embargo, no es posible garantizar tiempos estimados de respuesta o de resoluci\u00f3n para esas solicitudes.<\/span><\/p>\n<h3><b>Modelo de soporte continuo<\/b><\/h3>\n<p><strong>1. Acceso a un Customer Success Manager (CSM) dedicado<\/strong><\/p>\n<p><span style=\"font-weight: 400;\">El Customer Success Manager (CSM) ser\u00e1 el contacto principal del cliente en Voxy. El CSM act\u00faa como consultor de negocios y especialista en el \u00e1rea de educaci\u00f3n digital. Guiar\u00e1 al cliente durante la fase de implementaci\u00f3n y compartir\u00e1 mejores pr\u00e1cticas para su programa con el objetivo de brindarle las herramientas necesarias para que alcance sus objetivos con Voxy.<\/span><\/p>\n<p><strong>2. Asesor\u00eda para la implementaci\u00f3n<\/strong><\/p>\n<p><span style=\"font-weight: 400;\">Despu\u00e9s de firmar el contrato, se realizar\u00e1 una reuni\u00f3n introductoria oficial, donde el cliente conocer\u00e1 a su CSM. El CSM y el cliente trabajar\u00e1n en conjunto para planificar los pasos requeridos para el lanzamiento del programa, que pueden o no incluir asesor\u00eda pedag\u00f3gica, configuraci\u00f3n de la plataforma, presentaciones para los estudiantes y capacitaci\u00f3n adicional.<\/span><\/p>\n<p><strong>3. Soporte continuo<\/strong><\/p>\n<p><span style=\"font-weight: 400;\">Despu\u00e9s del lanzamiento oficial del programa, el CSM realizar\u00e1 regularmente un seguimiento de las tendencias de involucramiento, el progreso y el comportamiento de los estudiantes del cliente. El CSM tambi\u00e9n programar\u00e1 reuniones de revisi\u00f3n comercial con el cliente, en las que podr\u00e1n analizar el estado del programa de capacitaci\u00f3n de ingl\u00e9s. El CSM ayudar\u00e1 al cliente a definir los pasos siguientes necesarios para garantizar que se alcancen los objetivos empresariales de la compa\u00f1\u00eda.<\/span><\/p>\n<h3><b>Acuerdos de nivel de servicio (SLA) t\u00e9cnico<\/b><\/h3>\n<p><b>Anexo A-1<\/b><\/p>\n<p><b>Acuerdo de nivel de servicio de la plataforma<\/b><\/p>\n<ul>\n<li style=\"font-weight: 400;\" aria-level=\"1\"><span style=\"font-weight: 400;\">Coordinaci\u00f3n<\/span><span style=\"font-weight: 400;\">.\u00a0 La Compa\u00f1\u00eda ser\u00e1 responsable de coordinar el aislamiento, la prueba y la resoluci\u00f3n de todos los incidentes. Durante el proceso de aislamiento y resoluci\u00f3n de incidentes, la Compa\u00f1\u00eda comunicar\u00e1 al Cliente el avance en la resoluci\u00f3n del incidente y har\u00e1 lo posible para resolver el incidente, dentro de lo razonable.\u00a0<\/span><\/li>\n<li style=\"font-weight: 400;\" aria-level=\"1\"><span style=\"font-weight: 400;\">Seguridad<\/span><span style=\"font-weight: 400;\">. La Compa\u00f1\u00eda informar\u00e1 sobre cualquier violaci\u00f3n de seguridad que divulgue informaci\u00f3n interna dentro de un plazo de 24 horas h\u00e1biles (hora del este de los EE.\u00a0UU.)\u00a0<\/span><\/li>\n<li style=\"font-weight: 400;\" aria-level=\"1\"><span style=\"font-weight: 400;\">Compromiso de tiempo de funcionamiento.<\/span><span style=\"font-weight: 400;\"> La Compa\u00f1\u00eda brindar\u00e1 un tiempo de funcionamiento del 99,5\u00a0% (\u201c<\/span><b>Umbral de Servicio<\/b><span style=\"font-weight: 400;\">\u201d) para el Producto. Los c\u00e1lculos del Umbral de Servicio excluir\u00e1n las Interrupciones Planificadas.\u00a0 El cumplimiento del Umbral de Servicio se medir\u00e1 por mes calendario.<\/span><\/li>\n<li style=\"font-weight: 400;\" aria-level=\"1\"><span style=\"font-weight: 400;\">Interrupciones<\/span><span style=\"font-weight: 400;\">.\u00a0 \u201c<\/span><b>Interrupci\u00f3n<\/b><span style=\"font-weight: 400;\">\u201d se define como la cantidad de minutos durante los cuales los productos no est\u00e1n disponibles para los usuarios finales y no incluye las Interrupciones Planificadas descritas a continuaci\u00f3n.<\/span><\/li>\n<li style=\"font-weight: 400;\" aria-level=\"1\"><span style=\"font-weight: 400;\">Exclusiones del Acuerdo de Nivel de Servicio.<\/span><span style=\"font-weight: 400;\"> La Compa\u00f1\u00eda no ser\u00e1 responsable por ninguna Interrupci\u00f3n atribuible a un evento de fuerza mayor, por ejemplo, interrupciones del servicio de internet a nivel regional o nacional, incluidas solicitudes de API del Cliente que excedan 5000 cada cinco minutos. La Compa\u00f1\u00eda no ser\u00e1 responsable por ninguna interrupci\u00f3n que resulte del equipo o software del cliente que est\u00e9 fuera del control directo de la Compa\u00f1\u00eda. La Compa\u00f1\u00eda no ser\u00e1 responsable de ning\u00fan da\u00f1o, p\u00e9rdida o demora ocasionados por la falta de entrega, en forma oportuna y comercialmente aceptable, por parte del Cliente de la asistencia o los elementos que el Cliente deba proporcionar en virtud del presente. La Compa\u00f1\u00eda no ser\u00e1 responsable por interrupciones que surjan por la suspensi\u00f3n o finalizaci\u00f3n del derecho del Cliente a usar el Servicio como est\u00e1 permitido o requerido seg\u00fan los T\u00e9rminos del Servicio, la Pol\u00edtica de Uso Aceptable, \u00f3rdenes judiciales o gubernamentales, u otros acuerdos.<\/span><\/li>\n<li style=\"font-weight: 400;\" aria-level=\"1\"><span style=\"font-weight: 400;\">Interrupciones Planificadas<\/span><span style=\"font-weight: 400;\">.<\/span><\/li>\n<\/ul>\n<p><span style=\"font-weight: 400;\">(a)<\/span> <span style=\"font-weight: 400;\">Mantenimiento de rutina<\/span><span style=\"font-weight: 400;\">.\u00a0 El mantenimiento de rutina se define como un mantenimiento rutinario y planificado fuera del mantenimiento preplanificado descrito anteriormente. La Compa\u00f1\u00eda dar\u00e1 aviso al Cliente antes de realizar mantenimientos de rutina.<\/span><\/p>\n<p style=\"font-weight: 400;\"><span style=\"font-weight: 400;\">(c)<\/span> <span style=\"font-weight: 400;\">Mantenimiento de emergencia<\/span><span style=\"font-weight: 400;\">.\u00a0 El mantenimiento de emergencia es todo aquel mantenimiento que se debe realizar de inmediato, independientemente del horario.\u00a0 Puede que la Compa\u00f1\u00eda no tenga la posibilidad de dar aviso antes de realizar dicho mantenimiento de emergencia.<\/span><\/p>\n<p><span style=\"font-weight: 400;\">El mantenimiento de rutina y el mantenimiento de emergencia no se considerar\u00e1n Interrupciones a los efectos de calcular el Umbral de Servicio.<\/span><\/p>\n<p><span style=\"font-weight: 400;\">Cr\u00e9ditos del Servicio:<\/span><span style=\"font-weight: 400;\"> Si, en alg\u00fan mes, la Disponibilidad del Servicio no cumple con el Compromiso de Disponibilidad acordado, Voxy proporcionar\u00e1 un cr\u00e9dito (\u201c<\/span><b>Cr\u00e9dito por SLA<\/b><span style=\"font-weight: 400;\">\u201d) de acuerdo con lo establecido en la tabla a continuaci\u00f3n. Cada Cr\u00e9dito por SLA se calcular\u00e1 multiplicando (i) la tasa prorrateada de la suscripci\u00f3n mensual del Servicio (o de la licencia) cobrada en concepto del mes afectado por (ii) el porcentaje aplicable de Cr\u00e9dito por SLA estipulado en la siguiente tabla:<\/span><span style=\"font-weight: 400;\"><br \/>\n<\/span><span style=\"font-weight: 400;\">Porcentaje de Cr\u00e9dito por SLA en relaci\u00f3n con la Disponibilidad del Servicio<\/span><\/p>\n<p>&nbsp;<\/p>\n<table>\n<tbody>\n<tr>\n<td><b>Disponibilidad del Servicio<\/b><\/td>\n<td><b>Porcentaje de Cr\u00e9dito por SLA<\/b><\/td>\n<\/tr>\n<tr>\n<td><span style=\"font-weight: 400;\">100%-99.5%<\/span><\/td>\n<td><span style=\"font-weight: 400;\">0%<\/span><\/td>\n<\/tr>\n<tr>\n<td><span style=\"font-weight: 400;\">&lt;99.5% &#8211; &gt;=95.0%<\/span><\/td>\n<td><span style=\"font-weight: 400;\">5%<\/span><\/td>\n<\/tr>\n<tr>\n<td><span style=\"font-weight: 400;\">&lt;95.0%\u00a0<\/span><\/td>\n<td><span style=\"font-weight: 400;\">15%<\/span><\/td>\n<\/tr>\n<tr>\n<td><\/td>\n<td><\/td>\n<\/tr>\n<\/tbody>\n<\/table>\n<p><span style=\"font-weight: 400;\">Esos cr\u00e9ditos ser\u00e1n la \u00fanica compensaci\u00f3n por no cumplimiento del Compromiso de Disponibilidad. Los cargos pagos o debidos a Voxy no ser\u00e1n descontados y no son reembolsables.\u00a0<\/span><\/p>\n","protected":false},"excerpt":{"rendered":"<p>Acuerdos de nivel de servicio (SLA) de soporte Voxy tiene dos canales principales para brindar soporte: uno exclusivo para clientes y otro exclusivo para estudiantes. Canales de soporte y recursos para clientes: Partner Help Center: https:\/\/voxypartner.zendesk.com\/hc\/es \u00a0 Correo electr\u00f3nico: partner.support@voxy.com Canales de soporte y recursos para estudiantes: Learner Help Center: http:\/\/support.voxy.com Correo electr\u00f3nico: support@voxy.com El [&#8230;]\n","protected":false},"author":57,"featured_media":0,"parent":0,"menu_order":0,"comment_status":"closed","ping_status":"closed","template":"","meta":{"footnotes":""},"class_list":["post-121568","page","type-page","status-publish","hentry"],"yoast_head":"<!-- This site is optimized with the Yoast SEO plugin v26.7 - https:\/\/yoast.com\/wordpress\/plugins\/seo\/ -->\n<title>Acuerdos de nivel de servicio (SLA) de soporte - Voxy<\/title>\n<meta name=\"description\" content=\"Obt\u00e9n m\u00e1s informaci\u00f3n sobre los T\u00e9rminos de Uso de Voxy.\" \/>\n<meta name=\"robots\" content=\"noindex, nofollow\" \/>\n<meta property=\"og:locale\" content=\"es_ES\" \/>\n<meta property=\"og:type\" content=\"article\" \/>\n<meta property=\"og:title\" content=\"Acuerdos de nivel de servicio (SLA) de soporte - Voxy\" \/>\n<meta property=\"og:description\" content=\"Obt\u00e9n m\u00e1s informaci\u00f3n sobre los T\u00e9rminos de Uso de Voxy.\" \/>\n<meta property=\"og:url\" content=\"https:\/\/voxy.com\/es\/acuerdos-de-nivel-de-servicio-sla-de-soporte\/\" \/>\n<meta property=\"og:site_name\" content=\"Voxy\" \/>\n<meta property=\"article:publisher\" content=\"https:\/\/www.facebook.com\/goVOXY\/\" \/>\n<meta property=\"article:modified_time\" content=\"2023-11-01T12:18:54+00:00\" \/>\n<meta name=\"twitter:card\" content=\"summary_large_image\" \/>\n<meta name=\"twitter:site\" content=\"@Voxy\" \/>\n<meta name=\"twitter:label1\" content=\"Tiempo de lectura\" \/>\n\t<meta name=\"twitter:data1\" content=\"5 minutos\" \/>\n<script type=\"application\/ld+json\" class=\"yoast-schema-graph\">{\"@context\":\"https:\/\/schema.org\",\"@graph\":[{\"@type\":\"WebPage\",\"@id\":\"https:\/\/voxy.com\/es\/acuerdos-de-nivel-de-servicio-sla-de-soporte\/\",\"url\":\"https:\/\/voxy.com\/es\/acuerdos-de-nivel-de-servicio-sla-de-soporte\/\",\"name\":\"Acuerdos de nivel de servicio (SLA) de soporte - Voxy\",\"isPartOf\":{\"@id\":\"https:\/\/voxy.com\/es\/#website\"},\"datePublished\":\"2023-10-27T19:03:28+00:00\",\"dateModified\":\"2023-11-01T12:18:54+00:00\",\"description\":\"Obt\u00e9n m\u00e1s informaci\u00f3n sobre los T\u00e9rminos de Uso de Voxy.\",\"breadcrumb\":{\"@id\":\"https:\/\/voxy.com\/es\/acuerdos-de-nivel-de-servicio-sla-de-soporte\/#breadcrumb\"},\"inLanguage\":\"es\",\"potentialAction\":[{\"@type\":\"ReadAction\",\"target\":[\"https:\/\/voxy.com\/es\/acuerdos-de-nivel-de-servicio-sla-de-soporte\/\"]}]},{\"@type\":\"BreadcrumbList\",\"@id\":\"https:\/\/voxy.com\/es\/acuerdos-de-nivel-de-servicio-sla-de-soporte\/#breadcrumb\",\"itemListElement\":[{\"@type\":\"ListItem\",\"position\":1,\"name\":\"Home\",\"item\":\"https:\/\/voxy.com\/\"},{\"@type\":\"ListItem\",\"position\":2,\"name\":\"Acuerdos de nivel de servicio (SLA) de soporte\"}]},{\"@type\":\"WebSite\",\"@id\":\"https:\/\/voxy.com\/es\/#website\",\"url\":\"https:\/\/voxy.com\/es\/\",\"name\":\"Voxy\",\"description\":\"Learn a language from life\",\"potentialAction\":[{\"@type\":\"SearchAction\",\"target\":{\"@type\":\"EntryPoint\",\"urlTemplate\":\"https:\/\/voxy.com\/es\/?s={search_term_string}\"},\"query-input\":{\"@type\":\"PropertyValueSpecification\",\"valueRequired\":true,\"valueName\":\"search_term_string\"}}],\"inLanguage\":\"es\"}]}<\/script>\n<!-- \/ Yoast SEO plugin. -->","yoast_head_json":{"title":"Acuerdos de nivel de servicio (SLA) de soporte - Voxy","description":"Obt\u00e9n m\u00e1s informaci\u00f3n sobre los T\u00e9rminos de Uso de Voxy.","robots":{"index":"noindex","follow":"nofollow"},"og_locale":"es_ES","og_type":"article","og_title":"Acuerdos de nivel de servicio (SLA) de soporte - Voxy","og_description":"Obt\u00e9n m\u00e1s informaci\u00f3n sobre los T\u00e9rminos de Uso de Voxy.","og_url":"https:\/\/voxy.com\/es\/acuerdos-de-nivel-de-servicio-sla-de-soporte\/","og_site_name":"Voxy","article_publisher":"https:\/\/www.facebook.com\/goVOXY\/","article_modified_time":"2023-11-01T12:18:54+00:00","twitter_card":"summary_large_image","twitter_site":"@Voxy","twitter_misc":{"Tiempo de lectura":"5 minutos"},"schema":{"@context":"https:\/\/schema.org","@graph":[{"@type":"WebPage","@id":"https:\/\/voxy.com\/es\/acuerdos-de-nivel-de-servicio-sla-de-soporte\/","url":"https:\/\/voxy.com\/es\/acuerdos-de-nivel-de-servicio-sla-de-soporte\/","name":"Acuerdos de nivel de servicio (SLA) de soporte - Voxy","isPartOf":{"@id":"https:\/\/voxy.com\/es\/#website"},"datePublished":"2023-10-27T19:03:28+00:00","dateModified":"2023-11-01T12:18:54+00:00","description":"Obt\u00e9n m\u00e1s informaci\u00f3n sobre los T\u00e9rminos de Uso de Voxy.","breadcrumb":{"@id":"https:\/\/voxy.com\/es\/acuerdos-de-nivel-de-servicio-sla-de-soporte\/#breadcrumb"},"inLanguage":"es","potentialAction":[{"@type":"ReadAction","target":["https:\/\/voxy.com\/es\/acuerdos-de-nivel-de-servicio-sla-de-soporte\/"]}]},{"@type":"BreadcrumbList","@id":"https:\/\/voxy.com\/es\/acuerdos-de-nivel-de-servicio-sla-de-soporte\/#breadcrumb","itemListElement":[{"@type":"ListItem","position":1,"name":"Home","item":"https:\/\/voxy.com\/"},{"@type":"ListItem","position":2,"name":"Acuerdos de nivel de servicio (SLA) de soporte"}]},{"@type":"WebSite","@id":"https:\/\/voxy.com\/es\/#website","url":"https:\/\/voxy.com\/es\/","name":"Voxy","description":"Learn a language from life","potentialAction":[{"@type":"SearchAction","target":{"@type":"EntryPoint","urlTemplate":"https:\/\/voxy.com\/es\/?s={search_term_string}"},"query-input":{"@type":"PropertyValueSpecification","valueRequired":true,"valueName":"search_term_string"}}],"inLanguage":"es"}]}},"_links":{"self":[{"href":"https:\/\/voxy.com\/es\/wp-json\/wp\/v2\/pages\/121568","targetHints":{"allow":["GET"]}}],"collection":[{"href":"https:\/\/voxy.com\/es\/wp-json\/wp\/v2\/pages"}],"about":[{"href":"https:\/\/voxy.com\/es\/wp-json\/wp\/v2\/types\/page"}],"author":[{"embeddable":true,"href":"https:\/\/voxy.com\/es\/wp-json\/wp\/v2\/users\/57"}],"replies":[{"embeddable":true,"href":"https:\/\/voxy.com\/es\/wp-json\/wp\/v2\/comments?post=121568"}],"version-history":[{"count":0,"href":"https:\/\/voxy.com\/es\/wp-json\/wp\/v2\/pages\/121568\/revisions"}],"wp:attachment":[{"href":"https:\/\/voxy.com\/es\/wp-json\/wp\/v2\/media?parent=121568"}],"curies":[{"name":"wp","href":"https:\/\/api.w.org\/{rel}","templated":true}]}}