{"id":120251,"date":"2023-07-20T13:01:58","date_gmt":"2023-07-20T17:01:58","guid":{"rendered":"https:\/\/voxy.com\/?page_id=120251"},"modified":"2023-10-26T13:50:24","modified_gmt":"2023-10-26T17:50:24","slug":"terminos-y-condiciones-anteriores","status":"publish","type":"page","link":"https:\/\/voxy.com\/es\/terminos-y-condiciones-anteriores\/","title":{"rendered":"T\u00e9rminos y condiciones anteriores"},"content":{"rendered":"<p><\/p>\r\n<h2 class=\"wp-block-heading\">T\u00e9rminos y condiciones anteriores<\/h2>\r\n<p><\/p>\r\n<p><\/p>\r\n<p>Tenga en cuenta: estos t\u00e9rminos NO est\u00e1n actualizados. Lea los <a href=\"https:\/\/voxy.com\/es\/condiciones-legales\/\">t\u00e9rminos actuales<\/a>.<\/p>\r\n<p><\/p>\r\n<p><\/p>\r\n<ul class=\"wp-block-list\">\r\n<li style=\"list-style-type: none;\">\r\n<ul>\r\n<li><a href=\"https:\/\/voxy.com\/es\/condiciones-legales\/condiciones-legales-efectivos-hasta-31-05-2023\/\">T\u00e9rminos y condiciones de Voxy efectivos hasta 31\/05\/2023<\/a><\/li>\r\n<li><a href=\"https:\/\/voxy.com\/es\/condiciones-legales\/condiciones-legales-efectivos-hasta-24-10-2023\/\">T\u00e9rminos y condiciones de Voxy efectivos hasta 24\/10\/2023<\/a><\/li>\r\n<\/ul>\r\n<\/li>\r\n<\/ul>\r\n<p><\/p>\r\n<p><\/p>","protected":false},"excerpt":{"rendered":"<p>T\u00e9rminos y condiciones anteriores Tenga en cuenta: estos t\u00e9rminos NO est\u00e1n actualizados. Lea los t\u00e9rminos actuales.<\/p>\n","protected":false},"author":55,"featured_media":0,"parent":0,"menu_order":0,"comment_status":"closed","ping_status":"closed","template":"","meta":{"footnotes":""},"class_list":["post-120251","page","type-page","status-publish","hentry"],"yoast_head":"<!-- This site is optimized with the Yoast SEO plugin v26.7 - https:\/\/yoast.com\/wordpress\/plugins\/seo\/ -->\n<title>T\u00e9rminos y condiciones anteriores - Voxy<\/title>\n<meta name=\"robots\" content=\"index, follow, max-snippet:-1, max-image-preview:large, max-video-preview:-1\" \/>\n<link rel=\"canonical\" href=\"https:\/\/voxy.com\/es\/terminos-y-condiciones-anteriores\/\" \/>\n<meta property=\"og:locale\" content=\"es_ES\" \/>\n<meta property=\"og:type\" content=\"article\" \/>\n<meta property=\"og:title\" content=\"T\u00e9rminos y condiciones anteriores - Voxy\" \/>\n<meta property=\"og:description\" content=\"T\u00e9rminos y condiciones anteriores Tenga en cuenta: estos t\u00e9rminos NO est\u00e1n actualizados. Lea los t\u00e9rminos actuales.\" \/>\n<meta property=\"og:url\" content=\"https:\/\/voxy.com\/es\/terminos-y-condiciones-anteriores\/\" \/>\n<meta property=\"og:site_name\" content=\"Voxy\" \/>\n<meta property=\"article:publisher\" content=\"https:\/\/www.facebook.com\/goVOXY\/\" \/>\n<meta property=\"article:modified_time\" content=\"2023-10-26T17:50:24+00:00\" \/>\n<meta name=\"twitter:card\" content=\"summary_large_image\" \/>\n<meta name=\"twitter:site\" content=\"@Voxy\" \/>\n<meta name=\"twitter:label1\" content=\"Tiempo de lectura\" \/>\n\t<meta name=\"twitter:data1\" content=\"1 minuto\" \/>\n<script type=\"application\/ld+json\" class=\"yoast-schema-graph\">{\"@context\":\"https:\/\/schema.org\",\"@graph\":[{\"@type\":\"WebPage\",\"@id\":\"https:\/\/voxy.com\/es\/terminos-y-condiciones-anteriores\/\",\"url\":\"https:\/\/voxy.com\/es\/terminos-y-condiciones-anteriores\/\",\"name\":\"T\u00e9rminos y condiciones anteriores - Voxy\",\"isPartOf\":{\"@id\":\"https:\/\/voxy.com\/es\/#website\"},\"datePublished\":\"2023-07-20T17:01:58+00:00\",\"dateModified\":\"2023-10-26T17:50:24+00:00\",\"breadcrumb\":{\"@id\":\"https:\/\/voxy.com\/es\/terminos-y-condiciones-anteriores\/#breadcrumb\"},\"inLanguage\":\"es\",\"potentialAction\":[{\"@type\":\"ReadAction\",\"target\":[\"https:\/\/voxy.com\/es\/terminos-y-condiciones-anteriores\/\"]}]},{\"@type\":\"BreadcrumbList\",\"@id\":\"https:\/\/voxy.com\/es\/terminos-y-condiciones-anteriores\/#breadcrumb\",\"itemListElement\":[{\"@type\":\"ListItem\",\"position\":1,\"name\":\"Home\",\"item\":\"https:\/\/voxy.com\/\"},{\"@type\":\"ListItem\",\"position\":2,\"name\":\"T\u00e9rminos y condiciones anteriores\"}]},{\"@type\":\"WebSite\",\"@id\":\"https:\/\/voxy.com\/es\/#website\",\"url\":\"https:\/\/voxy.com\/es\/\",\"name\":\"Voxy\",\"description\":\"Learn a language from life\",\"potentialAction\":[{\"@type\":\"SearchAction\",\"target\":{\"@type\":\"EntryPoint\",\"urlTemplate\":\"https:\/\/voxy.com\/es\/?s={search_term_string}\"},\"query-input\":{\"@type\":\"PropertyValueSpecification\",\"valueRequired\":true,\"valueName\":\"search_term_string\"}}],\"inLanguage\":\"es\"}]}<\/script>\n<!-- \/ Yoast SEO plugin. -->","yoast_head_json":{"title":"T\u00e9rminos y condiciones anteriores - Voxy","robots":{"index":"index","follow":"follow","max-snippet":"max-snippet:-1","max-image-preview":"max-image-preview:large","max-video-preview":"max-video-preview:-1"},"canonical":"https:\/\/voxy.com\/es\/terminos-y-condiciones-anteriores\/","og_locale":"es_ES","og_type":"article","og_title":"T\u00e9rminos y condiciones anteriores - Voxy","og_description":"T\u00e9rminos y condiciones anteriores Tenga en cuenta: estos t\u00e9rminos NO est\u00e1n actualizados. Lea los t\u00e9rminos actuales.","og_url":"https:\/\/voxy.com\/es\/terminos-y-condiciones-anteriores\/","og_site_name":"Voxy","article_publisher":"https:\/\/www.facebook.com\/goVOXY\/","article_modified_time":"2023-10-26T17:50:24+00:00","twitter_card":"summary_large_image","twitter_site":"@Voxy","twitter_misc":{"Tiempo de lectura":"1 minuto"},"schema":{"@context":"https:\/\/schema.org","@graph":[{"@type":"WebPage","@id":"https:\/\/voxy.com\/es\/terminos-y-condiciones-anteriores\/","url":"https:\/\/voxy.com\/es\/terminos-y-condiciones-anteriores\/","name":"T\u00e9rminos y condiciones anteriores - Voxy","isPartOf":{"@id":"https:\/\/voxy.com\/es\/#website"},"datePublished":"2023-07-20T17:01:58+00:00","dateModified":"2023-10-26T17:50:24+00:00","breadcrumb":{"@id":"https:\/\/voxy.com\/es\/terminos-y-condiciones-anteriores\/#breadcrumb"},"inLanguage":"es","potentialAction":[{"@type":"ReadAction","target":["https:\/\/voxy.com\/es\/terminos-y-condiciones-anteriores\/"]}]},{"@type":"BreadcrumbList","@id":"https:\/\/voxy.com\/es\/terminos-y-condiciones-anteriores\/#breadcrumb","itemListElement":[{"@type":"ListItem","position":1,"name":"Home","item":"https:\/\/voxy.com\/"},{"@type":"ListItem","position":2,"name":"T\u00e9rminos y condiciones anteriores"}]},{"@type":"WebSite","@id":"https:\/\/voxy.com\/es\/#website","url":"https:\/\/voxy.com\/es\/","name":"Voxy","description":"Learn a language from life","potentialAction":[{"@type":"SearchAction","target":{"@type":"EntryPoint","urlTemplate":"https:\/\/voxy.com\/es\/?s={search_term_string}"},"query-input":{"@type":"PropertyValueSpecification","valueRequired":true,"valueName":"search_term_string"}}],"inLanguage":"es"}]}},"_links":{"self":[{"href":"https:\/\/voxy.com\/es\/wp-json\/wp\/v2\/pages\/120251","targetHints":{"allow":["GET"]}}],"collection":[{"href":"https:\/\/voxy.com\/es\/wp-json\/wp\/v2\/pages"}],"about":[{"href":"https:\/\/voxy.com\/es\/wp-json\/wp\/v2\/types\/page"}],"author":[{"embeddable":true,"href":"https:\/\/voxy.com\/es\/wp-json\/wp\/v2\/users\/55"}],"replies":[{"embeddable":true,"href":"https:\/\/voxy.com\/es\/wp-json\/wp\/v2\/comments?post=120251"}],"version-history":[{"count":0,"href":"https:\/\/voxy.com\/es\/wp-json\/wp\/v2\/pages\/120251\/revisions"}],"wp:attachment":[{"href":"https:\/\/voxy.com\/es\/wp-json\/wp\/v2\/media?parent=120251"}],"curies":[{"name":"wp","href":"https:\/\/api.w.org\/{rel}","templated":true}]}}