{"id":120218,"date":"2023-07-17T16:31:24","date_gmt":"2023-07-17T20:31:24","guid":{"rendered":"https:\/\/voxy.com\/?page_id=120218"},"modified":"2023-07-20T13:15:11","modified_gmt":"2023-07-20T17:15:11","slug":"condiciones-legales-efectivos-hasta-31-05-2023","status":"publish","type":"page","link":"https:\/\/voxy.com\/es\/condiciones-legales\/condiciones-legales-efectivos-hasta-31-05-2023\/","title":{"rendered":"Condiciones Legales efectivos hasta 31\/05\/2023"},"content":{"rendered":"\n\t<section class=\"section\" id=\"section_842297954\">\n\t\t<div class=\"section-bg fill\" >\n\t\t\t\t\t\t\t\t\t\n\t\t\t\n\n\t\t<\/div>\n\n\t\t\n\n\t\t<div class=\"section-content relative\">\n\t\t\t\n<div class=\"row align-center\"  id=\"row-209875628\">\n\n\t<div id=\"col-619376459\" class=\"col small-12 large-12\"  >\n\t\t\t\t<div class=\"col-inner text-center\"  >\n\t\t\t\n\t\t\t\n<h2>T\u00c9RMINOS Y CONDICIONES<\/h2>\n<p>(efectivos hasta 31\/05\/2023)<\/p>\n\t\t<\/div>\n\t\t\t\t\t<\/div>\n\n\t\n<\/div>\n<div class=\"row\"  id=\"row-1646143427\">\n\n\t<div id=\"col-708533378\" class=\"col small-12 large-12\"  >\n\t\t\t\t<div class=\"col-inner\"  >\n\t\t\t\n\t\t\t\n<p><!-- 1) Voxy Command Center --><\/p>\n<h3>Vacantes.<\/h3>\n<div style=\"padding-left: 26px;\">\n<p>Cada Vacante constituye una licencia no exclusiva para acceder al Producto y utilizarlo durante el A\u00f1o Contractual aplicable. Una Vacante habilita al alumno que la activa al registrar el Producto a acceder y usar el Producto en el Territorio durante el A\u00f1o Contractual en que se adquiri\u00f3 dicha Vacante, sujeto a los t\u00e9rminos del presente Contrato. Cada Vacante podr\u00e1 ser utilizada por un alumno a la vez; no obstante, las Vacantes son transferibles entre los alumnos del Cliente y de sus empresas vinculadas, y toda Vacante que haya sido desactivada por un alumno (o por el Cliente en nombre de este) podr\u00e1 ser transferida a otro alumno y reactivada por este \u00faltimo, con la salvedad de que ninguna Vacante podr\u00e1 registrarse a nombre de m\u00e1s de un alumno en cualquier momento dado ni transferirse m\u00e1s de una vez en un plazo de 90 d\u00edas. Salvo que el Formulario de Solicitud disponga lo contrario, las Vacantes podr\u00e1n ser utilizadas \u00fanica y exclusivamente por los alumnos del Cliente y de sus empresas vinculadas, y no podr\u00e1n ser transferidas, sublicenciadas ni revendidas a ninguna persona que no sea un alumno del Cliente o de una de sus empresas vinculadas. Los alumnos deben ser mayores de 14 a\u00f1os para poder activar una Vacante, acceder al Producto y utilizarlo en virtud del presente Contrato. Los alumnos menores de 14 a\u00f1os no podr\u00e1n acceder al Producto ni utilizarlo. La Compa\u00f1\u00eda se reserva el derecho de revocar cualquier Vacante activada por un alumno menor de 14 a\u00f1os.<\/p>\n<\/div>\n<p>&nbsp;<\/p>\n<h3>Cr\u00e9ditos.<\/h3>\n<div style=\"padding-left: 26px;\">\n<p>Cada cr\u00e9dito habilita al alumno a acceder a una tutor\u00eda particular de 15 minutos. Los cr\u00e9ditos son transferibles entre los alumnos del Cliente y de sus empresas vinculadas solo para paquetes de cr\u00e9ditos anuales. Los paquetes de cr\u00e9ditos mensuales vencen al final de cada mes y se adjuntan a una licencia \u00fanica. Salvo que el Formulario de Solicitud disponga lo contrario, los Cr\u00e9ditos podr\u00e1n ser utilizados \u00fanica y exclusivamente por los alumnos del Cliente y de sus empresas vinculadas, y no podr\u00e1n ser transferidos, sublicenciados ni revendidos a ninguna persona que no sea un alumno del Cliente o de sus empresas vinculadas. Los cr\u00e9ditos deben utilizarse durante el A\u00f1o Contractual en que se adquirieron.<\/p>\n<\/div>\n<p>&nbsp;<\/p>\n<h3>Servicios y Soporte.<\/h3>\n<div style=\"padding-left: 26px;\">\n<p>Los <strong>\u201cServicios y Soporte\u201d<\/strong> incluidos en los cargos por Vacante abarcan (i) hosting del Producto, (ii) actualizaciones y correcciones de errores del Producto cuando dichas actualizaciones y correcciones se pongan a disposici\u00f3n general de los dem\u00e1s clientes de la Compa\u00f1\u00eda y con el mismo alcance, y (iii) cualquier otro elemento de \u201cServicios y Soporte\u201d especificado en el Formulario de Solicitud. Los servicios y\/o el soporte adicionales ser\u00e1n facturados sobre la base del precio est\u00e1ndar por hora de la Compa\u00f1\u00eda, salvo que medie acuerdo por escrito en contrario.<\/p>\n<\/div>\n<p>&nbsp;<\/p>\n<h3>Cargos, Contabilidad y Pago.<\/h3>\n<div style=\"padding-left: 26px;\">\n<p>El Cliente deber\u00e1 pagar por adelantado todos los cargos por Vacantes y cargos por Cr\u00e9ditos dispuestos en el Formulario de Solicitud correspondientes a cada A\u00f1o Contractual durante el Plazo, hasta la Fecha de Lanzamiento inclusive y hasta cada aniversario de la Fecha de Lanzamiento inclusive. Dichos cargos no son reembolsables y corresponden al pago total de la cantidad m\u00ednima de Vacantes y Cr\u00e9ditos (indicada en el Formulario de Solicitud) para ese A\u00f1o Contractual. La Compa\u00f1\u00eda emitir\u00e1 facturas a nombre del Cliente con frecuencia trimestral por las sumas adicionales por pagar en virtud de este Contrato y el Cliente pagar\u00e1 las sumas facturadas dentro de los 10 d\u00edas. Todas las sumas en virtud del presente documento son pagaderas en D\u00f3lares Estadounidenses. Si no se efectuara el pago de los cargos u otras sumas adeudadas en sus respectivas fechas de vencimiento, dichos cargos u otras sumas devengar\u00e1n intereses a una tasa del 1,5 % del saldo por mes (o la tasa m\u00e1xima permitida por ley si fuera inferior) hasta la fecha en que se efect\u00fae el pago en cuesti\u00f3n. Los cargos y otras sumas se deber\u00e1n pagar sin deducci\u00f3n o retenci\u00f3n alguna de impuestos sobre las ventas, impuestos al uso, impuestos al valor agregado, impuestos a la producci\u00f3n o al procesamiento, IVA, impuestos a los bienes y servicios, impuestos sobre las ventas provinciales, impuestos a los ingresos brutos u otros impuestos semejantes trasladables recaudados por alguna autoridad gubernamental.<\/p>\n<\/div>\n<p>&nbsp;<\/p>\n<h3>Propiedad Intelectual.<\/h3>\n<div style=\"padding-left: 26px;\">\n<p>En el marco de la relaci\u00f3n entre las partes, todas las patentes, los derechos de autor, los derechos morales, las marcas registradas, los secretos comerciales y los dem\u00e1s derechos de propiedad intelectual, en cualquiera de sus formas, reconocidos en cualquier jurisdicci\u00f3n, incluyendo, sin car\u00e1cter limitativo, las solicitudes y los registros utilizados por la Compa\u00f1\u00eda para ofrecer el Producto, las Vacantes y\/o los Servicios y el Soporte (en conjunto, la <strong>\u201cPropiedad Intelectual de la Compa\u00f1\u00eda\u201d<\/strong>) son y seguir\u00e1n siendo propiedad de la Compa\u00f1\u00eda. El Cliente se abstendr\u00e1 de (a) copiar, modificar, descompilar, desensamblar, recrear o bien intentar descubrir la Propiedad Intelectual de la Compa\u00f1\u00eda, debi\u00e9ndose abstener tambi\u00e9n de crear trabajos derivados a partir de ella o de utilizarla para realizar ingenier\u00eda inversa; o de (b) eliminar, modificar, cubrir o distorsionar los avisos de patentes, derechos de autor, marcas registradas u otros derechos de propiedad intelectual de la Compa\u00f1\u00eda. \u201cVoxy,\u00bb el logotipo de dise\u00f1o de Voxy y ciertos otros nombres y logotipos (las <strong>\u201cMarcas de la Compa\u00f1\u00eda\u201d<\/strong>) son marcas de servicio o marcas registradas de la Compa\u00f1\u00eda. Por otra parte, la apariencia del Producto y del sitio web de la Compa\u00f1\u00eda (incluyendo, a t\u00edtulo enunciativo, las combinaciones de color, las formas de los botones, la disposici\u00f3n, el dise\u00f1o y todos los dem\u00e1s elementos gr\u00e1ficos) tambi\u00e9n est\u00e1 protegida por las marcas registradas, marcas de servicio y derechos de autor de la Compa\u00f1\u00eda. La Compa\u00f1\u00eda le concede al Cliente una licencia no exclusiva y libre de regal\u00edas para usar las Marcas de la Compa\u00f1\u00eda (en la forma provista por esta \u00faltima), en la medida de lo necesario para que el Cliente ejerza sus derechos y cumpla con sus obligaciones en virtud de este Contrato. El Cliente acuerda que utilizar\u00e1 las Marcas de la Compa\u00f1\u00eda de un modo que redunde en beneficio de la Compa\u00f1\u00eda y en nombre de esta. El Cliente le concede a la Compa\u00f1\u00eda una licencia no exclusiva y libre de regal\u00edas para usar las marcas registradas, las marcas de servicio, los nombres y los logotipos del Cliente (en la forma provista por este \u00faltimo), en la medida de lo necesario para que la Compa\u00f1\u00eda cumpla con sus obligaciones en virtud de este Contrato. La Compa\u00f1\u00eda acuerda que har\u00e1 uso de esa licencia de un modo que redunde en beneficio del Cliente y en nombre de este.<\/p>\n<\/div>\n<p>&nbsp;<\/p>\n<h3>Plazo y Extinci\u00f3n.<\/h3>\n<div style=\"padding-left: 26px;\">\n<p>El Plazo del presente se renueva autom\u00e1ticamente por cada A\u00f1o Contractual posterior, salvo que las partes cursen una notificaci\u00f3n de extinci\u00f3n por escrito con al menos 60 d\u00edas de antelaci\u00f3n a la finalizaci\u00f3n del Plazo. Este Contrato se extinguir\u00e1 el \u00faltimo d\u00eda del Plazo, salvo que las partes lo rescindan antes con arreglo a lo dispuesto en este apartado. Cualquiera de las partes podr\u00e1 rescindir este Contrato si (a) la otra parte incurre en un incumplimiento sustancial de este Contrato y no lo subsana dentro de los 30 d\u00edas posteriores a ser notificada por escrito al respecto, o (b) la otra parte entra o se declara en estado de insolvencia o quiebra, queda sujeta a cualquier tipo de procedimiento relacionado con su liquidaci\u00f3n o insolvencia (de manera voluntaria o involuntaria), efect\u00faa una cesi\u00f3n en beneficio de sus acreedores, o bien lleva a cabo o queda supeditada a una acci\u00f3n con efectos semejantes. Al producirse la extinci\u00f3n del Contrato, finalizar\u00e1 el acceso a todas las Vacantes, vencer\u00e1n todos los Cr\u00e9ditos y la Compa\u00f1\u00eda no estar\u00e1 obligada a reembolsar ninguna suma pagada en virtud del presente documento. La caducidad o la extinci\u00f3n de este Contrato no afectar\u00e1n las disposiciones que deban seguir vigentes posteriormente a dicha caducidad o extinci\u00f3n.<\/p>\n<\/div>\n<p>&nbsp;<\/p>\n<h3>Informaci\u00f3n del Cliente; Informaci\u00f3n de Uso.<\/h3>\n<div style=\"padding-left: 26px;\">\n<p><strong>\u201cInformaci\u00f3n del Cliente\u201d<\/strong> se refiere a toda informaci\u00f3n de identificaci\u00f3n personal relacionada con los usuarios finales del Producto que sea adquirida por la Compa\u00f1\u00eda en el marco del acceso al Producto conferido en virtud de este Contrato.<strong> \u201cInformaci\u00f3n de Uso\u201d<\/strong> se refiere a toda informaci\u00f3n, exceptuando la Informaci\u00f3n del Cliente, relacionada con los usuarios finales y con el uso que estos hacen del Producto, incluyendo, a t\u00edtulo enunciativo, la base de usuarios instalada o el tiempo que los usuarios dedican a utilizar el Producto. La Informaci\u00f3n del Cliente es propiedad del Cliente y reviste el car\u00e1cter de Informaci\u00f3n Confidencial de este \u00faltimo. La Compa\u00f1\u00eda recopilar\u00e1, almacenar\u00e1 o usar\u00e1 la Informaci\u00f3n del Cliente con el \u00fanico y exclusivo prop\u00f3sito de cumplir con sus obligaciones emanadas de este Contrato. La Informaci\u00f3n de Uso es propiedad de la Compa\u00f1\u00eda, podr\u00e1 ser usada por la Compa\u00f1\u00eda para cualquier prop\u00f3sito (se relacione o no con este Contrato) y constituye Informaci\u00f3n Confidencial de la Compa\u00f1\u00eda. La Compa\u00f1\u00eda proporcionar\u00e1 al Cliente informes que incluyen las categor\u00edas de Informaci\u00f3n de Uso indicadas en el Formulario de Solicitud, en los mismos per\u00edodos, en el mismo formato y con las mismas particularidades que los informes de categor\u00edas similares de Informaci\u00f3n de Uso que la Compa\u00f1\u00eda generalmente proporciona a otros clientes.<\/p>\n<\/div>\n<p>&nbsp;<\/p>\n<h3>Declaraciones y garant\u00edas; Descargo de responsabilidad y Limitaci\u00f3n de responsabilidad.<\/h3>\n<div style=\"padding-left: 26px;\">\n<p>Cada una de las partes le manifiesta y garantiza a la otra que: (a) tiene plenos derechos, facultades y autoridad para celebrar este Contrato y cumplir con sus respectivas cl\u00e1usulas; (b) el perfeccionamiento, otorgamiento y cumplimiento de este Contrato no entrar\u00e1 en conflicto ni devendr\u00e1 en un incumplimiento de cualquier otro acuerdo u obligaci\u00f3n frente a un tercero; (c) este Contrato constituye una obligaci\u00f3n legal, v\u00e1lida, vinculante y exigible de acuerdo con sus t\u00e9rminos y condiciones; y (d) cumplir\u00e1 con este Contrato ateni\u00e9ndose a las leyes que correspondan de todas las jurisdicciones aplicables. CADA UNA DE LAS PARTES RENUNCIA A TODAS Y CADA UNA DE LAS DEM\u00c1S GARANT\u00cdAS Y DECLARACIONES (EXPRESAS O IMPL\u00cdCITAS Y VERBALES O ESCRITAS) RESPECTO A ESTE CONTRATO, EL PRODUCTO Y\/O LOS SERVICIOS Y EL SOPORTE, INCLUIDA CUALQUIER GARANT\u00cdA IMPL\u00cdCITA DE COMERCIABILIDAD, ADECUACI\u00d3N PARA UN FIN DETERMINADO, INEXISTENCIA DE VIOLACI\u00d3N DE DERECHOS DE TERCEROS, INEXISTENCIA DE ERRORES O SERVICIO ININTERRUMPIDO, INCLUIDAS TODAS LAS GARANT\u00cdAS IMPL\u00cdCITAS QUE SURJAN DE UNA TRANSACCI\u00d3N, DURANTE LA EJECUCI\u00d3N DEL CONTRATO O DE LOS USOS Y COSTUMBRES COMERCIALES. POR OTRA PARTE, LOS SERVICIOS Y EL SOPORTE Y\/O EL PRODUCTO PUEDEN ESTAR SUJETOS A LIMITACIONES, DEMORAS Y DEM\u00c1S PROBLEMAS INHERENTES AL USO DE INTERNET, LAS COMUNICACIONES ELECTR\u00d3NICAS O NUEVOS FORMATOS QUE HAGAN USO DE NUEVAS TECNOLOG\u00cdAS, Y NINGUNA DE LAS PARTES SER\u00c1 RESPONSABLE DE LAS DEMORAS, LA IMPOSIBILIDAD DE BRINDAR EL SERVICIO Y\/O LOS PROBLEMAS DE COMPATIBILIDAD Y\/O DESEMPE\u00d1O Y CONSISTENCIA DEL DESEMPE\u00d1O U OTROS DA\u00d1OS Y PERJUICIOS RESULTANTES DE TALES PROBLEMAS. NINGUNA DE LAS PARTES INCURRIR\u00c1 EN RESPONSABILIDAD (DE \u00cdNDOLE CONTRACTUAL, EXTRACONTRACTUAL (INCLUIDA NEGLIGENCIA), EN VIRTUD DE UNA GARANT\u00cdA, RESPONSABILIDAD DEL FABRICANTE O DE OTRA TEOR\u00cdA) FRENTE A LA OTRA PARTE O FRENTE A UN TERCERO O ENTIDAD POR LOS DA\u00d1OS INDIRECTOS, INCIDENTALES, ESPECIALES, EMERGENTES, O PUNITIVOS (INCLUIDOS DA\u00d1OS Y PERJUICIOS POR LUCRO CESANTE, MERMA EN EL VOLUMEN DE ACTIVIDADES O P\u00c9RDIDA DE INFORMACI\u00d3N). SALVO POR LA OBLIGACI\u00d3N DEL CLIENTE DE PAGAR LOS CARGOS EN VIRTUD DEL PRESENTE, LA RESPONSABILIDAD TOTAL DE CADA UNA DE LAS PARTES NO EXCEDER\u00c1 EL IMPORTE TOTAL PAGADO POR EL CLIENTE A LA COMPA\u00d1\u00cdA DURANTE EL PER\u00cdODO DE 12 MESES INMEDIATAMENTE PRECEDENTE AL RECLAMO APLICABLE. Cada una de las partes ratifica que las limitaciones precedentes son un elemento esencial de este Contrato celebrado entre las partes y que, de no ser por dichas limitaciones, el precio y los dem\u00e1s t\u00e9rminos y condiciones de este Contrato ser\u00edan significativamente distintos. Este p\u00e1rrafo permanecer\u00e1 vigente tras la caducidad o rescisi\u00f3n del Contrato.<\/p>\n<\/div>\n<p>&nbsp;<\/p>\n<h3>Informaci\u00f3n Confidencial.<\/h3>\n<div style=\"padding-left: 26px;\">\n<p><strong>\u201cInformaci\u00f3n Confidencial\u201d<\/strong> se refiere a la informaci\u00f3n revelada a la otra parte u obtenida por esta \u00faltima durante el Plazo de este contrato con respecto a la actividad comercial, los clientes, los productos, los productos propuestos, los planes, las invenciones, los procesos y las t\u00e9cnicas de la parte reveladora, que deba considerarse confidencial o patentada, dentro de lo razonable, habida cuenta de su naturaleza o el contexto en el que se produjo la divulgaci\u00f3n. La Informaci\u00f3n Confidencial no incluye informaci\u00f3n que: (i) sea o pase a ser de dominio p\u00fablico sin mediar incumplimiento de la parte que la recibe; o (ii) haya sido obtenida leg\u00edtimamente por la parte que la recibe de parte de un tercero. Salvo a los efectos de cumplir con sus obligaciones o ejercer sus derechos en virtud de este Contrato, cada parte se compromete a: (a) no usar la Informaci\u00f3n Confidencial de la otra; y (b) proteger la Informaci\u00f3n Confidencial de la otra parte para impedir que sea divulgada, aplicando el mismo nivel de precauci\u00f3n que aplica para proteger su propia Informaci\u00f3n Confidencial (y, al menos, un nivel de precauci\u00f3n razonable). Este p\u00e1rrafo permanecer\u00e1 vigente tras la caducidad o rescisi\u00f3n del Contrato.<\/p>\n<\/div>\n<p>&nbsp;<\/p>\n<h3>Disposiciones Varias.<\/h3>\n<div style=\"padding-left: 26px;\">\n<p>La Compa\u00f1\u00eda y el Cliente son contratistas independientes, y este Contrato no crea una sociedad de personas, joint venture o contrato de mandato entre las partes. No se considerar\u00e1 que una parte ha incurrido en incumplimiento de este Contrato (salvo por el pago de los Cargos) si el cumplimiento de las obligaciones de dicha parte se viese demorado o impedido por cuestiones de fuerza mayor, entre ellas, guerra (efectivamente declarada o no), sabotaje, insurrecci\u00f3n, rebeli\u00f3n, disturbio u otro acto de desacato civil, acto de un enemigo p\u00fablico, acto gubernamental, acci\u00f3n judicial, conflicto laboral, embargo de cargas transportadas, epidemia, cuarentena, tormenta u otra condici\u00f3n clim\u00e1tica adversa, incendio, inundaci\u00f3n, terremoto u otros Hechos Fortuitos, actos de terrorismo, mal funcionamiento de sat\u00e9lites, interrupciones de Internet, fallas en las l\u00edneas de comunicaci\u00f3n o cortes del suministro el\u00e9ctrico u otras razones ajenas al control de dicha parte. Cada una de las partes acuerda que la otra podr\u00e1 usar su nombre y logotipo (en el formato provisto) en materiales de mercadeo, incluyendo su identificaci\u00f3n en el sitio web, o bien del modo que sea razonablemente necesario para cumplir con este Contrato. El presente Contrato se regir\u00e1 y se interpretar\u00e1 de acuerdo con las leyes del Estado de Nueva York, Estados Unidos, sin considerar los principios sobre conflictos de leyes. Este Contrato no se regir\u00e1 por la Convenci\u00f3n de las Naciones Unidas sobre Contratos para la Venta Internacional de Bienes, cuya aplicaci\u00f3n queda expresamente excluida. Las partes aceptan someterse a la jurisdicci\u00f3n exclusiva de los tribunales federales y estatales con asiento en el Condado de Nueva York (Nueva York). Este Contrato: (a) representa el acuerdo integral entre las partes y reemplaza a toda propuesta y dem\u00e1s comunicaciones verbales y escritas entre las partes; y (b) podr\u00e1 ser reformado o modificado exclusivamente mediante un instrumento por escrito firmado por cada parte. El hecho de que una de las partes omita exigir el cumplimiento de alguna cl\u00e1usula de este Contrato o renuncie a exigir que se subsane un incumplimiento en virtud de este Contrato no impedir\u00e1 que esa parte exija el cumplimiento posterior de esa cl\u00e1usula ni se entender\u00e1 como una renuncia a exigir que se subsane un incumplimiento posterior. Este Contrato fue negociado y firmado por las partes en idioma ingl\u00e9s. Si este Contrato fuera traducido a otro idioma, prevalecer\u00e1n las disposiciones de la versi\u00f3n en idioma ingl\u00e9s. Todas las notificaciones deber\u00e1n ser por escrito y deber\u00e1n enviarse por correo electr\u00f3nico, con solicitud de acuse de recibo, o mediante un servicio de mensajer\u00eda urgente a las respectivas direcciones que constan en el Formulario de Solicitud. Las notificaciones o los informes tendr\u00e1n efecto a partir de la entrega efectiva de los mismos, con la salvedad de que toda notificaci\u00f3n o informe enviado o que deba entregarse en una fecha que no sea un d\u00eda h\u00e1bil en Nueva York, EE. UU., se considerar\u00e1 que se entreg\u00f3 o se debe entregar el d\u00eda h\u00e1bil siguiente. Este Contrato podr\u00e1 ser firmado en varios ejemplares, incluyendo las copias enviadas por facs\u00edmil o medios electr\u00f3nicos. Cada uno de esos ejemplares se considerar\u00e1 un documento original y todos los ejemplares, en su conjunto, constituir\u00e1n un \u00fanico y mismo Contrato. Este Contrato no podr\u00e1 ser cedido por el Cliente sin el consentimiento previo y por escrito de la Compa\u00f1\u00eda, con la salvedad de que cualquiera de las partes podr\u00e1 ceder este Contrato a un sucesor ante la reorganizaci\u00f3n, fusi\u00f3n, consolidaci\u00f3n o venta de todas o pr\u00e1cticamente todas las acciones o los activos de dicha parte. Si un tribunal con competencia en materia de jurisdicci\u00f3n concluyese que alguna cl\u00e1usula de este Contrato es inexigible, el resto de las cl\u00e1usulas de este Contrato permanecer\u00e1 en plena vigencia.<\/p>\n<\/div>\n\t\t<\/div>\n\t\t\t\t\t<\/div>\n\n\t\n<\/div>\n\t\t<\/div>\n\n\t\t\n<style>\n#section_842297954 {\n  padding-top: 30px;\n  padding-bottom: 30px;\n}\n<\/style>\n\t<\/section>\n\t\n","protected":false},"excerpt":{"rendered":"","protected":false},"author":56,"featured_media":0,"parent":27214,"menu_order":0,"comment_status":"closed","ping_status":"closed","template":"","meta":{"footnotes":""},"class_list":["post-120218","page","type-page","status-publish","hentry"],"yoast_head":"<!-- This site is optimized with the Yoast SEO plugin v26.7 - https:\/\/yoast.com\/wordpress\/plugins\/seo\/ -->\n<title>Condiciones Legales efectivos hasta 31\/05\/2023 - Voxy<\/title>\n<meta name=\"description\" content=\"Caracter\u00edsticas de Voxy.\" \/>\n<meta name=\"robots\" content=\"noindex, nofollow\" \/>\n<meta property=\"og:locale\" content=\"es_ES\" \/>\n<meta property=\"og:type\" content=\"article\" \/>\n<meta property=\"og:title\" content=\"Condiciones Legales efectivos hasta 31\/05\/2023 - Voxy\" \/>\n<meta property=\"og:description\" content=\"Caracter\u00edsticas de Voxy.\" \/>\n<meta property=\"og:url\" content=\"https:\/\/voxy.com\/es\/condiciones-legales\/condiciones-legales-efectivos-hasta-31-05-2023\/\" \/>\n<meta property=\"og:site_name\" content=\"Voxy\" \/>\n<meta property=\"article:publisher\" content=\"https:\/\/www.facebook.com\/goVOXY\/\" \/>\n<meta property=\"article:modified_time\" content=\"2023-07-20T17:15:11+00:00\" \/>\n<meta name=\"twitter:card\" content=\"summary_large_image\" \/>\n<meta name=\"twitter:site\" content=\"@Voxy\" \/>\n<meta name=\"twitter:label1\" content=\"Tiempo de lectura\" \/>\n\t<meta name=\"twitter:data1\" content=\"13 minutos\" \/>\n<script type=\"application\/ld+json\" class=\"yoast-schema-graph\">{\"@context\":\"https:\/\/schema.org\",\"@graph\":[{\"@type\":\"WebPage\",\"@id\":\"https:\/\/voxy.com\/es\/condiciones-legales\/condiciones-legales-efectivos-hasta-31-05-2023\/\",\"url\":\"https:\/\/voxy.com\/es\/condiciones-legales\/condiciones-legales-efectivos-hasta-31-05-2023\/\",\"name\":\"Condiciones Legales efectivos hasta 31\/05\/2023 - Voxy\",\"isPartOf\":{\"@id\":\"https:\/\/voxy.com\/es\/#website\"},\"datePublished\":\"2023-07-17T20:31:24+00:00\",\"dateModified\":\"2023-07-20T17:15:11+00:00\",\"description\":\"Caracter\u00edsticas de Voxy.\",\"breadcrumb\":{\"@id\":\"https:\/\/voxy.com\/es\/condiciones-legales\/condiciones-legales-efectivos-hasta-31-05-2023\/#breadcrumb\"},\"inLanguage\":\"es\",\"potentialAction\":[{\"@type\":\"ReadAction\",\"target\":[\"https:\/\/voxy.com\/es\/condiciones-legales\/condiciones-legales-efectivos-hasta-31-05-2023\/\"]}]},{\"@type\":\"BreadcrumbList\",\"@id\":\"https:\/\/voxy.com\/es\/condiciones-legales\/condiciones-legales-efectivos-hasta-31-05-2023\/#breadcrumb\",\"itemListElement\":[{\"@type\":\"ListItem\",\"position\":1,\"name\":\"Home\",\"item\":\"https:\/\/voxy.com\/\"},{\"@type\":\"ListItem\",\"position\":2,\"name\":\"Condiciones Legales\",\"item\":\"https:\/\/voxy.com\/es\/condiciones-legales\/\"},{\"@type\":\"ListItem\",\"position\":3,\"name\":\"Condiciones Legales efectivos hasta 31\/05\/2023\"}]},{\"@type\":\"WebSite\",\"@id\":\"https:\/\/voxy.com\/es\/#website\",\"url\":\"https:\/\/voxy.com\/es\/\",\"name\":\"Voxy\",\"description\":\"Learn a language from life\",\"potentialAction\":[{\"@type\":\"SearchAction\",\"target\":{\"@type\":\"EntryPoint\",\"urlTemplate\":\"https:\/\/voxy.com\/es\/?s={search_term_string}\"},\"query-input\":{\"@type\":\"PropertyValueSpecification\",\"valueRequired\":true,\"valueName\":\"search_term_string\"}}],\"inLanguage\":\"es\"}]}<\/script>\n<!-- \/ Yoast SEO plugin. -->","yoast_head_json":{"title":"Condiciones Legales efectivos hasta 31\/05\/2023 - Voxy","description":"Caracter\u00edsticas de Voxy.","robots":{"index":"noindex","follow":"nofollow"},"og_locale":"es_ES","og_type":"article","og_title":"Condiciones Legales efectivos hasta 31\/05\/2023 - Voxy","og_description":"Caracter\u00edsticas de Voxy.","og_url":"https:\/\/voxy.com\/es\/condiciones-legales\/condiciones-legales-efectivos-hasta-31-05-2023\/","og_site_name":"Voxy","article_publisher":"https:\/\/www.facebook.com\/goVOXY\/","article_modified_time":"2023-07-20T17:15:11+00:00","twitter_card":"summary_large_image","twitter_site":"@Voxy","twitter_misc":{"Tiempo de lectura":"13 minutos"},"schema":{"@context":"https:\/\/schema.org","@graph":[{"@type":"WebPage","@id":"https:\/\/voxy.com\/es\/condiciones-legales\/condiciones-legales-efectivos-hasta-31-05-2023\/","url":"https:\/\/voxy.com\/es\/condiciones-legales\/condiciones-legales-efectivos-hasta-31-05-2023\/","name":"Condiciones Legales efectivos hasta 31\/05\/2023 - Voxy","isPartOf":{"@id":"https:\/\/voxy.com\/es\/#website"},"datePublished":"2023-07-17T20:31:24+00:00","dateModified":"2023-07-20T17:15:11+00:00","description":"Caracter\u00edsticas de Voxy.","breadcrumb":{"@id":"https:\/\/voxy.com\/es\/condiciones-legales\/condiciones-legales-efectivos-hasta-31-05-2023\/#breadcrumb"},"inLanguage":"es","potentialAction":[{"@type":"ReadAction","target":["https:\/\/voxy.com\/es\/condiciones-legales\/condiciones-legales-efectivos-hasta-31-05-2023\/"]}]},{"@type":"BreadcrumbList","@id":"https:\/\/voxy.com\/es\/condiciones-legales\/condiciones-legales-efectivos-hasta-31-05-2023\/#breadcrumb","itemListElement":[{"@type":"ListItem","position":1,"name":"Home","item":"https:\/\/voxy.com\/"},{"@type":"ListItem","position":2,"name":"Condiciones Legales","item":"https:\/\/voxy.com\/es\/condiciones-legales\/"},{"@type":"ListItem","position":3,"name":"Condiciones Legales efectivos hasta 31\/05\/2023"}]},{"@type":"WebSite","@id":"https:\/\/voxy.com\/es\/#website","url":"https:\/\/voxy.com\/es\/","name":"Voxy","description":"Learn a language from life","potentialAction":[{"@type":"SearchAction","target":{"@type":"EntryPoint","urlTemplate":"https:\/\/voxy.com\/es\/?s={search_term_string}"},"query-input":{"@type":"PropertyValueSpecification","valueRequired":true,"valueName":"search_term_string"}}],"inLanguage":"es"}]}},"_links":{"self":[{"href":"https:\/\/voxy.com\/es\/wp-json\/wp\/v2\/pages\/120218","targetHints":{"allow":["GET"]}}],"collection":[{"href":"https:\/\/voxy.com\/es\/wp-json\/wp\/v2\/pages"}],"about":[{"href":"https:\/\/voxy.com\/es\/wp-json\/wp\/v2\/types\/page"}],"author":[{"embeddable":true,"href":"https:\/\/voxy.com\/es\/wp-json\/wp\/v2\/users\/56"}],"replies":[{"embeddable":true,"href":"https:\/\/voxy.com\/es\/wp-json\/wp\/v2\/comments?post=120218"}],"version-history":[{"count":0,"href":"https:\/\/voxy.com\/es\/wp-json\/wp\/v2\/pages\/120218\/revisions"}],"up":[{"embeddable":true,"href":"https:\/\/voxy.com\/es\/wp-json\/wp\/v2\/pages\/27214"}],"wp:attachment":[{"href":"https:\/\/voxy.com\/es\/wp-json\/wp\/v2\/media?parent=120218"}],"curies":[{"name":"wp","href":"https:\/\/api.w.org\/{rel}","templated":true}]}}